{"id":869,"date":"2019-04-07T20:51:56","date_gmt":"2019-04-07T19:51:56","guid":{"rendered":"http:\/\/rninet-scrambler.com\/?page_id=869"},"modified":"2024-02-12T12:09:35","modified_gmt":"2024-02-12T11:09:35","slug":"2019-ohne-geld-und-papiere-tour","status":"publish","type":"page","link":"https:\/\/rninet-scrambler.com\/?page_id=869","title":{"rendered":"2019 &#8211; Ohne Geld und Papiere Tour"},"content":{"rendered":"<p>\u2026 Bei Landshut habe ich dann Geld im Notfallbeh\u00e4lter gefunden und f\u00fcr 11,01 Euro getankt. 5,5 Liter im Schnitt gebraucht. Ein Kaffee f\u00fcr 1 Euro war in Mainburg noch drin bis ich dann zuhause nochmal f\u00fcr 7,99 Euro getankt habe und dort satte 4,7 im Schnitt gebraucht habe&#8230;. geschafft!<\/p>\n<p>anbei die Tour \ud83d\ude42<\/p>\n<p><a href=\"https:\/\/m.calimoto.com\/t\/YDTefaTtCG\">https:\/\/m.calimoto.com\/t\/YDTefaTtCG<\/a><\/p>\n<p>&nbsp;<\/p>\n<p>Linke Hand zum Gru\u00df<br \/>\nEuer Jens<\/p>\n<p>\u2014\u2014<\/p>\n<p>www.RnineT-Scrambler.de<br \/>\nwww.RnineT-Scrambler.com<br \/>\nwww.F800GSonTour.de<br \/>\nwww.JensonTour.de<\/p>\n<p>#F800GSonTour #warumichmotorradfahre #BMWF800GS #F800GS<br \/>\n#RnineTScrambler #RnineT-Scrambler<br \/>\n#RnineT_Scrambler<\/p>\n","protected":false},"excerpt":{"rendered":"<p>\u2026 Bei Landshut habe ich dann Geld im Notfallbeh\u00e4lter gefunden und f\u00fcr 11,01 Euro getankt. 5,5 Liter im Schnitt gebraucht. Ein Kaffee f\u00fcr 1 Euro war in Mainburg noch drin bis ich dann zuhause nochmal f\u00fcr 7,99 Euro getankt habe und dort satte 4,7 im Schnitt gebraucht habe&#8230;. geschafft! anbei die Tour \ud83d\ude42 https:\/\/m.calimoto.com\/t\/YDTefaTtCG &nbsp; &hellip; <\/p>\n<p class=\"link-more\"><a href=\"https:\/\/rninet-scrambler.com\/?page_id=869\" class=\"more-link\"><span class=\"screen-reader-text\">\u201e2019 &#8211; Ohne Geld und Papiere Tour\u201c <\/span>weiterlesen<\/a><\/p>\n","protected":false},"author":1,"featured_media":0,"parent":331,"menu_order":0,"comment_status":"closed","ping_status":"closed","template":"","meta":{"jetpack_post_was_ever_published":false,"footnotes":""},"class_list":["post-869","page","type-page","status-publish","hentry"],"jetpack_likes_enabled":true,"jetpack_shortlink":"https:\/\/wp.me\/PdiVqQ-e1","jetpack_sharing_enabled":true,"_links":{"self":[{"href":"https:\/\/rninet-scrambler.com\/index.php?rest_route=\/wp\/v2\/pages\/869","targetHints":{"allow":["GET"]}}],"collection":[{"href":"https:\/\/rninet-scrambler.com\/index.php?rest_route=\/wp\/v2\/pages"}],"about":[{"href":"https:\/\/rninet-scrambler.com\/index.php?rest_route=\/wp\/v2\/types\/page"}],"author":[{"embeddable":true,"href":"https:\/\/rninet-scrambler.com\/index.php?rest_route=\/wp\/v2\/users\/1"}],"replies":[{"embeddable":true,"href":"https:\/\/rninet-scrambler.com\/index.php?rest_route=%2Fwp%2Fv2%2Fcomments&post=869"}],"version-history":[{"count":0,"href":"https:\/\/rninet-scrambler.com\/index.php?rest_route=\/wp\/v2\/pages\/869\/revisions"}],"up":[{"embeddable":true,"href":"https:\/\/rninet-scrambler.com\/index.php?rest_route=\/wp\/v2\/pages\/331"}],"wp:attachment":[{"href":"https:\/\/rninet-scrambler.com\/index.php?rest_route=%2Fwp%2Fv2%2Fmedia&parent=869"}],"curies":[{"name":"wp","href":"https:\/\/api.w.org\/{rel}","templated":true}]}}