{"id":449,"date":"2021-08-18T12:01:21","date_gmt":"2021-08-18T11:01:21","guid":{"rendered":"http:\/\/rninet-scrambler.com\/?page_id=449"},"modified":"2024-02-12T18:43:15","modified_gmt":"2024-02-12T17:43:15","slug":"videos-2019","status":"publish","type":"page","link":"https:\/\/rninet-scrambler.com\/?page_id=449","title":{"rendered":"Videos 2019"},"content":{"rendered":"<p>20190217 &#8211; Start aus dem Winterschlaf<\/p>\n<p><span class=\"embed-youtube\" style=\"text-align:center; display: block;\"><iframe loading=\"lazy\" class=\"youtube-player\" width=\"525\" height=\"296\" src=\"https:\/\/www.youtube.com\/embed\/DMFVtNOr56Y?version=3&#038;rel=1&#038;showsearch=0&#038;showinfo=1&#038;iv_load_policy=1&#038;fs=1&#038;hl=de-DE&#038;autohide=2&#038;wmode=transparent\" allowfullscreen=\"true\" style=\"border:0;\" sandbox=\"allow-scripts allow-same-origin allow-popups allow-presentation allow-popups-to-escape-sandbox\"><\/iframe><\/span><\/p>\n<p>20190601 &#8211; EifelMoselHunsr\u00fcckPf\u00e4lzerOdenwaldTour<\/p>\n<div class=\"wp-playlist wp-video-playlist wp-playlist-light\">\n\t\t<video controls=\"controls\" preload=\"none\" width=\"503\"\n\t\t height=\"277\"\t><\/video>\n\t<div class=\"wp-playlist-next\"><\/div>\n\t<div class=\"wp-playlist-prev\"><\/div>\n\t<noscript>\n\t<ol>\n\t\t<li><a href='https:\/\/rninet-scrambler.com\/wp-content\/uploads\/2021\/08\/20190601-EifelMoselHunsrueckPfaelzerOdenwaldTour.mp4'>20190601 - EifelMoselHunsr\u00fcckPf\u00e4lzerOdenwaldTour<\/a><\/li>\t<\/ol>\n\t<\/noscript>\n\t<script type=\"application\/json\" class=\"wp-playlist-script\">{\"type\":\"video\",\"tracklist\":true,\"tracknumbers\":true,\"images\":true,\"artists\":true,\"tracks\":[{\"src\":\"https:\/\/rninet-scrambler.com\/wp-content\/uploads\/2021\/08\/20190601-EifelMoselHunsrueckPfaelzerOdenwaldTour.mp4\",\"type\":\"video\/mp4\",\"title\":\"20190601 - EifelMoselHunsr\\u00fcckPf\\u00e4lzerOdenwaldTour\",\"caption\":\"20190601 - EifelMoselHunsr\\u00fcckPf\\u00e4lzerOdenwaldTour\",\"description\":\"20190601 - EifelMoselHunsr\\u00fcckPf\\u00e4lzerOdenwaldTour\",\"meta\":{\"length_formatted\":\"0:17\"},\"dimensions\":{\"original\":{\"width\":640,\"height\":352},\"resized\":{\"width\":503,\"height\":277}},\"image\":{\"src\":\"https:\/\/rninet-scrambler.com\/wp-includes\/images\/media\/video.svg\",\"width\":48,\"height\":64},\"thumb\":{\"src\":\"https:\/\/rninet-scrambler.com\/wp-includes\/images\/media\/video.svg\",\"width\":48,\"height\":64}}]}<\/script>\n<\/div>\n\t\n<p>20190602 &#8211; EifelMoselHunsr\u00fcckPf\u00e4lzerOdenwaldTour<\/p>\n<p><span class=\"embed-youtube\" style=\"text-align:center; display: block;\"><iframe loading=\"lazy\" class=\"youtube-player\" width=\"525\" height=\"296\" src=\"https:\/\/www.youtube.com\/embed\/FOpC9u82Jds?version=3&#038;rel=1&#038;showsearch=0&#038;showinfo=1&#038;iv_load_policy=1&#038;fs=1&#038;hl=de-DE&#038;autohide=2&#038;wmode=transparent\" allowfullscreen=\"true\" style=\"border:0;\" sandbox=\"allow-scripts allow-same-origin allow-popups allow-presentation allow-popups-to-escape-sandbox\"><\/iframe><\/span><\/p>\n<p><span class=\"embed-youtube\" style=\"text-align:center; display: block;\"><iframe loading=\"lazy\" class=\"youtube-player\" width=\"525\" height=\"296\" src=\"https:\/\/www.youtube.com\/embed\/1pmZqD9lj_E?version=3&#038;rel=1&#038;showsearch=0&#038;showinfo=1&#038;iv_load_policy=1&#038;fs=1&#038;hl=de-DE&#038;autohide=2&#038;wmode=transparent\" allowfullscreen=\"true\" style=\"border:0;\" sandbox=\"allow-scripts allow-same-origin allow-popups allow-presentation allow-popups-to-escape-sandbox\"><\/iframe><\/span><\/p>\n<p><span class=\"embed-youtube\" style=\"text-align:center; display: block;\"><iframe loading=\"lazy\" class=\"youtube-player\" width=\"525\" height=\"296\" src=\"https:\/\/www.youtube.com\/embed\/3JIH0tCHsN0?version=3&#038;rel=1&#038;showsearch=0&#038;showinfo=1&#038;iv_load_policy=1&#038;fs=1&#038;hl=de-DE&#038;autohide=2&#038;wmode=transparent\" allowfullscreen=\"true\" style=\"border:0;\" sandbox=\"allow-scripts allow-same-origin allow-popups allow-presentation allow-popups-to-escape-sandbox\"><\/iframe><\/span><\/p>\n<p><span class=\"embed-youtube\" style=\"text-align:center; display: block;\"><iframe loading=\"lazy\" class=\"youtube-player\" width=\"525\" height=\"296\" src=\"https:\/\/www.youtube.com\/embed\/mL492IpuPEg?version=3&#038;rel=1&#038;showsearch=0&#038;showinfo=1&#038;iv_load_policy=1&#038;fs=1&#038;hl=de-DE&#038;autohide=2&#038;wmode=transparent\" allowfullscreen=\"true\" style=\"border:0;\" sandbox=\"allow-scripts allow-same-origin allow-popups allow-presentation allow-popups-to-escape-sandbox\"><\/iframe><\/span><\/p>\n<p><span class=\"embed-youtube\" style=\"text-align:center; display: block;\"><iframe loading=\"lazy\" class=\"youtube-player\" width=\"525\" height=\"296\" src=\"https:\/\/www.youtube.com\/embed\/VWlPG004diU?version=3&#038;rel=1&#038;showsearch=0&#038;showinfo=1&#038;iv_load_policy=1&#038;fs=1&#038;hl=de-DE&#038;autohide=2&#038;wmode=transparent\" allowfullscreen=\"true\" style=\"border:0;\" sandbox=\"allow-scripts allow-same-origin allow-popups allow-presentation allow-popups-to-escape-sandbox\"><\/iframe><\/span><\/p>\n<p>&nbsp;<\/p>\n<p>&nbsp;<\/p>\n","protected":false},"excerpt":{"rendered":"<p>20190217 &#8211; Start aus dem Winterschlaf 20190601 &#8211; EifelMoselHunsr\u00fcckPf\u00e4lzerOdenwaldTour 20190602 &#8211; EifelMoselHunsr\u00fcckPf\u00e4lzerOdenwaldTour &nbsp; &nbsp;<\/p>\n","protected":false},"author":1,"featured_media":0,"parent":331,"menu_order":0,"comment_status":"closed","ping_status":"closed","template":"","meta":{"jetpack_post_was_ever_published":false,"footnotes":""},"class_list":["post-449","page","type-page","status-publish","hentry"],"jetpack_likes_enabled":true,"jetpack_shortlink":"https:\/\/wp.me\/PdiVqQ-7f","jetpack_sharing_enabled":true,"_links":{"self":[{"href":"https:\/\/rninet-scrambler.com\/index.php?rest_route=\/wp\/v2\/pages\/449","targetHints":{"allow":["GET"]}}],"collection":[{"href":"https:\/\/rninet-scrambler.com\/index.php?rest_route=\/wp\/v2\/pages"}],"about":[{"href":"https:\/\/rninet-scrambler.com\/index.php?rest_route=\/wp\/v2\/types\/page"}],"author":[{"embeddable":true,"href":"https:\/\/rninet-scrambler.com\/index.php?rest_route=\/wp\/v2\/users\/1"}],"replies":[{"embeddable":true,"href":"https:\/\/rninet-scrambler.com\/index.php?rest_route=%2Fwp%2Fv2%2Fcomments&post=449"}],"version-history":[{"count":0,"href":"https:\/\/rninet-scrambler.com\/index.php?rest_route=\/wp\/v2\/pages\/449\/revisions"}],"up":[{"embeddable":true,"href":"https:\/\/rninet-scrambler.com\/index.php?rest_route=\/wp\/v2\/pages\/331"}],"wp:attachment":[{"href":"https:\/\/rninet-scrambler.com\/index.php?rest_route=%2Fwp%2Fv2%2Fmedia&parent=449"}],"curies":[{"name":"wp","href":"https:\/\/api.w.org\/{rel}","templated":true}]}}