{"id":3375,"date":"2026-05-02T22:22:52","date_gmt":"2026-05-02T20:22:52","guid":{"rendered":"https:\/\/rninet-scrambler.com\/?page_id=3375"},"modified":"2026-05-04T19:27:02","modified_gmt":"2026-05-04T17:27:02","slug":"2026-mecklenburgische-seenplatte-friedland20k-tour","status":"publish","type":"page","link":"https:\/\/rninet-scrambler.com\/?page_id=3375","title":{"rendered":"2026 &#8211; Mecklenburgische Seenplatte Friedland20k Tour"},"content":{"rendered":"<p>Wetter stimmt und Zeit ist da, so habe ich mich nochmal auf die R9T<br \/>\ngesetzt und habe die Seeplatte von ihrer sch\u00f6nsten Seite gesehen.<\/p>\n<p>Danke Sabs f\u00fcr die Zeit und Danke Uwe f\u00fcrs Gegrillte!<\/p>\n<p class=\"jetpack-slideshow-noscript robots-nocontent\">Diese Diashow ben\u00f6tigt JavaScript.<\/p><div id=\"gallery-3375-1-slideshow\" class=\"jetpack-slideshow-window jetpack-slideshow jetpack-slideshow-black\" data-trans=\"fade\" data-autostart=\"1\" data-gallery=\"[{&quot;src&quot;:&quot;https:\\\/\\\/i0.wp.com\\\/rninet-scrambler.com\\\/wp-content\\\/uploads\\\/2026\\\/05\\\/IMG_5515-scaled.jpeg?fit=1920%2C2560\\u0026ssl=1&quot;,&quot;id&quot;:&quot;3340&quot;,&quot;title&quot;:&quot;IMG_5515&quot;,&quot;alt&quot;:&quot;20260502-Mecklenburgische Seenplatte Friedland20k Tour&quot;,&quot;caption&quot;:&quot;20260502-Mecklenburgische Seenplatte Friedland20k Tour&quot;,&quot;itemprop&quot;:&quot;image&quot;},{&quot;src&quot;:&quot;https:\\\/\\\/i0.wp.com\\\/rninet-scrambler.com\\\/wp-content\\\/uploads\\\/2026\\\/05\\\/IMG_5497-scaled.jpeg?fit=2560%2C1920\\u0026ssl=1&quot;,&quot;id&quot;:&quot;3324&quot;,&quot;title&quot;:&quot;IMG_5497&quot;,&quot;alt&quot;:&quot;20260502-Mecklenburgische Seenplatte Friedland20k Tour&quot;,&quot;caption&quot;:&quot;20260502-Mecklenburgische Seenplatte Friedland20k Tour&quot;,&quot;itemprop&quot;:&quot;image&quot;},{&quot;src&quot;:&quot;https:\\\/\\\/i0.wp.com\\\/rninet-scrambler.com\\\/wp-content\\\/uploads\\\/2026\\\/05\\\/IMG_5526-scaled.jpeg?fit=1920%2C2560\\u0026ssl=1&quot;,&quot;id&quot;:&quot;3349&quot;,&quot;title&quot;:&quot;IMG_5526&quot;,&quot;alt&quot;:&quot;20260502-Mecklenburgische Seenplatte Friedland20k Tour - Danke Uwe!&quot;,&quot;caption&quot;:&quot;20260502-Mecklenburgische Seenplatte Friedland20k Tour \\u0026#8211; Danke Uwe!&quot;,&quot;itemprop&quot;:&quot;image&quot;},{&quot;src&quot;:&quot;https:\\\/\\\/i0.wp.com\\\/rninet-scrambler.com\\\/wp-content\\\/uploads\\\/2026\\\/05\\\/IMG_5506-scaled.jpeg?fit=1920%2C2560\\u0026ssl=1&quot;,&quot;id&quot;:&quot;3331&quot;,&quot;title&quot;:&quot;IMG_5506&quot;,&quot;alt&quot;:&quot;20260502-Mecklenburgische Seenplatte Friedland20k Tour&quot;,&quot;caption&quot;:&quot;20260502-Mecklenburgische Seenplatte Friedland20k Tour&quot;,&quot;itemprop&quot;:&quot;image&quot;},{&quot;src&quot;:&quot;https:\\\/\\\/i0.wp.com\\\/rninet-scrambler.com\\\/wp-content\\\/uploads\\\/2026\\\/05\\\/IMG_5525-scaled.jpeg?fit=1920%2C2560\\u0026ssl=1&quot;,&quot;id&quot;:&quot;3347&quot;,&quot;title&quot;:&quot;IMG_5525&quot;,&quot;alt&quot;:&quot;20260502-Mecklenburgische Seenplatte Friedland20k Tour&quot;,&quot;caption&quot;:&quot;20260502-Mecklenburgische Seenplatte Friedland20k Tour&quot;,&quot;itemprop&quot;:&quot;image&quot;},{&quot;src&quot;:&quot;https:\\\/\\\/i0.wp.com\\\/rninet-scrambler.com\\\/wp-content\\\/uploads\\\/2026\\\/05\\\/IMG_5508-scaled.jpeg?fit=1920%2C2560\\u0026ssl=1&quot;,&quot;id&quot;:&quot;3333&quot;,&quot;title&quot;:&quot;IMG_5508&quot;,&quot;alt&quot;:&quot;20260502-Mecklenburgische Seenplatte Friedland20k Tour&quot;,&quot;caption&quot;:&quot;20260502-Mecklenburgische Seenplatte Friedland20k Tour&quot;,&quot;itemprop&quot;:&quot;image&quot;},{&quot;src&quot;:&quot;https:\\\/\\\/i0.wp.com\\\/rninet-scrambler.com\\\/wp-content\\\/uploads\\\/2026\\\/05\\\/IMG_5505-scaled.jpeg?fit=2560%2C1920\\u0026ssl=1&quot;,&quot;id&quot;:&quot;3330&quot;,&quot;title&quot;:&quot;IMG_5505&quot;,&quot;alt&quot;:&quot;20260502-Mecklenburgische Seenplatte Friedland20k Tour&quot;,&quot;caption&quot;:&quot;20260502-Mecklenburgische Seenplatte Friedland20k Tour&quot;,&quot;itemprop&quot;:&quot;image&quot;},{&quot;src&quot;:&quot;https:\\\/\\\/i0.wp.com\\\/rninet-scrambler.com\\\/wp-content\\\/uploads\\\/2026\\\/05\\\/IMG_5517-scaled.jpeg?fit=1920%2C2560\\u0026ssl=1&quot;,&quot;id&quot;:&quot;3342&quot;,&quot;title&quot;:&quot;IMG_5517&quot;,&quot;alt&quot;:&quot;20260502-Mecklenburgische Seenplatte Friedland20k Tour&quot;,&quot;caption&quot;:&quot;20260502-Mecklenburgische Seenplatte Friedland20k Tour&quot;,&quot;itemprop&quot;:&quot;image&quot;},{&quot;src&quot;:&quot;https:\\\/\\\/i0.wp.com\\\/rninet-scrambler.com\\\/wp-content\\\/uploads\\\/2026\\\/05\\\/Bildschirmfoto-2026-05-02-um-21.40.22-scaled.png?fit=2560%2C1021\\u0026ssl=1&quot;,&quot;id&quot;:&quot;3348&quot;,&quot;title&quot;:&quot;Bildschirmfoto 2026-05-02 um 21.40.22&quot;,&quot;alt&quot;:&quot;20260502-Mecklenburgische Seenplatte Friedland20k Tour&quot;,&quot;caption&quot;:&quot;20260502-Mecklenburgische Seenplatte Friedland20k Tour&quot;,&quot;itemprop&quot;:&quot;image&quot;},{&quot;src&quot;:&quot;https:\\\/\\\/i0.wp.com\\\/rninet-scrambler.com\\\/wp-content\\\/uploads\\\/2026\\\/05\\\/IMG_5499-scaled.jpeg?fit=1920%2C2560\\u0026ssl=1&quot;,&quot;id&quot;:&quot;3326&quot;,&quot;title&quot;:&quot;IMG_5499&quot;,&quot;alt&quot;:&quot;20260502-Mecklenburgische Seenplatte Friedland20k Tour&quot;,&quot;caption&quot;:&quot;20260502-Mecklenburgische Seenplatte Friedland20k Tour&quot;,&quot;itemprop&quot;:&quot;image&quot;},{&quot;src&quot;:&quot;https:\\\/\\\/i0.wp.com\\\/rninet-scrambler.com\\\/wp-content\\\/uploads\\\/2026\\\/05\\\/IMG_5504-scaled.jpeg?fit=2560%2C1920\\u0026ssl=1&quot;,&quot;id&quot;:&quot;3329&quot;,&quot;title&quot;:&quot;IMG_5504&quot;,&quot;alt&quot;:&quot;20260502-Mecklenburgische Seenplatte Friedland20k Tour&quot;,&quot;caption&quot;:&quot;20260502-Mecklenburgische Seenplatte Friedland20k Tour&quot;,&quot;itemprop&quot;:&quot;image&quot;},{&quot;src&quot;:&quot;https:\\\/\\\/i0.wp.com\\\/rninet-scrambler.com\\\/wp-content\\\/uploads\\\/2026\\\/05\\\/IMG_5511-scaled.jpeg?fit=1920%2C2560\\u0026ssl=1&quot;,&quot;id&quot;:&quot;3336&quot;,&quot;title&quot;:&quot;IMG_5511&quot;,&quot;alt&quot;:&quot;20260502-Mecklenburgische Seenplatte Friedland20k Tour&quot;,&quot;caption&quot;:&quot;20260502-Mecklenburgische Seenplatte Friedland20k Tour&quot;,&quot;itemprop&quot;:&quot;image&quot;},{&quot;src&quot;:&quot;https:\\\/\\\/i0.wp.com\\\/rninet-scrambler.com\\\/wp-content\\\/uploads\\\/2026\\\/05\\\/IMG_5516-scaled.jpeg?fit=1920%2C2560\\u0026ssl=1&quot;,&quot;id&quot;:&quot;3341&quot;,&quot;title&quot;:&quot;IMG_5516&quot;,&quot;alt&quot;:&quot;20260502-Mecklenburgische Seenplatte Friedland20k Tour&quot;,&quot;caption&quot;:&quot;20260502-Mecklenburgische Seenplatte Friedland20k Tour&quot;,&quot;itemprop&quot;:&quot;image&quot;},{&quot;src&quot;:&quot;https:\\\/\\\/i0.wp.com\\\/rninet-scrambler.com\\\/wp-content\\\/uploads\\\/2026\\\/05\\\/IMG_5510-scaled.jpeg?fit=1920%2C2560\\u0026ssl=1&quot;,&quot;id&quot;:&quot;3335&quot;,&quot;title&quot;:&quot;IMG_5510&quot;,&quot;alt&quot;:&quot;20260502-Mecklenburgische Seenplatte Friedland20k Tour&quot;,&quot;caption&quot;:&quot;20260502-Mecklenburgische Seenplatte Friedland20k Tour&quot;,&quot;itemprop&quot;:&quot;image&quot;},{&quot;src&quot;:&quot;https:\\\/\\\/i0.wp.com\\\/rninet-scrambler.com\\\/wp-content\\\/uploads\\\/2026\\\/05\\\/IMG_5498-scaled.jpeg?fit=1920%2C2560\\u0026ssl=1&quot;,&quot;id&quot;:&quot;3325&quot;,&quot;title&quot;:&quot;IMG_5498&quot;,&quot;alt&quot;:&quot;20260502-Mecklenburgische Seenplatte Friedland20k Tour&quot;,&quot;caption&quot;:&quot;20260502-Mecklenburgische Seenplatte Friedland20k Tour&quot;,&quot;itemprop&quot;:&quot;image&quot;},{&quot;src&quot;:&quot;https:\\\/\\\/i0.wp.com\\\/rninet-scrambler.com\\\/wp-content\\\/uploads\\\/2026\\\/05\\\/IMG_5514-scaled.jpeg?fit=1920%2C2560\\u0026ssl=1&quot;,&quot;id&quot;:&quot;3339&quot;,&quot;title&quot;:&quot;IMG_5514&quot;,&quot;alt&quot;:&quot;20260502-Mecklenburgische Seenplatte Friedland20k Tour&quot;,&quot;caption&quot;:&quot;20260502-Mecklenburgische Seenplatte Friedland20k Tour&quot;,&quot;itemprop&quot;:&quot;image&quot;},{&quot;src&quot;:&quot;https:\\\/\\\/i0.wp.com\\\/rninet-scrambler.com\\\/wp-content\\\/uploads\\\/2026\\\/05\\\/IMG_5513-scaled.jpeg?fit=2560%2C1920\\u0026ssl=1&quot;,&quot;id&quot;:&quot;3338&quot;,&quot;title&quot;:&quot;IMG_5513&quot;,&quot;alt&quot;:&quot;20260502-Mecklenburgische Seenplatte Friedland20k Tour&quot;,&quot;caption&quot;:&quot;20260502-Mecklenburgische Seenplatte Friedland20k Tour&quot;,&quot;itemprop&quot;:&quot;image&quot;},{&quot;src&quot;:&quot;https:\\\/\\\/i0.wp.com\\\/rninet-scrambler.com\\\/wp-content\\\/uploads\\\/2026\\\/05\\\/IMG_5522-scaled.jpeg?fit=1920%2C2560\\u0026ssl=1&quot;,&quot;id&quot;:&quot;3344&quot;,&quot;title&quot;:&quot;IMG_5522&quot;,&quot;alt&quot;:&quot;20260502-Mecklenburgische Seenplatte Friedland20k Tour&quot;,&quot;caption&quot;:&quot;20260502-Mecklenburgische Seenplatte Friedland20k Tour&quot;,&quot;itemprop&quot;:&quot;image&quot;},{&quot;src&quot;:&quot;https:\\\/\\\/i0.wp.com\\\/rninet-scrambler.com\\\/wp-content\\\/uploads\\\/2026\\\/05\\\/IMG_5512-scaled.jpeg?fit=2560%2C1920\\u0026ssl=1&quot;,&quot;id&quot;:&quot;3337&quot;,&quot;title&quot;:&quot;IMG_5512&quot;,&quot;alt&quot;:&quot;20260502-Mecklenburgische Seenplatte Friedland20k Tour&quot;,&quot;caption&quot;:&quot;20260502-Mecklenburgische Seenplatte Friedland20k Tour&quot;,&quot;itemprop&quot;:&quot;image&quot;},{&quot;src&quot;:&quot;https:\\\/\\\/i0.wp.com\\\/rninet-scrambler.com\\\/wp-content\\\/uploads\\\/2026\\\/05\\\/IMG_5503-scaled.jpeg?fit=2560%2C1920\\u0026ssl=1&quot;,&quot;id&quot;:&quot;3328&quot;,&quot;title&quot;:&quot;IMG_5503&quot;,&quot;alt&quot;:&quot;20260502-Mecklenburgische Seenplatte Friedland20k Tour&quot;,&quot;caption&quot;:&quot;20260502-Mecklenburgische Seenplatte Friedland20k Tour&quot;,&quot;itemprop&quot;:&quot;image&quot;},{&quot;src&quot;:&quot;https:\\\/\\\/i0.wp.com\\\/rninet-scrambler.com\\\/wp-content\\\/uploads\\\/2026\\\/05\\\/IMG_5507-scaled.jpeg?fit=1920%2C2560\\u0026ssl=1&quot;,&quot;id&quot;:&quot;3332&quot;,&quot;title&quot;:&quot;IMG_5507&quot;,&quot;alt&quot;:&quot;20260502-Mecklenburgische Seenplatte Friedland20k Tour&quot;,&quot;caption&quot;:&quot;20260502-Mecklenburgische Seenplatte Friedland20k Tour&quot;,&quot;itemprop&quot;:&quot;image&quot;},{&quot;src&quot;:&quot;https:\\\/\\\/i0.wp.com\\\/rninet-scrambler.com\\\/wp-content\\\/uploads\\\/2026\\\/05\\\/IMG_5518-scaled.jpeg?fit=1920%2C2560\\u0026ssl=1&quot;,&quot;id&quot;:&quot;3343&quot;,&quot;title&quot;:&quot;IMG_5518&quot;,&quot;alt&quot;:&quot;20260502-Mecklenburgische Seenplatte Friedland20k Tour&quot;,&quot;caption&quot;:&quot;20260502-Mecklenburgische Seenplatte Friedland20k Tour&quot;,&quot;itemprop&quot;:&quot;image&quot;},{&quot;src&quot;:&quot;https:\\\/\\\/i0.wp.com\\\/rninet-scrambler.com\\\/wp-content\\\/uploads\\\/2026\\\/05\\\/IMG_5502-scaled.jpeg?fit=1920%2C2560\\u0026ssl=1&quot;,&quot;id&quot;:&quot;3327&quot;,&quot;title&quot;:&quot;IMG_5502&quot;,&quot;alt&quot;:&quot;20260502-Mecklenburgische Seenplatte Friedland20k Tour&quot;,&quot;caption&quot;:&quot;20260502-Mecklenburgische Seenplatte Friedland20k Tour&quot;,&quot;itemprop&quot;:&quot;image&quot;},{&quot;src&quot;:&quot;https:\\\/\\\/i0.wp.com\\\/rninet-scrambler.com\\\/wp-content\\\/uploads\\\/2026\\\/05\\\/IMG_5509-scaled.jpeg?fit=1920%2C2560\\u0026ssl=1&quot;,&quot;id&quot;:&quot;3334&quot;,&quot;title&quot;:&quot;IMG_5509&quot;,&quot;alt&quot;:&quot;20260502-Mecklenburgische Seenplatte Friedland20k Tour&quot;,&quot;caption&quot;:&quot;20260502-Mecklenburgische Seenplatte Friedland20k Tour&quot;,&quot;itemprop&quot;:&quot;image&quot;}]\" itemscope itemtype=\"https:\/\/schema.org\/ImageGallery\"><\/div>\n<p>Linke Hand zum Gru\u00df<br \/>\nJens<\/p>\n<p>\u2014\u2014<\/p>\n<p><a href=\"http:\/\/www.rninet-scrambler.de\/\" target=\"_blank\" rel=\"noopener noreferrer\" data-saferedirecturl=\"https:\/\/www.google.com\/url?q=http:\/\/www.RnineT-Scrambler.de&amp;source=gmail&amp;ust=1778001512128000&amp;usg=AOvVaw17FWVnkyZnO7SKKAybUIcc\">www.RnineT-Scrambler.de<\/a><br \/>\n<a href=\"http:\/\/www.rninet-scrambler.com\/\" target=\"_blank\" rel=\"noopener noreferrer\" data-saferedirecturl=\"https:\/\/www.google.com\/url?q=http:\/\/www.RnineT-Scrambler.com&amp;source=gmail&amp;ust=1778001512128000&amp;usg=AOvVaw1aViUuRNXatv4rxG_np_wW\">www.RnineT-Scrambler.com<\/a><br \/>\n<a href=\"http:\/\/www.f800gsontour.de\/\" target=\"_blank\" rel=\"noopener noreferrer\" data-saferedirecturl=\"https:\/\/www.google.com\/url?q=http:\/\/www.F800GSonTour.de&amp;source=gmail&amp;ust=1778001512128000&amp;usg=AOvVaw1ync2NpRsWj9qAwOQyyPq1\">www.F800GSonTour.de<\/a><br \/>\n<a href=\"http:\/\/www.jensontour.de\/\" target=\"_blank\" rel=\"noopener noreferrer\" data-saferedirecturl=\"https:\/\/www.google.com\/url?q=http:\/\/www.JensonTour.de&amp;source=gmail&amp;ust=1778001512128000&amp;usg=AOvVaw3Tepy6m4D7rbNg_f3M1wh7\">www.JensonTour.de<\/a><\/p>\n<p>#F800GSonTour #warumichmotorradfahre #BMWF800GS #F800GS<br \/>\n#RnineTScrambler\u00a0 \u00a0#RnineT-Scrambler<span style=\"color: #888888;\"><br \/>\n#RnineT_Scrambler<\/span><\/p>\n","protected":false},"excerpt":{"rendered":"<p>Wetter stimmt und Zeit ist da, so habe ich mich nochmal auf die R9T gesetzt und habe die Seeplatte von ihrer sch\u00f6nsten Seite gesehen. Danke Sabs f\u00fcr die Zeit und Danke Uwe f\u00fcrs Gegrillte! Linke Hand zum Gru\u00df Jens \u2014\u2014 www.RnineT-Scrambler.de www.RnineT-Scrambler.com www.F800GSonTour.de www.JensonTour.de #F800GSonTour #warumichmotorradfahre #BMWF800GS #F800GS #RnineTScrambler\u00a0 \u00a0#RnineT-Scrambler #RnineT_Scrambler<\/p>\n","protected":false},"author":1,"featured_media":0,"parent":3138,"menu_order":0,"comment_status":"closed","ping_status":"closed","template":"","meta":{"jetpack_post_was_ever_published":false,"footnotes":""},"class_list":["post-3375","page","type-page","status-publish","hentry"],"jetpack_likes_enabled":true,"jetpack_shortlink":"https:\/\/wp.me\/PdiVqQ-Sr","jetpack_sharing_enabled":true,"_links":{"self":[{"href":"https:\/\/rninet-scrambler.com\/index.php?rest_route=\/wp\/v2\/pages\/3375","targetHints":{"allow":["GET"]}}],"collection":[{"href":"https:\/\/rninet-scrambler.com\/index.php?rest_route=\/wp\/v2\/pages"}],"about":[{"href":"https:\/\/rninet-scrambler.com\/index.php?rest_route=\/wp\/v2\/types\/page"}],"author":[{"embeddable":true,"href":"https:\/\/rninet-scrambler.com\/index.php?rest_route=\/wp\/v2\/users\/1"}],"replies":[{"embeddable":true,"href":"https:\/\/rninet-scrambler.com\/index.php?rest_route=%2Fwp%2Fv2%2Fcomments&post=3375"}],"version-history":[{"count":1,"href":"https:\/\/rninet-scrambler.com\/index.php?rest_route=\/wp\/v2\/pages\/3375\/revisions"}],"predecessor-version":[{"id":3376,"href":"https:\/\/rninet-scrambler.com\/index.php?rest_route=\/wp\/v2\/pages\/3375\/revisions\/3376"}],"up":[{"embeddable":true,"href":"https:\/\/rninet-scrambler.com\/index.php?rest_route=\/wp\/v2\/pages\/3138"}],"wp:attachment":[{"href":"https:\/\/rninet-scrambler.com\/index.php?rest_route=%2Fwp%2Fv2%2Fmedia&parent=3375"}],"curies":[{"name":"wp","href":"https:\/\/api.w.org\/{rel}","templated":true}]}}