{"id":3373,"date":"2026-05-01T22:22:35","date_gmt":"2026-05-01T20:22:35","guid":{"rendered":"https:\/\/rninet-scrambler.com\/?page_id=3373"},"modified":"2026-05-04T19:26:37","modified_gmt":"2026-05-04T17:26:37","slug":"2026-wirr-und-ohne-plan-nach-burg-auf-fehmarn","status":"publish","type":"page","link":"https:\/\/rninet-scrambler.com\/?page_id=3373","title":{"rendered":"2026 &#8211; Wirr und ohne Plan nach Burg auf Fehmarn"},"content":{"rendered":"<p>Moin,<\/p>\n<p>lange ist es her, dass ich die Zeit hatte, eine Tour zu fahren. Habe<br \/>\nmich in der neuen Heimat umgeschaut und mich f\u00fcr die Insel Fehmarn<br \/>\nentschieden. Sch\u00f6n \u00fcber die Bundesstra\u00dfen, Kreis- und Landstra\u00dfen nach<br \/>\nBurg auf Fehmarn und wieder zur\u00fcck.<\/p>\n<p class=\"jetpack-slideshow-noscript robots-nocontent\">Diese Diashow ben\u00f6tigt JavaScript.<\/p><div id=\"gallery-3373-1-slideshow\" class=\"jetpack-slideshow-window jetpack-slideshow jetpack-slideshow-black\" data-trans=\"fade\" data-autostart=\"1\" data-gallery=\"[{&quot;src&quot;:&quot;https:\\\/\\\/i0.wp.com\\\/rninet-scrambler.com\\\/wp-content\\\/uploads\\\/2026\\\/05\\\/IMG_5479-scaled.jpeg?fit=1920%2C2560\\u0026ssl=1&quot;,&quot;id&quot;:&quot;3320&quot;,&quot;title&quot;:&quot;20260501-Wirr und ohne Plan nach Burg auf Fehmarn&quot;,&quot;alt&quot;:&quot;20260501-Wirr und ohne Plan nach Burg auf Fehmarn&quot;,&quot;caption&quot;:&quot;20260501-Wirr und ohne Plan nach Burg auf Fehmarn&quot;,&quot;itemprop&quot;:&quot;image&quot;},{&quot;src&quot;:&quot;https:\\\/\\\/i0.wp.com\\\/rninet-scrambler.com\\\/wp-content\\\/uploads\\\/2026\\\/05\\\/IMG_5485-scaled.jpeg?fit=1920%2C2560\\u0026ssl=1&quot;,&quot;id&quot;:&quot;3322&quot;,&quot;title&quot;:&quot;20260501-Wirr und ohne Plan nach Burg auf Fehmarn&quot;,&quot;alt&quot;:&quot;20260501-Wirr und ohne Plan nach Burg auf Fehmarn&quot;,&quot;caption&quot;:&quot;20260501-Wirr und ohne Plan nach Burg auf Fehmarn&quot;,&quot;itemprop&quot;:&quot;image&quot;},{&quot;src&quot;:&quot;https:\\\/\\\/i0.wp.com\\\/rninet-scrambler.com\\\/wp-content\\\/uploads\\\/2026\\\/05\\\/IMG_5487-scaled.jpeg?fit=2560%2C1920\\u0026ssl=1&quot;,&quot;id&quot;:&quot;3311&quot;,&quot;title&quot;:&quot;IMG_5487&quot;,&quot;alt&quot;:&quot;20260501-Wirr und ohne Plan nach Burg auf Fehmarn&quot;,&quot;caption&quot;:&quot;20260501-Wirr und ohne Plan nach Burg auf Fehmarn&quot;,&quot;itemprop&quot;:&quot;image&quot;},{&quot;src&quot;:&quot;https:\\\/\\\/i0.wp.com\\\/rninet-scrambler.com\\\/wp-content\\\/uploads\\\/2026\\\/05\\\/IMG_5480-scaled.jpeg?fit=2560%2C1920\\u0026ssl=1&quot;,&quot;id&quot;:&quot;3321&quot;,&quot;title&quot;:&quot;20260501-Wirr und ohne Plan nach Burg auf Fehmarn&quot;,&quot;alt&quot;:&quot;20260501-Wirr und ohne Plan nach Burg auf Fehmarn&quot;,&quot;caption&quot;:&quot;20260501-Wirr und ohne Plan nach Burg auf Fehmarn&quot;,&quot;itemprop&quot;:&quot;image&quot;},{&quot;src&quot;:&quot;https:\\\/\\\/i0.wp.com\\\/rninet-scrambler.com\\\/wp-content\\\/uploads\\\/2026\\\/05\\\/DJI_0003-scaled.jpg?fit=2560%2C1440\\u0026ssl=1&quot;,&quot;id&quot;:&quot;3313&quot;,&quot;title&quot;:&quot;20260501-Wirr und ohne Plan nach Burg auf Fehmarn&quot;,&quot;alt&quot;:&quot;20260501-Wirr und ohne Plan nach Burg auf Fehmarn&quot;,&quot;caption&quot;:&quot;20260501-Wirr und ohne Plan nach Burg auf Fehmarn&quot;,&quot;itemprop&quot;:&quot;image&quot;},{&quot;src&quot;:&quot;https:\\\/\\\/i0.wp.com\\\/rninet-scrambler.com\\\/wp-content\\\/uploads\\\/2026\\\/05\\\/Bild-01.05.26-um-18.41.jpeg?fit=2316%2C1600\\u0026ssl=1&quot;,&quot;id&quot;:&quot;3312&quot;,&quot;title&quot;:&quot;Bild 01.05.26 um 18.41&quot;,&quot;alt&quot;:&quot;20260501-Wirr und ohne Plan nach Burg auf Fehmarn&quot;,&quot;caption&quot;:&quot;20260501-Wirr und ohne Plan nach Burg auf Fehmarn&quot;,&quot;itemprop&quot;:&quot;image&quot;},{&quot;src&quot;:&quot;https:\\\/\\\/i0.wp.com\\\/rninet-scrambler.com\\\/wp-content\\\/uploads\\\/2026\\\/05\\\/IMG_5478-scaled.jpeg?fit=2560%2C1920\\u0026ssl=1&quot;,&quot;id&quot;:&quot;3319&quot;,&quot;title&quot;:&quot;20260501-Wirr und ohne Plan nach Burg auf Fehmarn&quot;,&quot;alt&quot;:&quot;20260501-Wirr und ohne Plan nach Burg auf Fehmarn&quot;,&quot;caption&quot;:&quot;20260501-Wirr und ohne Plan nach Burg auf Fehmarn&quot;,&quot;itemprop&quot;:&quot;image&quot;},{&quot;src&quot;:&quot;https:\\\/\\\/i0.wp.com\\\/rninet-scrambler.com\\\/wp-content\\\/uploads\\\/2026\\\/05\\\/DJI_0004-scaled.jpg?fit=2560%2C1440\\u0026ssl=1&quot;,&quot;id&quot;:&quot;3314&quot;,&quot;title&quot;:&quot;20260501-Wirr und ohne Plan nach Burg auf Fehmarn&quot;,&quot;alt&quot;:&quot;20260501-Wirr und ohne Plan nach Burg auf Fehmarn&quot;,&quot;caption&quot;:&quot;20260501-Wirr und ohne Plan nach Burg auf Fehmarn&quot;,&quot;itemprop&quot;:&quot;image&quot;},{&quot;src&quot;:&quot;https:\\\/\\\/i0.wp.com\\\/rninet-scrambler.com\\\/wp-content\\\/uploads\\\/2026\\\/05\\\/DJI_0006-scaled.jpg?fit=2560%2C1440\\u0026ssl=1&quot;,&quot;id&quot;:&quot;3316&quot;,&quot;title&quot;:&quot;20260501-Wirr und ohne Plan nach Burg auf Fehmarn&quot;,&quot;alt&quot;:&quot;20260501-Wirr und ohne Plan nach Burg auf Fehmarn&quot;,&quot;caption&quot;:&quot;20260501-Wirr und ohne Plan nach Burg auf Fehmarn&quot;,&quot;itemprop&quot;:&quot;image&quot;},{&quot;src&quot;:&quot;https:\\\/\\\/i0.wp.com\\\/rninet-scrambler.com\\\/wp-content\\\/uploads\\\/2026\\\/05\\\/DJI_0008-scaled.jpg?fit=2560%2C1440\\u0026ssl=1&quot;,&quot;id&quot;:&quot;3318&quot;,&quot;title&quot;:&quot;20260501-Wirr und ohne Plan nach Burg auf Fehmarn&quot;,&quot;alt&quot;:&quot;20260501-Wirr und ohne Plan nach Burg auf Fehmarn&quot;,&quot;caption&quot;:&quot;20260501-Wirr und ohne Plan nach Burg auf Fehmarn&quot;,&quot;itemprop&quot;:&quot;image&quot;},{&quot;src&quot;:&quot;https:\\\/\\\/i0.wp.com\\\/rninet-scrambler.com\\\/wp-content\\\/uploads\\\/2026\\\/05\\\/DJI_0005-scaled.jpg?fit=2560%2C1440\\u0026ssl=1&quot;,&quot;id&quot;:&quot;3315&quot;,&quot;title&quot;:&quot;20260501-Wirr und ohne Plan nach Burg auf Fehmarn&quot;,&quot;alt&quot;:&quot;20260501-Wirr und ohne Plan nach Burg auf Fehmarn&quot;,&quot;caption&quot;:&quot;20260501-Wirr und ohne Plan nach Burg auf Fehmarn&quot;,&quot;itemprop&quot;:&quot;image&quot;},{&quot;src&quot;:&quot;https:\\\/\\\/i0.wp.com\\\/rninet-scrambler.com\\\/wp-content\\\/uploads\\\/2026\\\/05\\\/IMG_5486-scaled.jpeg?fit=1920%2C2560\\u0026ssl=1&quot;,&quot;id&quot;:&quot;3323&quot;,&quot;title&quot;:&quot;20260501-Wirr und ohne Plan nach Burg auf Fehmarn&quot;,&quot;alt&quot;:&quot;20260501-Wirr und ohne Plan nach Burg auf Fehmarn&quot;,&quot;caption&quot;:&quot;20260501-Wirr und ohne Plan nach Burg auf Fehmarn&quot;,&quot;itemprop&quot;:&quot;image&quot;},{&quot;src&quot;:&quot;https:\\\/\\\/i0.wp.com\\\/rninet-scrambler.com\\\/wp-content\\\/uploads\\\/2026\\\/05\\\/DJI_0007-scaled.jpg?fit=2560%2C1440\\u0026ssl=1&quot;,&quot;id&quot;:&quot;3317&quot;,&quot;title&quot;:&quot;20260501-Wirr und ohne Plan nach Burg auf Fehmarn&quot;,&quot;alt&quot;:&quot;20260501-Wirr und ohne Plan nach Burg auf Fehmarn&quot;,&quot;caption&quot;:&quot;20260501-Wirr und ohne Plan nach Burg auf Fehmarn&quot;,&quot;itemprop&quot;:&quot;image&quot;}]\" itemscope itemtype=\"https:\/\/schema.org\/ImageGallery\"><\/div>\n<p>Linke Hand zum Gru\u00df<br \/>\nJens<\/p>\n<p>\u2014\u2014<\/p>\n<p><a href=\"http:\/\/www.rninet-scrambler.de\/\" target=\"_blank\" rel=\"noopener noreferrer\" data-saferedirecturl=\"https:\/\/www.google.com\/url?q=http:\/\/www.RnineT-Scrambler.de&amp;source=gmail&amp;ust=1778001513140000&amp;usg=AOvVaw1nb9NkLVW3dcYX4vBcPvHx\">www.RnineT-Scrambler.de<\/a><br \/>\n<a href=\"http:\/\/www.rninet-scrambler.com\/\" target=\"_blank\" rel=\"noopener noreferrer\" data-saferedirecturl=\"https:\/\/www.google.com\/url?q=http:\/\/www.RnineT-Scrambler.com&amp;source=gmail&amp;ust=1778001513140000&amp;usg=AOvVaw0jpd45419E296PId_r9QhE\">www.RnineT-Scrambler.com<\/a><br \/>\n<a href=\"http:\/\/www.f800gsontour.de\/\" target=\"_blank\" rel=\"noopener noreferrer\" data-saferedirecturl=\"https:\/\/www.google.com\/url?q=http:\/\/www.F800GSonTour.de&amp;source=gmail&amp;ust=1778001513140000&amp;usg=AOvVaw1-U3mNpq8kosoKo6fiANiy\">www.F800GSonTour.de<\/a><br \/>\n<a href=\"http:\/\/www.jensontour.de\/\" target=\"_blank\" rel=\"noopener noreferrer\" data-saferedirecturl=\"https:\/\/www.google.com\/url?q=http:\/\/www.JensonTour.de&amp;source=gmail&amp;ust=1778001513140000&amp;usg=AOvVaw1fZ6CyvNxnpCEEoRBRVGIC\">www.JensonTour.de<\/a><br \/>\nwww.Biertz.Bike<\/p>\n<p>#F800GSonTour #warumichmotorradfahre #BMWF800GS #F800GS<br \/>\n#RnineTScrambler\u00a0 \u00a0#RnineT-Scrambler<span style=\"color: #888888;\"><br \/>\n#RnineT_Scrambler<\/span><\/p>\n","protected":false},"excerpt":{"rendered":"<p>Moin, lange ist es her, dass ich die Zeit hatte, eine Tour zu fahren. Habe mich in der neuen Heimat umgeschaut und mich f\u00fcr die Insel Fehmarn entschieden. Sch\u00f6n \u00fcber die Bundesstra\u00dfen, Kreis- und Landstra\u00dfen nach Burg auf Fehmarn und wieder zur\u00fcck. Linke Hand zum Gru\u00df Jens \u2014\u2014 www.RnineT-Scrambler.de www.RnineT-Scrambler.com www.F800GSonTour.de www.JensonTour.de www.Biertz.Bike #F800GSonTour #warumichmotorradfahre &hellip; <\/p>\n<p class=\"link-more\"><a href=\"https:\/\/rninet-scrambler.com\/?page_id=3373\" class=\"more-link\"><span class=\"screen-reader-text\">\u201e2026 &#8211; Wirr und ohne Plan nach Burg auf Fehmarn\u201c <\/span>weiterlesen<\/a><\/p>\n","protected":false},"author":1,"featured_media":0,"parent":3138,"menu_order":0,"comment_status":"closed","ping_status":"closed","template":"","meta":{"jetpack_post_was_ever_published":false,"footnotes":""},"class_list":["post-3373","page","type-page","status-publish","hentry"],"jetpack_likes_enabled":true,"jetpack_shortlink":"https:\/\/wp.me\/PdiVqQ-Sp","jetpack_sharing_enabled":true,"_links":{"self":[{"href":"https:\/\/rninet-scrambler.com\/index.php?rest_route=\/wp\/v2\/pages\/3373","targetHints":{"allow":["GET"]}}],"collection":[{"href":"https:\/\/rninet-scrambler.com\/index.php?rest_route=\/wp\/v2\/pages"}],"about":[{"href":"https:\/\/rninet-scrambler.com\/index.php?rest_route=\/wp\/v2\/types\/page"}],"author":[{"embeddable":true,"href":"https:\/\/rninet-scrambler.com\/index.php?rest_route=\/wp\/v2\/users\/1"}],"replies":[{"embeddable":true,"href":"https:\/\/rninet-scrambler.com\/index.php?rest_route=%2Fwp%2Fv2%2Fcomments&post=3373"}],"version-history":[{"count":1,"href":"https:\/\/rninet-scrambler.com\/index.php?rest_route=\/wp\/v2\/pages\/3373\/revisions"}],"predecessor-version":[{"id":3374,"href":"https:\/\/rninet-scrambler.com\/index.php?rest_route=\/wp\/v2\/pages\/3373\/revisions\/3374"}],"up":[{"embeddable":true,"href":"https:\/\/rninet-scrambler.com\/index.php?rest_route=\/wp\/v2\/pages\/3138"}],"wp:attachment":[{"href":"https:\/\/rninet-scrambler.com\/index.php?rest_route=%2Fwp%2Fv2%2Fmedia&parent=3373"}],"curies":[{"name":"wp","href":"https:\/\/api.w.org\/{rel}","templated":true}]}}