{"id":3207,"date":"2025-11-22T09:52:37","date_gmt":"2025-11-22T08:52:37","guid":{"rendered":"https:\/\/rninet-scrambler.com\/?page_id=3207"},"modified":"2025-12-03T17:03:01","modified_gmt":"2025-12-03T16:03:01","slug":"2025-ueberfuehrung-mit-haenger","status":"publish","type":"page","link":"https:\/\/rninet-scrambler.com\/?page_id=3207","title":{"rendered":"2025 &#8211; \u00dcberf\u00fchrung mit H\u00e4nger"},"content":{"rendered":"<p>geplant habe ich jede Maschine selber rauf zu fahren und sowas auf den Kilometerz\u00e4hler zu packen, dann wurde es zu sp\u00e4t bei der Wohnungs\u00fcbergabe mit einem kleinen H\u00e4nger die Bikes mitzunehmen. H\u00e4nger war dann auch noch defekt und ich bin Ende August dann nochmal mit Freddy und einem richtigen H\u00e4nger runtergefahren und habe die Mopeds zusammen raufgefahren. Das Gespann konnte sich sehen lassen auf unser 1900km Tour.<\/p>\n<p>Danke Freddy f\u00fcr Deine Hilfe! =80)<\/p>\n<p class=\"jetpack-slideshow-noscript robots-nocontent\">Diese Diashow ben\u00f6tigt JavaScript.<\/p><div id=\"gallery-3207-1-slideshow\" class=\"jetpack-slideshow-window jetpack-slideshow jetpack-slideshow-black\" data-trans=\"fade\" data-autostart=\"1\" data-gallery=\"[{&quot;src&quot;:&quot;https:\\\/\\\/i0.wp.com\\\/rninet-scrambler.com\\\/wp-content\\\/uploads\\\/2025\\\/11\\\/C11B7AE5-83B4-448A-B868-5DB61F72B994-scaled.jpeg?fit=1440%2C2560\\u0026ssl=1&quot;,&quot;id&quot;:&quot;3236&quot;,&quot;title&quot;:&quot;C11B7AE5-83B4-448A-B868-5DB61F72B994&quot;,&quot;alt&quot;:&quot;2025 - H\\u00e4ngertour 1900km&quot;,&quot;caption&quot;:&quot;2025 \\u0026#8211; H\\u00e4ngertour 1900km&quot;,&quot;itemprop&quot;:&quot;image&quot;},{&quot;src&quot;:&quot;https:\\\/\\\/i0.wp.com\\\/rninet-scrambler.com\\\/wp-content\\\/uploads\\\/2025\\\/11\\\/447EEBBE-9E53-49DE-9F93-59B9CEA66DDF-scaled.jpeg?fit=1440%2C2560\\u0026ssl=1&quot;,&quot;id&quot;:&quot;3233&quot;,&quot;title&quot;:&quot;447EEBBE-9E53-49DE-9F93-59B9CEA66DDF&quot;,&quot;alt&quot;:&quot;2025 - H\\u00e4ngertour 1900km&quot;,&quot;caption&quot;:&quot;2025 \\u0026#8211; H\\u00e4ngertour 1900km&quot;,&quot;itemprop&quot;:&quot;image&quot;},{&quot;src&quot;:&quot;https:\\\/\\\/i0.wp.com\\\/rninet-scrambler.com\\\/wp-content\\\/uploads\\\/2025\\\/11\\\/IMG_3386-scaled.jpeg?fit=2560%2C1920\\u0026ssl=1&quot;,&quot;id&quot;:&quot;3210&quot;,&quot;title&quot;:&quot;IMG_3386&quot;,&quot;alt&quot;:&quot;2025 - H\\u00e4ngertour 1900km&quot;,&quot;caption&quot;:&quot;2025 \\u0026#8211; H\\u00e4ngertour 1900km&quot;,&quot;itemprop&quot;:&quot;image&quot;},{&quot;src&quot;:&quot;https:\\\/\\\/i0.wp.com\\\/rninet-scrambler.com\\\/wp-content\\\/uploads\\\/2025\\\/11\\\/IMG_3387-scaled.jpeg?fit=1920%2C2560\\u0026ssl=1&quot;,&quot;id&quot;:&quot;3211&quot;,&quot;title&quot;:&quot;IMG_3387&quot;,&quot;alt&quot;:&quot;2025 - H\\u00e4ngertour 1900km&quot;,&quot;caption&quot;:&quot;2025 \\u0026#8211; H\\u00e4ngertour 1900km&quot;,&quot;itemprop&quot;:&quot;image&quot;},{&quot;src&quot;:&quot;https:\\\/\\\/i0.wp.com\\\/rninet-scrambler.com\\\/wp-content\\\/uploads\\\/2025\\\/11\\\/IMG_3388-scaled.jpeg?fit=1920%2C2560\\u0026ssl=1&quot;,&quot;id&quot;:&quot;3212&quot;,&quot;title&quot;:&quot;IMG_3388&quot;,&quot;alt&quot;:&quot;2025 - H\\u00e4ngertour 1900km&quot;,&quot;caption&quot;:&quot;2025 \\u0026#8211; H\\u00e4ngertour 1900km&quot;,&quot;itemprop&quot;:&quot;image&quot;},{&quot;src&quot;:&quot;https:\\\/\\\/i0.wp.com\\\/rninet-scrambler.com\\\/wp-content\\\/uploads\\\/2025\\\/11\\\/IMG_3390-scaled.jpeg?fit=1920%2C2560\\u0026ssl=1&quot;,&quot;id&quot;:&quot;3214&quot;,&quot;title&quot;:&quot;IMG_3390&quot;,&quot;alt&quot;:&quot;2025 - H\\u00e4ngertour 1900km&quot;,&quot;caption&quot;:&quot;2025 \\u0026#8211; H\\u00e4ngertour 1900km&quot;,&quot;itemprop&quot;:&quot;image&quot;},{&quot;src&quot;:&quot;https:\\\/\\\/i0.wp.com\\\/rninet-scrambler.com\\\/wp-content\\\/uploads\\\/2025\\\/11\\\/IMG_3391-scaled.jpeg?fit=1920%2C2560\\u0026ssl=1&quot;,&quot;id&quot;:&quot;3215&quot;,&quot;title&quot;:&quot;IMG_3391&quot;,&quot;alt&quot;:&quot;2025 - H\\u00e4ngertour 1900km&quot;,&quot;caption&quot;:&quot;2025 \\u0026#8211; H\\u00e4ngertour 1900km&quot;,&quot;itemprop&quot;:&quot;image&quot;},{&quot;src&quot;:&quot;https:\\\/\\\/i0.wp.com\\\/rninet-scrambler.com\\\/wp-content\\\/uploads\\\/2025\\\/11\\\/IMG_3392-scaled.jpeg?fit=1920%2C2560\\u0026ssl=1&quot;,&quot;id&quot;:&quot;3216&quot;,&quot;title&quot;:&quot;IMG_3392&quot;,&quot;alt&quot;:&quot;2025 - H\\u00e4ngertour 1900km&quot;,&quot;caption&quot;:&quot;2025 \\u0026#8211; H\\u00e4ngertour 1900km&quot;,&quot;itemprop&quot;:&quot;image&quot;},{&quot;src&quot;:&quot;https:\\\/\\\/i0.wp.com\\\/rninet-scrambler.com\\\/wp-content\\\/uploads\\\/2025\\\/11\\\/IMG_3393-scaled.jpeg?fit=2560%2C1920\\u0026ssl=1&quot;,&quot;id&quot;:&quot;3217&quot;,&quot;title&quot;:&quot;IMG_3393&quot;,&quot;alt&quot;:&quot;2025 - H\\u00e4ngertour 1900km&quot;,&quot;caption&quot;:&quot;2025 \\u0026#8211; H\\u00e4ngertour 1900km&quot;,&quot;itemprop&quot;:&quot;image&quot;},{&quot;src&quot;:&quot;https:\\\/\\\/i0.wp.com\\\/rninet-scrambler.com\\\/wp-content\\\/uploads\\\/2025\\\/11\\\/IMG_3394-scaled.jpeg?fit=2560%2C1920\\u0026ssl=1&quot;,&quot;id&quot;:&quot;3218&quot;,&quot;title&quot;:&quot;IMG_3394&quot;,&quot;alt&quot;:&quot;2025 - H\\u00e4ngertour 1900km&quot;,&quot;caption&quot;:&quot;2025 \\u0026#8211; H\\u00e4ngertour 1900km&quot;,&quot;itemprop&quot;:&quot;image&quot;},{&quot;src&quot;:&quot;https:\\\/\\\/i0.wp.com\\\/rninet-scrambler.com\\\/wp-content\\\/uploads\\\/2025\\\/11\\\/IMG_3395-scaled.jpeg?fit=2560%2C1920\\u0026ssl=1&quot;,&quot;id&quot;:&quot;3219&quot;,&quot;title&quot;:&quot;IMG_3395&quot;,&quot;alt&quot;:&quot;2025 - H\\u00e4ngertour 1900km&quot;,&quot;caption&quot;:&quot;2025 \\u0026#8211; H\\u00e4ngertour 1900km&quot;,&quot;itemprop&quot;:&quot;image&quot;},{&quot;src&quot;:&quot;https:\\\/\\\/i0.wp.com\\\/rninet-scrambler.com\\\/wp-content\\\/uploads\\\/2025\\\/11\\\/IMG_3421-scaled.jpeg?fit=1920%2C2560\\u0026ssl=1&quot;,&quot;id&quot;:&quot;3231&quot;,&quot;title&quot;:&quot;IMG_3421&quot;,&quot;alt&quot;:&quot;2025 - H\\u00e4ngertour 1900km&quot;,&quot;caption&quot;:&quot;2025 \\u0026#8211; H\\u00e4ngertour 1900km&quot;,&quot;itemprop&quot;:&quot;image&quot;},{&quot;src&quot;:&quot;https:\\\/\\\/i0.wp.com\\\/rninet-scrambler.com\\\/wp-content\\\/uploads\\\/2025\\\/11\\\/IMG_3399-scaled.jpeg?fit=2560%2C1920\\u0026ssl=1&quot;,&quot;id&quot;:&quot;3220&quot;,&quot;title&quot;:&quot;IMG_3399&quot;,&quot;alt&quot;:&quot;2025 - H\\u00e4ngertour 1900km&quot;,&quot;caption&quot;:&quot;2025 \\u0026#8211; H\\u00e4ngertour 1900km&quot;,&quot;itemprop&quot;:&quot;image&quot;},{&quot;src&quot;:&quot;https:\\\/\\\/i0.wp.com\\\/rninet-scrambler.com\\\/wp-content\\\/uploads\\\/2025\\\/11\\\/IMG_3400-scaled.jpeg?fit=2560%2C1920\\u0026ssl=1&quot;,&quot;id&quot;:&quot;3221&quot;,&quot;title&quot;:&quot;IMG_3400&quot;,&quot;alt&quot;:&quot;2025 - H\\u00e4ngertour 1900km&quot;,&quot;caption&quot;:&quot;2025 \\u0026#8211; H\\u00e4ngertour 1900km&quot;,&quot;itemprop&quot;:&quot;image&quot;},{&quot;src&quot;:&quot;https:\\\/\\\/i0.wp.com\\\/rninet-scrambler.com\\\/wp-content\\\/uploads\\\/2025\\\/11\\\/IMG_3401-scaled.jpeg?fit=1920%2C2560\\u0026ssl=1&quot;,&quot;id&quot;:&quot;3222&quot;,&quot;title&quot;:&quot;IMG_3401&quot;,&quot;alt&quot;:&quot;2025 - H\\u00e4ngertour 1900km&quot;,&quot;caption&quot;:&quot;2025 \\u0026#8211; H\\u00e4ngertour 1900km&quot;,&quot;itemprop&quot;:&quot;image&quot;},{&quot;src&quot;:&quot;https:\\\/\\\/i0.wp.com\\\/rninet-scrambler.com\\\/wp-content\\\/uploads\\\/2025\\\/11\\\/IMG_3403-scaled.jpeg?fit=1920%2C2560\\u0026ssl=1&quot;,&quot;id&quot;:&quot;3223&quot;,&quot;title&quot;:&quot;IMG_3403&quot;,&quot;alt&quot;:&quot;2025 - H\\u00e4ngertour 1900km&quot;,&quot;caption&quot;:&quot;2025 \\u0026#8211; H\\u00e4ngertour 1900km&quot;,&quot;itemprop&quot;:&quot;image&quot;},{&quot;src&quot;:&quot;https:\\\/\\\/i0.wp.com\\\/rninet-scrambler.com\\\/wp-content\\\/uploads\\\/2025\\\/11\\\/IMG_3404-scaled.jpeg?fit=1920%2C2560\\u0026ssl=1&quot;,&quot;id&quot;:&quot;3224&quot;,&quot;title&quot;:&quot;IMG_3404&quot;,&quot;alt&quot;:&quot;2025 - H\\u00e4ngertour 1900km&quot;,&quot;caption&quot;:&quot;2025 \\u0026#8211; H\\u00e4ngertour 1900km&quot;,&quot;itemprop&quot;:&quot;image&quot;},{&quot;src&quot;:&quot;https:\\\/\\\/i0.wp.com\\\/rninet-scrambler.com\\\/wp-content\\\/uploads\\\/2025\\\/11\\\/IMG_3406-scaled.jpeg?fit=2560%2C1920\\u0026ssl=1&quot;,&quot;id&quot;:&quot;3225&quot;,&quot;title&quot;:&quot;IMG_3406&quot;,&quot;alt&quot;:&quot;2025 - H\\u00e4ngertour 1900km&quot;,&quot;caption&quot;:&quot;2025 \\u0026#8211; H\\u00e4ngertour 1900km&quot;,&quot;itemprop&quot;:&quot;image&quot;},{&quot;src&quot;:&quot;https:\\\/\\\/i0.wp.com\\\/rninet-scrambler.com\\\/wp-content\\\/uploads\\\/2025\\\/11\\\/IMG_3407-scaled.jpeg?fit=2560%2C1920\\u0026ssl=1&quot;,&quot;id&quot;:&quot;3226&quot;,&quot;title&quot;:&quot;IMG_3407&quot;,&quot;alt&quot;:&quot;2025 - H\\u00e4ngertour 1900km&quot;,&quot;caption&quot;:&quot;2025 \\u0026#8211; H\\u00e4ngertour 1900km&quot;,&quot;itemprop&quot;:&quot;image&quot;},{&quot;src&quot;:&quot;https:\\\/\\\/i0.wp.com\\\/rninet-scrambler.com\\\/wp-content\\\/uploads\\\/2025\\\/11\\\/IMG_3408-scaled.jpeg?fit=1920%2C2560\\u0026ssl=1&quot;,&quot;id&quot;:&quot;3227&quot;,&quot;title&quot;:&quot;IMG_3408&quot;,&quot;alt&quot;:&quot;2025 - H\\u00e4ngertour 1900km&quot;,&quot;caption&quot;:&quot;2025 \\u0026#8211; H\\u00e4ngertour 1900km&quot;,&quot;itemprop&quot;:&quot;image&quot;},{&quot;src&quot;:&quot;https:\\\/\\\/i0.wp.com\\\/rninet-scrambler.com\\\/wp-content\\\/uploads\\\/2025\\\/11\\\/IMG_3413-scaled.jpeg?fit=2560%2C1920\\u0026ssl=1&quot;,&quot;id&quot;:&quot;3228&quot;,&quot;title&quot;:&quot;IMG_3413&quot;,&quot;alt&quot;:&quot;2025 - H\\u00e4ngertour 1900km&quot;,&quot;caption&quot;:&quot;2025 \\u0026#8211; H\\u00e4ngertour 1900km&quot;,&quot;itemprop&quot;:&quot;image&quot;},{&quot;src&quot;:&quot;https:\\\/\\\/i0.wp.com\\\/rninet-scrambler.com\\\/wp-content\\\/uploads\\\/2025\\\/11\\\/IMG_3417-scaled.jpeg?fit=2560%2C1920\\u0026ssl=1&quot;,&quot;id&quot;:&quot;3229&quot;,&quot;title&quot;:&quot;IMG_3417&quot;,&quot;alt&quot;:&quot;2025 - H\\u00e4ngertour 1900km&quot;,&quot;caption&quot;:&quot;2025 \\u0026#8211; H\\u00e4ngertour 1900km&quot;,&quot;itemprop&quot;:&quot;image&quot;},{&quot;src&quot;:&quot;https:\\\/\\\/i0.wp.com\\\/rninet-scrambler.com\\\/wp-content\\\/uploads\\\/2025\\\/11\\\/IMG_3418-scaled.jpeg?fit=2560%2C1920\\u0026ssl=1&quot;,&quot;id&quot;:&quot;3230&quot;,&quot;title&quot;:&quot;IMG_3418&quot;,&quot;alt&quot;:&quot;2025 - H\\u00e4ngertour 1900km&quot;,&quot;caption&quot;:&quot;2025 \\u0026#8211; H\\u00e4ngertour 1900km&quot;,&quot;itemprop&quot;:&quot;image&quot;},{&quot;src&quot;:&quot;https:\\\/\\\/i0.wp.com\\\/rninet-scrambler.com\\\/wp-content\\\/uploads\\\/2025\\\/11\\\/A2546B08-EAD9-48BC-9EEC-E2735FBDB5A3-scaled.jpeg?fit=2560%2C1441\\u0026ssl=1&quot;,&quot;id&quot;:&quot;3234&quot;,&quot;title&quot;:&quot;A2546B08-EAD9-48BC-9EEC-E2735FBDB5A3&quot;,&quot;alt&quot;:&quot;2025 - H\\u00e4ngertour 1900km&quot;,&quot;caption&quot;:&quot;2025 \\u0026#8211; H\\u00e4ngertour 1900km&quot;,&quot;itemprop&quot;:&quot;image&quot;}]\" itemscope itemtype=\"https:\/\/schema.org\/ImageGallery\"><\/div>\n","protected":false},"excerpt":{"rendered":"<p>geplant habe ich jede Maschine selber rauf zu fahren und sowas auf den Kilometerz\u00e4hler zu packen, dann wurde es zu sp\u00e4t bei der Wohnungs\u00fcbergabe mit einem kleinen H\u00e4nger die Bikes mitzunehmen. H\u00e4nger war dann auch noch defekt und ich bin Ende August dann nochmal mit Freddy und einem richtigen H\u00e4nger runtergefahren und habe die Mopeds &hellip; <\/p>\n<p class=\"link-more\"><a href=\"https:\/\/rninet-scrambler.com\/?page_id=3207\" class=\"more-link\"><span class=\"screen-reader-text\">\u201e2025 &#8211; \u00dcberf\u00fchrung mit H\u00e4nger\u201c <\/span>weiterlesen<\/a><\/p>\n","protected":false},"author":1,"featured_media":0,"parent":2828,"menu_order":0,"comment_status":"closed","ping_status":"closed","template":"","meta":{"jetpack_post_was_ever_published":false,"footnotes":""},"class_list":["post-3207","page","type-page","status-publish","hentry"],"jetpack_likes_enabled":true,"jetpack_shortlink":"https:\/\/wp.me\/PdiVqQ-PJ","jetpack_sharing_enabled":true,"_links":{"self":[{"href":"https:\/\/rninet-scrambler.com\/index.php?rest_route=\/wp\/v2\/pages\/3207","targetHints":{"allow":["GET"]}}],"collection":[{"href":"https:\/\/rninet-scrambler.com\/index.php?rest_route=\/wp\/v2\/pages"}],"about":[{"href":"https:\/\/rninet-scrambler.com\/index.php?rest_route=\/wp\/v2\/types\/page"}],"author":[{"embeddable":true,"href":"https:\/\/rninet-scrambler.com\/index.php?rest_route=\/wp\/v2\/users\/1"}],"replies":[{"embeddable":true,"href":"https:\/\/rninet-scrambler.com\/index.php?rest_route=%2Fwp%2Fv2%2Fcomments&post=3207"}],"version-history":[{"count":4,"href":"https:\/\/rninet-scrambler.com\/index.php?rest_route=\/wp\/v2\/pages\/3207\/revisions"}],"predecessor-version":[{"id":3249,"href":"https:\/\/rninet-scrambler.com\/index.php?rest_route=\/wp\/v2\/pages\/3207\/revisions\/3249"}],"up":[{"embeddable":true,"href":"https:\/\/rninet-scrambler.com\/index.php?rest_route=\/wp\/v2\/pages\/2828"}],"wp:attachment":[{"href":"https:\/\/rninet-scrambler.com\/index.php?rest_route=%2Fwp%2Fv2%2Fmedia&parent=3207"}],"curies":[{"name":"wp","href":"https:\/\/api.w.org\/{rel}","templated":true}]}}