{"id":308,"date":"2019-03-03T12:00:10","date_gmt":"2019-03-03T11:00:10","guid":{"rendered":"http:\/\/rninet-scrambler.com\/?page_id=308"},"modified":"2025-11-22T10:09:07","modified_gmt":"2025-11-22T09:09:07","slug":"ueber-mich","status":"publish","type":"page","link":"https:\/\/rninet-scrambler.com\/?page_id=308","title":{"rendered":"\u00dcber mich"},"content":{"rendered":"<h1><strong>Geschichte meiner Motorr\u00e4der F650, R1150GS, F800GS und jetzt R nineT Scrambler\u00a0<\/strong><\/h1>\n<p>Lange Zeit ist es her, das ich meine F650 gefahren bin (letzte Tour 2004 und dann 2007 verkauft).<\/p>\n<p>Noch l\u00e4nger f\u00fchlt es sich an das ich meine R1150GS gefahren habe (letzte Tour Juli 2009 und im Januar 2010 dann verkauft).<\/p>\n<p>Mein Auge ist schon fr\u00fch auf die F800GS gefallen, da ich finde, das sie genau das ist was meine F650 und R1150GS zusammen sind. Handlichkeit, gepaart mit gen\u00fcgend Leistung.<\/p>\n<p>Die Jahre bis ich mir meine F800GS geholt habe waren trotzdem lang. Jeden Sommer tat es mehr weh, wenn ich die Motorr\u00e4der sah und hinter ihnen herfahren musste mit dem Auto. Okay es waren mehr kurze \u00dcberholman\u00f6ver bei denen ich das Modell nur erahnen konnte<\/p>\n<p>Nach der ersten kleinen Ausfahrt, habe ich festgestellt, das der Lenker zu niedrig ist und die Sitzbank schlecht gepolstert. Schnell war die Lenkererh\u00f6hung um 3 cm gekauft und montiert. Das Thema Sitzbank werde ich im Winter 15\/16 in Angriff nehmen.<\/p>\n<p>Eine Tagestour ging \u00fcber F\u00fcrstenfeldbruck, Landsberg am Lech, Ammersee, Starnberg wieder nach Hause. Hier f\u00e4llt mir wieder die Sitzbank unangenehm auf.<\/p>\n<p>Eine Tagestour ging nach Mariaporsch, Deggendorf, Vilshofen an der Donau, Ortenburg, Bad Griesbach im Rottal, Vilsbiburg, Landshut, Erding nach Hause.<\/p>\n<p>Eine Tagestour ging \u00fcber Landshut, Regensburg, Straubing, Deggendorf, Passau, Alt\u00f6tting, Erding nach Hause.<\/p>\n<p>Eine Tagestour ging zum Schliersee, Bayrisch Zell, Rechenpass, Kufstein, Jenbach, Achensee, Tegernsee nach Hause.<\/p>\n<p>Eine Tagestour ging \u00fcber Schliersee, Bayrisch Zell, Rosenheim, Haag in Oberbayern nach Hause.<\/p>\n<p>Jetzt war es soweit. Nach sehr vielen sch\u00f6nen Tagestouren habe ich vier Tage Zeit eine gro\u00dfe Tour zu starten. \u00dcber Augsburg, Donauw\u00f6rth, Abtsgem\u00fcnd, Schw\u00e4bisch Hall, Tauberbischofsheim, Michelstadt, Friedberg, Herborn, Sankt Augustin geht es an einem Tag in die Heimat<\/p>\n<p>Nach einem Tag Pause geht es \u00fcber Bad M\u00fcnstereifel, Trier, Homburg, nach Karlsruhe in meine erste DJH Unterkunft seit 1999.<\/p>\n<p>Am letzten Tag der Tour geht es von Karlsruhe, Schw\u00e4bisch Gem\u00fcnd, Aalen, Donauw\u00f6rth, Pfaffenhofen an der Ilm, Freising, Erding nach Hause.<\/p>\n<p>Ich habe die ganzen Touren nicht mehr erw\u00e4hnt das die Sitzbank der Horror war und ich nach 45-70 Minuten Fahrtzeit eine Pause einlegen musste. Das war auch der Zeitpunkt das ich die F800GS winterfest machte und mich mit dem Thema neue Sitzbank auseinander setzte. Nach viel hin und her habe ich mich entschieden die vorhandene Sitzbank neu aufpolstern zu lassen und neu zu beziehen. Im Dezember habe ich einen Termin in der Heimat beim Sitzbankbezieher bekommen und die Bank mit dem Zug dorthin gebracht. Morgens habe ich die Bank dort abgegeben und abends wieder abgeholt. Jetzt kann die neue Saison kommen.<\/p>\n<p>Eine Tagestour ging \u00fcber Bayrisch Zell, Rechenpass, Vorderthiersee,\u00a0Kufstein, Schliersee, Frasdorf, Prien am Chiemsee, Wasserburg am Inn, Hohenlinden nach Hause. Mit der neuen Sitzbank kein Problem.<\/p>\n<p>Eine Tagestour ging mit einem Freund \u00fcber Starnbergersee, Murnau, Garmisch-Patenkirchen, Kochel am See, Wolfratshausen, Haar nach Hause. Auch hier bei der Tour habe ich keine Probleme mit der Sitzbank.<\/p>\n<p>Eine ganz besondere Tagestour sollte es noch geben in dem Jahr. Der ultimative Test f\u00fcr die neue Sitzbank springt auch noch dabei raus. Einen Sonnenaufgang auf dem Motorrad mit bekommen hatte ich bis zu dem Zeitpunkt noch nicht. Gesagt, getan. Morgens um 5:15 Uhr an der Tankstelle volltanken, dann am Simsee vorbei, Oberaudorf, Walchsee, St. Johann in Tirol, Zell am See. Die Gro\u00dfglockner Hochalpenstra\u00dfe bin ich um 8:30 Uhr mit Einer der Ersten alleine raufgefahren! GIGANTISCH!!!!<\/p>\n<p>Dann weiter \u00fcber Lienz, Bruneck, Sterzing, Gries am Brenner, Steinach am Brenner, Sch\u00f6nberg im Schubaital, Innsbruck, Seefeld in Tirol, Mittenwald,\u00a0Walchensee, Kochel am See, Holzkirchen, Sauerlach, Haar nach Hause. PERFEKTE Tour und die Sitzbank ist unschlagbar. Keine Probleme mehr dank Niklas<\/p>\n<p>Dies war leider der letzte Tripp den ich in diesem Jahr gemacht habe und habe die F800GS schlafen gelegt.<\/p>\n<p>Dann kam ich im Herbst 2016 auf die Idee eine Internetseite zu erstellen, mit Bildern und Roadbook. Habe auch aus Andenken an gute alte Zeiten ein paar Bilder von den alten Maschinen in das Fotoalbum hochgeladen. Schaut es Euch einfach mal an.<\/p>\n<p>2017 bin ich dann Rock Antenne Motorradtour, Vatertagstour, Erfurt Teil1 und Teil2, Passau, Spitzingsee und noch einige kleinere Touren gefahren.<\/p>\n<p>2018 dann wieder mit Rock Antenne auf Tour. Weiter ging es auf dem Antenne Bayern Bikertreffen in Kulmbach, Moto 6.5 Treffen an der Mosel, Tschechien einen Freund besuchen, Burgentour und nicht zuletzt die Bergtour. Alles in allem eine super Saison.<\/p>\n<p>Was dann passiert ist ist schwer zu beschreiben und einfach ein Bauchgef\u00fchl. Ein guter Freund hat sich nach l\u00e4ngerer Zeit eine R nineT Scrambler geholt und ich war hin und weg von der Maschine. Dann hat er mir Ende des Jahres gesagt das er Sie verkauft und mir angeboten. Da machte es klick bei mir und ich jetzt ist sie meine Boxer, Kardanantrieb und einfach ein Gef\u00fchl wie \u2026.. hier fehlen mir die Worte \/ das Wort\u2026. Gerne Feedback an mich wie man das beschreibt \ud83d\ude42<\/p>\n<p>Erste Tagestour ging erst alleine so hier und da und dann mit R. und E. so hier und da weiter \ud83d\ude42<\/p>\n<p>Ohne Geld und Papiere Tour, anders als geplant Tour, Motorradweihe in EBE, CZ-DD-Lohr-Moto 6.5 Treffen am Bodensee, Vatertagstour, Eifel Mosel Hunsr\u00fcck Pf\u00e4lzerwald Odenwald Tour, Th\u00fcringer Rostbratwurst in Th\u00fcringen essen Tour und zum Schluss die Abschlusstour 2019. Eine super Saison \u2026\u2026<\/p>\n<p>Jetzt schauen wir was die neue Saison 2020 mit sich bringt\u2026.<\/p>\n<p>Und jetzt ist Sie die da oder auch nicht die neue Saison 2020. Durch bekannte Einschr\u00e4nkungen bin ich erst sp\u00e4t auf die Maschine gekommen und habe au\u00dfer Besorgungsfahrten noch keine sch\u00f6ne Tour gemacht.<\/p>\n<p>\u00c4nderungen an der R nineT Scrambler habe ich daf\u00fcr vorgenommen.\u00a0Den Lenker habe ich erh\u00f6ht auf 4cm und eine hohe Sitzbank habe ich auch versucht. Leider ist die Sitzbank nichts und ich muss beim Sitzbankbezieher in der Heimat eine neue Polsterung bestellen. Wenn das getestet wurde werde ich berichten.<\/p>\n<p>Durfte die R18 Probefahren aber keine Bilder machen. Habe Sie jetzt Jahre sp\u00e4ter in der Galerie versteckt \ud83d\ude42<\/p>\n<p>Ein Einmannzelt (Schlafsack und Isomatte mit eingebaut) habe ich mir besorgt das man vielleicht irgendwie irgendwo mal \u00fcbernachten kann. Bin gespannt wie das wird. In der Wohnung haben die Kinder schon eine Woche gut drin geschlafen \ud83d\ude42<\/p>\n<p>Und wieder war eine Saison vorbei aber das Einmannzelt nicht getestet aber vielleicht 2022. Was hat 2021 gebracht oder auch nicht? 850km sind es nur geworden.<span class=\"Apple-converted-space\">\u00a0<\/span><\/p>\n<p>Die neue Sitzbank habe ich drauf und sie ist eine Wucht. Schaut Sie Euch an in der Galerie. Komfortabel, rutschfest ach ja einfach ein Traum. Danke Sitzbankbezieher!<\/p>\n<p>Die Wintermonate 2022 waren dunkel, kalt und lang und ich habe mir mit Plastikbausteinen die Zeit vertrieben und eine R nine T Scrambler Baukasten gesteckt. Angek\u00fcndigt zuhause das es sein kann das es bei gutem Wetter auf Tour geht habe ich schon als ich Spekulatius gegessen habe. Vatertag, morgens 6 Uhr, als ich auf die Wetterkarte geschaut und mich f\u00fcr eine Tour durch die Republik entschieden habe. Was ist machbar mit verschiedenen Wettermodellen? Th\u00fcringer Wald? NRW Heimat oder doch Bodensee? Donautal, Schwarzwald, Pf\u00e4lzerwald, Stromberg-Heuchelberg, Schw\u00e4bisch-Fr\u00e4nkischer Wald und Altm\u00fchltal wurden es schliesslich. Als kr\u00f6nender Abschluss bin ich auf zwei Stationen der Rock Antenne Motorradtour gewesen.<\/p>\n<p>Ein Ex Kollege hat mich angeschrieben das Rock am Bach wieder startet. Auf Karte gecheckt und eine Mopedtour geplant. War ein super wiedersehen mit alten Weggef\u00e4hrtinnen und Gef\u00e4hrten.<\/p>\n<p>Eine liebe Kollegin hat uns verlassen und Startet in Ihrem Wohnort durch. Spontan haben Silke, R\u00fc und ich eine Tour geplant und habe Gabi besucht. Sch\u00f6n war es nach so langer Zeit.<\/p>\n<p>Wetter sollte drei Tage im September 2022 passen und ich packte Sonntag meine Tasche ohne Regenzeug! und mache mich nach 10 Uhr auf dem Weg nach Th\u00fcringen. In Ilmenau \u00a0schnell noch ein Hotel gebucht. (Wie es sich sp\u00e4ter rausstellen sollte ist es erst seit 14 Tagen er\u00f6ffnet \ud83d\ude42 ) Am ersten Tag bin ich \u00fcber Heckenhof (danke Elke f\u00fcr den Tipp!) und der \u00a0Frankenwaldhochstra\u00dfe rein in den Th\u00fcringerwald gefahren und gute 400km habe ich da gemacht. Der zweite Tag wurde leider zur R\u00fcckfahrt da abends\/morgens die Wettervorhersage nichts so gut ausschaut. Haben da auch nochmal 400km gemacht und bin \u00fcber eine andere Route zur\u00fcck.<\/p>\n<p>Das war es mit der meiner Fahrerei f\u00fcr 2022.<\/p>\n<p>Das Christkind war da und hat mir einen Mittelst\u00e4nder f\u00fcr die \u00dcberwinterung der Scrambler geschenkt \ud83d\ude42<\/p>\n<p>2023 startet mit einem Umbau an der Scrambler. Neue Fussrasten f\u00fcr den Fahrer gibt es. Danke Reinhard f\u00fcr den Tipp! Bin sowas von entspannt mit den Fussrasten die Touren gefahren. Kann ich nur empfehlen.<\/p>\n<p>Eigentlich ist es ja keine Vatertagstour, aber ich als Vater hatte nach Vatertag die Chance bekommen zuhause und in der Arbeit die Sachen zupacken und los zufahren. 6 Tage in der Republik kreuz und quer gewesen. Danke f\u00fcr die sch\u00f6ne Zeit.<\/p>\n<p>Rock Antenne Motorradtour durfte auch 2023 nicht fehlen und da dachte ich mir drehst mit der F800GS mal die Runde um M\u00fcnchen. Sehr sehr sch\u00f6ne Tour.<\/p>\n<p>Nach einer kleinen Runde habe ich Sattelpflege an der Scrambler eingerichtet. Bin auf der Vatertagstour \u00a0im Mai sehr sehr na\u00df geworden und habe mir von meinem Sattler Tipps f\u00fcr die Pflege geholt. Danke Niklas!<\/p>\n<p>Honig kaufen bei meinem Imker war auch eine sch\u00f6ne fast 300km Runde \ud83d\ude09 Danke Georg!<span class=\"Apple-converted-space\">\u00a0<\/span><\/p>\n<p>Dann sollte es eine Jahresabschlusstour 2023 geben mit \u00fcber 400km. Das Wetter im Oktober war so gut und so wurden aus einer drei Abschlussfahrten (2.0 und 3.0). Ich w\u00fcnsche Euch eine gute Zeit und bis 2024.<\/p>\n<p>Das Christkind war da und hat mir ein neues Federbein geschenkt \ud83d\ude42<\/p>\n<p>Anfang 2024 habe ich ein Motorradzeitschrift gelesen, dass man mit einem Hersteller Kontakt aufnehmen kann, um dort die Lampeneinheit hinzuschicken um dort ein LED Leuchtmittel einzubauen und es abzunehmen. Gesagt getan und Kontakt mit OSRAM aufgenommen und dort meine Scrambler Lampeneinheit hingeschickt. Das ganze sollte Anfang August abgenommen und eingetragen werden k\u00f6nnen ist aber leider auf Ende 2024 verschoben wurden. Ich halte Euch auf dem Laufenden.<\/p>\n<p>Motorradweihe, kleine Runden zu alten Zielen, Freunde Touren und eine drei Tage Tour Schwarzwald\/Pfalz wurden erfolgreich abgespult. Die Tour mit Ralf Richtung Passau war sehr genial und ich habe fast vermutet, dass es f\u00fcr 2024 die Abschlusstour gewesen ist. Naja, letztes Jahr habe ich drei Abschlussfahrten gehabt und dieses Jahr die letzte Ausfahrt im Nachgang deklariert. Es ist halt so, aber f\u00fcr mich war es zu kalt und zu nass, dass ich mich auf den Bock schmei\u00dfe, abgesehen von der Zeit, die einfach nicht da war. So habe ich die Garage fertig gemacht und die Boxer schon mal aufgebockt. Klar ist, dass das neue Federbein ist einfach genial ist. Es ist quasi eine neue Maschine die ich hier ab 2024 bewege.<\/p>\n<p>Es ist geschafft. Seit heute, den 05.11.2024, stehen in der Night Breaker LED Compatibility List Motorcyle von OSRAM die BMW R nine T Scrambler Bj. 2016-2023 drin. \ud83d\ude42<\/p>\n<p>Ich werde dann 2025 umbauen und mir das ganze mal anschauen. Bilder werden dann auch folgen. \ud83d\ude42<\/p>\n<p>Nun das sind die Fakten des Jahres 2024. Danke an zm f\u00fcr die Zeit 2024:<\/p>\n<p>R9T Scrambler \u2013 2395km<\/p>\n<p>F 800 GS \u2013 1723km<\/p>\n<p>Ich w\u00fcnsche einen guten Start in die Saison 2025.<\/p>\n<p class=\"p2\"><span class=\"s1\">Die LED habe ich dann im April umgebaut und warte jetzt auf ein T\u00dcV Termin.<\/span><\/p>\n<p class=\"p2\"><span class=\"s1\">Motorradweihe 2025 habe ich verschlafen und bin dann mittags nach gefahren. Leider war das nicht mein Tag und bin dann wieder in die Garage. Da der 1. Mai super sch\u00f6n werden soll, habe ich mich entschlossen hier eine Tour zu machen. Planlos und ohne Navi nur nach Schilden ist die \u201ewilde 88 Tour\u201c oder \u201ealles neu macht der Mai Tour\u201c entstanden. Satte 408 km habe ich mit der F800GS abgespult.<\/span><\/p>\n<p>Die Schwiegereltern sind zu Besuch und da kein Platz im Auto ist, habe ich mich angeboten, mit dem Moped zum Hofladenfest in Velden H\u00f6henberg zu fahren \ud83d\ude42 Nette Runde mit 184km am Ende aber auch wegen Problemen mit dem Navi 20km auf der BAB.<\/p>\n<p>T\u00dcV f\u00fcr die F800GS steht an und T\u00dcV S\u00fcd in ED bietet unkomplizierte Terminabsprache online an, Mitarbeiter sehr nett und zuvorkommend, Kaffee der mir angeboten wurde aus dem Automaten schmeckt sehr sehr gut, T\u00dcV war schon erledigt da konnte man den Kaffee noch nicht trinken. Hier komme ich gerne wieder hin. Danke und bis in einem Jahr\u2026..<\/p>\n<p>Nachdem ich so gute Erfahrungen mit dem T\u00dcV S\u00fcd in ED hatte, habe ich gefragt, ob derselbe Pr\u00fcfer f\u00fcr mich kurz Zeit hat. Gesagt, getan am Donnerstag morgen zum T\u00dcV S\u00fcd hin und mein Lampenproblem besprochen. T\u00dcV S\u00fcd hat mir gesagt, dass die Erstpr\u00fcfung 2016 mit dem Original-Scheinwerfer gemacht wurde und auch so in den Papieren steht. Wenn also die LED Lampe defekt ist, kann ich den Original Scheinwerfer und die gepr\u00fcfte\/eingetragene OSRAM LED fahren. \ud83d\ude42 Danke T\u00dcV S\u00fcd f\u00fcr die Erkl\u00e4rung!<\/p>\n<p>2025 war die Bikerei was schleppender bis gar nicht pr\u00e4sent bei mir. T\u00dcV und Services sind gemacht worden. Da sich einiges ge\u00e4ndert hat, war die Jahresabschlussfahrt 2025 die Auftakt Tour 2025. Ab 2026 habe ich wieder etwas mehr vor, auf dem Bock zu sitzen.<br \/>\nAber der Reihe nach:<br \/>\nMeine Familie und ich haben Ende letztes Jahr &#8211; Anfang dieses Jahr den Beschluss gefasst, dass es weg geht aus EBE.<br \/>\nNach T\u00dcVs und Services bei Torsten war dann im August Umzug und Ende August habe ich dann noch mit Freddy die zwei Maschinen in Bayern geholt. (gibt ein eigene Seite mit Bildern von unser <a href=\"https:\/\/rninet-scrambler.com\/?page_id=3207\">Tour<\/a> )<\/p>\n<p>Danke Freddy f\u00fcr die Hilfe! =80)<\/p>\n<p>Jetzt stehen die Maschinen beim Nachbarn in der Garage und ich warte auf die neue Saison \ud83d\ude42<\/p>\n<p>Bleibt senkrecht&#8230;&#8230;<\/p>\n<p>Linke Hand zum Gru\u00df<\/p>\n<p>Jens at RnineT-Scrambler.com<\/p>\n<p>&nbsp;<\/p>\n<p>&nbsp;<\/p>\n","protected":false},"excerpt":{"rendered":"<p>Geschichte meiner Motorr\u00e4der F650, R1150GS, F800GS und jetzt R nineT Scrambler\u00a0 Lange Zeit ist es her, das ich meine F650 gefahren bin (letzte Tour 2004 und dann 2007 verkauft). Noch l\u00e4nger f\u00fchlt es sich an das ich meine R1150GS gefahren habe (letzte Tour Juli 2009 und im Januar 2010 dann verkauft). Mein Auge ist schon &hellip; <\/p>\n<p class=\"link-more\"><a href=\"https:\/\/rninet-scrambler.com\/?page_id=308\" class=\"more-link\"><span class=\"screen-reader-text\">\u201e\u00dcber mich\u201c <\/span>weiterlesen<\/a><\/p>\n","protected":false},"author":1,"featured_media":0,"parent":0,"menu_order":0,"comment_status":"closed","ping_status":"closed","template":"","meta":{"jetpack_post_was_ever_published":false,"footnotes":""},"class_list":["post-308","page","type-page","status-publish","hentry"],"jetpack_likes_enabled":true,"jetpack_shortlink":"https:\/\/wp.me\/PdiVqQ-4Y","jetpack_sharing_enabled":true,"_links":{"self":[{"href":"https:\/\/rninet-scrambler.com\/index.php?rest_route=\/wp\/v2\/pages\/308","targetHints":{"allow":["GET"]}}],"collection":[{"href":"https:\/\/rninet-scrambler.com\/index.php?rest_route=\/wp\/v2\/pages"}],"about":[{"href":"https:\/\/rninet-scrambler.com\/index.php?rest_route=\/wp\/v2\/types\/page"}],"author":[{"embeddable":true,"href":"https:\/\/rninet-scrambler.com\/index.php?rest_route=\/wp\/v2\/users\/1"}],"replies":[{"embeddable":true,"href":"https:\/\/rninet-scrambler.com\/index.php?rest_route=%2Fwp%2Fv2%2Fcomments&post=308"}],"version-history":[{"count":9,"href":"https:\/\/rninet-scrambler.com\/index.php?rest_route=\/wp\/v2\/pages\/308\/revisions"}],"predecessor-version":[{"id":3245,"href":"https:\/\/rninet-scrambler.com\/index.php?rest_route=\/wp\/v2\/pages\/308\/revisions\/3245"}],"wp:attachment":[{"href":"https:\/\/rninet-scrambler.com\/index.php?rest_route=%2Fwp%2Fv2%2Fmedia&parent=308"}],"curies":[{"name":"wp","href":"https:\/\/api.w.org\/{rel}","templated":true}]}}