{"id":2826,"date":"2025-01-17T07:25:48","date_gmt":"2025-01-17T06:25:48","guid":{"rendered":"https:\/\/rninet-scrambler.com\/?page_id=2826"},"modified":"2025-01-17T07:42:19","modified_gmt":"2025-01-17T06:42:19","slug":"2025-frohes-neues-jahr","status":"publish","type":"page","link":"https:\/\/rninet-scrambler.com\/?page_id=2826","title":{"rendered":"2025 &#8211; Frohes neues Jahr"},"content":{"rendered":"<p>die Weihnachtszeit war hektisch und so war es schneller 2025 als ich dachte f\u00fcr mein Resume 2024. Nun das sind die Fakten des Jahres und ein Dank an zm f\u00fcr die Zeit:<\/p>\n<p>R9T Scrambler &#8211; 2395km<\/p>\n<p>F 800 GS &#8211; 1723km<\/p>\n<p>Ich w\u00fcnsche einen guten Start in die Saison 2025<\/p>\n<p>Linke Hand zum Gru\u00df<br \/>\nJens<\/p>\n<p>\u2014\u2014<\/p>\n<p>www.RnineT-Scrambler.de<br \/>\nwww.RnineT-Scrambler.com<br \/>\nwww.F800GSonTour.de<br \/>\nwww.JensonTour.de<\/p>\n<p>#F800GSonTour #warumichmotorradfahre #BMWF800GS #F800GS<br \/>\n#RnineTScrambler \u00a0 #RnineT-Scrambler<br \/>\n#RnineT_Scrambler<\/p>\n","protected":false},"excerpt":{"rendered":"<p>die Weihnachtszeit war hektisch und so war es schneller 2025 als ich dachte f\u00fcr mein Resume 2024. Nun das sind die Fakten des Jahres und ein Dank an zm f\u00fcr die Zeit: R9T Scrambler &#8211; 2395km F 800 GS &#8211; 1723km Ich w\u00fcnsche einen guten Start in die Saison 2025 Linke Hand zum Gru\u00df Jens &hellip; <\/p>\n<p class=\"link-more\"><a href=\"https:\/\/rninet-scrambler.com\/?page_id=2826\" class=\"more-link\"><span class=\"screen-reader-text\">\u201e2025 &#8211; Frohes neues Jahr\u201c <\/span>weiterlesen<\/a><\/p>\n","protected":false},"author":1,"featured_media":0,"parent":2828,"menu_order":0,"comment_status":"closed","ping_status":"closed","template":"","meta":{"jetpack_post_was_ever_published":false,"footnotes":""},"class_list":["post-2826","page","type-page","status-publish","hentry"],"jetpack_likes_enabled":true,"jetpack_shortlink":"https:\/\/wp.me\/PdiVqQ-JA","jetpack_sharing_enabled":true,"_links":{"self":[{"href":"https:\/\/rninet-scrambler.com\/index.php?rest_route=\/wp\/v2\/pages\/2826","targetHints":{"allow":["GET"]}}],"collection":[{"href":"https:\/\/rninet-scrambler.com\/index.php?rest_route=\/wp\/v2\/pages"}],"about":[{"href":"https:\/\/rninet-scrambler.com\/index.php?rest_route=\/wp\/v2\/types\/page"}],"author":[{"embeddable":true,"href":"https:\/\/rninet-scrambler.com\/index.php?rest_route=\/wp\/v2\/users\/1"}],"replies":[{"embeddable":true,"href":"https:\/\/rninet-scrambler.com\/index.php?rest_route=%2Fwp%2Fv2%2Fcomments&post=2826"}],"version-history":[{"count":4,"href":"https:\/\/rninet-scrambler.com\/index.php?rest_route=\/wp\/v2\/pages\/2826\/revisions"}],"predecessor-version":[{"id":2860,"href":"https:\/\/rninet-scrambler.com\/index.php?rest_route=\/wp\/v2\/pages\/2826\/revisions\/2860"}],"up":[{"embeddable":true,"href":"https:\/\/rninet-scrambler.com\/index.php?rest_route=\/wp\/v2\/pages\/2828"}],"wp:attachment":[{"href":"https:\/\/rninet-scrambler.com\/index.php?rest_route=%2Fwp%2Fv2%2Fmedia&parent=2826"}],"curies":[{"name":"wp","href":"https:\/\/api.w.org\/{rel}","templated":true}]}}