{"id":2746,"date":"2024-10-30T04:53:15","date_gmt":"2024-10-30T03:53:15","guid":{"rendered":"https:\/\/rninet-scrambler.com\/?page_id=2746"},"modified":"2024-11-07T09:51:10","modified_gmt":"2024-11-07T08:51:10","slug":"2024-abschluss","status":"publish","type":"page","link":"https:\/\/rninet-scrambler.com\/?page_id=2746","title":{"rendered":"2024 &#8211; Abschluss"},"content":{"rendered":"<p>die Tour mit Ralf Richtig Passau war sehr genial und ich habe es fast vermutet, dass es f\u00fcr 2024 die Abschlusstour gewesen ist. Naja letztes Jahr drei Abschlusstouren gehabt und dieses Jahr die letzte Ausfahrt im Nachgang so deklariert. Ist hat so, aber f\u00fcr mich war es zu kalt und zu nass, dass ich mich auf den Bock schmei\u00dfe, abgesehen von der Zeit, die einfach nicht da war. So mit habe ich die Garage fertig gemacht und die Boxer schon mal aufgebockt.<\/p>\n<p class=\"jetpack-slideshow-noscript robots-nocontent\">Diese Diashow ben\u00f6tigt JavaScript.<\/p><div id=\"gallery-2746-1-slideshow\" class=\"jetpack-slideshow-window jetpack-slideshow jetpack-slideshow-black\" data-trans=\"fade\" data-autostart=\"1\" data-gallery=\"[{&quot;src&quot;:&quot;https:\\\/\\\/i0.wp.com\\\/rninet-scrambler.com\\\/wp-content\\\/uploads\\\/2024\\\/10\\\/IMG_0647-scaled.jpeg?fit=2560%2C1920\\u0026ssl=1&quot;,&quot;id&quot;:&quot;2755&quot;,&quot;title&quot;:&quot;IMG_0647&quot;,&quot;alt&quot;:&quot;20240929-Abschluss&quot;,&quot;caption&quot;:&quot;20240929-Abschluss&quot;,&quot;itemprop&quot;:&quot;image&quot;},{&quot;src&quot;:&quot;https:\\\/\\\/i0.wp.com\\\/rninet-scrambler.com\\\/wp-content\\\/uploads\\\/2024\\\/11\\\/IMG_1007-scaled.jpeg?fit=1920%2C2560\\u0026ssl=1&quot;,&quot;id&quot;:&quot;2765&quot;,&quot;title&quot;:&quot;IMG_1007&quot;,&quot;alt&quot;:&quot;20241101-Abschluss&quot;,&quot;caption&quot;:&quot;20241101-Abschluss&quot;,&quot;itemprop&quot;:&quot;image&quot;},{&quot;src&quot;:&quot;https:\\\/\\\/i0.wp.com\\\/rninet-scrambler.com\\\/wp-content\\\/uploads\\\/2024\\\/11\\\/IMG_1006-scaled.jpeg?fit=1920%2C2560\\u0026ssl=1&quot;,&quot;id&quot;:&quot;2763&quot;,&quot;title&quot;:&quot;IMG_1006&quot;,&quot;alt&quot;:&quot;20241101-Abschluss&quot;,&quot;caption&quot;:&quot;20241101-Abschluss&quot;,&quot;itemprop&quot;:&quot;image&quot;},{&quot;src&quot;:&quot;https:\\\/\\\/i0.wp.com\\\/rninet-scrambler.com\\\/wp-content\\\/uploads\\\/2024\\\/10\\\/IMG_0646-scaled.jpeg?fit=2560%2C1920\\u0026ssl=1&quot;,&quot;id&quot;:&quot;2754&quot;,&quot;title&quot;:&quot;IMG_0646&quot;,&quot;alt&quot;:&quot;20240929-Abschluss&quot;,&quot;caption&quot;:&quot;20240929-Abschluss&quot;,&quot;itemprop&quot;:&quot;image&quot;},{&quot;src&quot;:&quot;https:\\\/\\\/i0.wp.com\\\/rninet-scrambler.com\\\/wp-content\\\/uploads\\\/2024\\\/11\\\/IMG_1008-scaled.jpeg?fit=2560%2C1920\\u0026ssl=1&quot;,&quot;id&quot;:&quot;2764&quot;,&quot;title&quot;:&quot;IMG_1008&quot;,&quot;alt&quot;:&quot;20241101-Abschluss&quot;,&quot;caption&quot;:&quot;20241101-Abschluss&quot;,&quot;itemprop&quot;:&quot;image&quot;},{&quot;src&quot;:&quot;https:\\\/\\\/i0.wp.com\\\/rninet-scrambler.com\\\/wp-content\\\/uploads\\\/2024\\\/10\\\/IMG_0645-scaled.jpeg?fit=2560%2C1920\\u0026ssl=1&quot;,&quot;id&quot;:&quot;2753&quot;,&quot;title&quot;:&quot;IMG_0645&quot;,&quot;alt&quot;:&quot;20240929-Abschluss&quot;,&quot;caption&quot;:&quot;20240929-Abschluss&quot;,&quot;itemprop&quot;:&quot;image&quot;}]\" itemscope itemtype=\"https:\/\/schema.org\/ImageGallery\"><\/div>\n<p>Ich bedanke mich bei zm f\u00fcr die Zeit die ich hatte und w\u00fcnsche Euch allen einen sch\u00f6nen Herbst.<\/p>\n<p>Bis 2025&#8230;<\/p>\n<p>Linke Hand zum Gru\u00df<br \/>\nJens<\/p>\n<p>\u2014\u2014<\/p>\n<p>www.RnineT-Scrambler.de<br \/>\nwww.RnineT-Scrambler.com<br \/>\nwww.F800GSonTour.de<br \/>\nwww.JensonTour.de<\/p>\n<p>#F800GSonTour #warumichmotorradfahre #BMWF800GS #F800GS<br \/>\n#RnineTScrambler #RnineT-Scrambler<br \/>\n#RnineT_Scrambler<\/p>\n","protected":false},"excerpt":{"rendered":"<p>die Tour mit Ralf Richtig Passau war sehr genial und ich habe es fast vermutet, dass es f\u00fcr 2024 die Abschlusstour gewesen ist. Naja letztes Jahr drei Abschlusstouren gehabt und dieses Jahr die letzte Ausfahrt im Nachgang so deklariert. Ist hat so, aber f\u00fcr mich war es zu kalt und zu nass, dass ich mich &hellip; <\/p>\n<p class=\"link-more\"><a href=\"https:\/\/rninet-scrambler.com\/?page_id=2746\" class=\"more-link\"><span class=\"screen-reader-text\">\u201e2024 &#8211; Abschluss\u201c <\/span>weiterlesen<\/a><\/p>\n","protected":false},"author":1,"featured_media":0,"parent":2100,"menu_order":0,"comment_status":"closed","ping_status":"closed","template":"","meta":{"jetpack_post_was_ever_published":false,"footnotes":""},"class_list":["post-2746","page","type-page","status-publish","hentry"],"jetpack_likes_enabled":true,"jetpack_shortlink":"https:\/\/wp.me\/PdiVqQ-Ii","jetpack_sharing_enabled":true,"_links":{"self":[{"href":"https:\/\/rninet-scrambler.com\/index.php?rest_route=\/wp\/v2\/pages\/2746","targetHints":{"allow":["GET"]}}],"collection":[{"href":"https:\/\/rninet-scrambler.com\/index.php?rest_route=\/wp\/v2\/pages"}],"about":[{"href":"https:\/\/rninet-scrambler.com\/index.php?rest_route=\/wp\/v2\/types\/page"}],"author":[{"embeddable":true,"href":"https:\/\/rninet-scrambler.com\/index.php?rest_route=\/wp\/v2\/users\/1"}],"replies":[{"embeddable":true,"href":"https:\/\/rninet-scrambler.com\/index.php?rest_route=%2Fwp%2Fv2%2Fcomments&post=2746"}],"version-history":[{"count":5,"href":"https:\/\/rninet-scrambler.com\/index.php?rest_route=\/wp\/v2\/pages\/2746\/revisions"}],"predecessor-version":[{"id":2782,"href":"https:\/\/rninet-scrambler.com\/index.php?rest_route=\/wp\/v2\/pages\/2746\/revisions\/2782"}],"up":[{"embeddable":true,"href":"https:\/\/rninet-scrambler.com\/index.php?rest_route=\/wp\/v2\/pages\/2100"}],"wp:attachment":[{"href":"https:\/\/rninet-scrambler.com\/index.php?rest_route=%2Fwp%2Fv2%2Fmedia&parent=2746"}],"curies":[{"name":"wp","href":"https:\/\/api.w.org\/{rel}","templated":true}]}}