{"id":2602,"date":"2024-08-29T08:47:18","date_gmt":"2024-08-29T06:47:18","guid":{"rendered":"https:\/\/rninet-scrambler.com\/?page_id=2602"},"modified":"2024-08-29T13:23:05","modified_gmt":"2024-08-29T11:23:05","slug":"2024-arbeit-und-dann-essen-mit-den-jungs","status":"publish","type":"page","link":"https:\/\/rninet-scrambler.com\/?page_id=2602","title":{"rendered":"2024 &#8211; Arbeit und dann Essen mit den Jungs"},"content":{"rendered":"<p>spontanes Treffen nach 6 Jahren mit den Jungs und dem M\u00e4del. Morgens in die Arbeit dann gro\u00dfe Runde bis Hohenbrunn. Sch\u00f6n war es&#8230;.. thx zm<\/p>\n<p>&nbsp;<\/p>\n<p class=\"jetpack-slideshow-noscript robots-nocontent\">Diese Diashow ben\u00f6tigt JavaScript.<\/p><div id=\"gallery-2602-1-slideshow\" class=\"jetpack-slideshow-window jetpack-slideshow jetpack-slideshow-black\" data-trans=\"fade\" data-autostart=\"1\" data-gallery=\"[{&quot;src&quot;:&quot;https:\\\/\\\/i0.wp.com\\\/rninet-scrambler.com\\\/wp-content\\\/uploads\\\/2024\\\/08\\\/IMG_0329-scaled.jpeg?fit=1920%2C2560\\u0026ssl=1&quot;,&quot;id&quot;:&quot;2595&quot;,&quot;title&quot;:&quot;IMG_0329&quot;,&quot;alt&quot;:&quot;20240828-Arbeit und dann Essen mit den Jungs&quot;,&quot;caption&quot;:&quot;20240828-Arbeit und dann Essen mit den Jungs&quot;,&quot;itemprop&quot;:&quot;image&quot;},{&quot;src&quot;:&quot;https:\\\/\\\/i0.wp.com\\\/rninet-scrambler.com\\\/wp-content\\\/uploads\\\/2024\\\/08\\\/IMG_0321-scaled.jpeg?fit=2560%2C1920\\u0026ssl=1&quot;,&quot;id&quot;:&quot;2600&quot;,&quot;title&quot;:&quot;IMG_0321&quot;,&quot;alt&quot;:&quot;20240828-Arbeit und dann Essen mit den Jungs&quot;,&quot;caption&quot;:&quot;20240828-Arbeit und dann Essen mit den Jungs&quot;,&quot;itemprop&quot;:&quot;image&quot;},{&quot;src&quot;:&quot;https:\\\/\\\/i0.wp.com\\\/rninet-scrambler.com\\\/wp-content\\\/uploads\\\/2024\\\/08\\\/IMG_0320-scaled.jpeg?fit=2560%2C1920\\u0026ssl=1&quot;,&quot;id&quot;:&quot;2599&quot;,&quot;title&quot;:&quot;IMG_0320&quot;,&quot;alt&quot;:&quot;20240828-Arbeit und dann Essen mit den Jungs&quot;,&quot;caption&quot;:&quot;20240828-Arbeit und dann Essen mit den Jungs&quot;,&quot;itemprop&quot;:&quot;image&quot;},{&quot;src&quot;:&quot;https:\\\/\\\/i0.wp.com\\\/rninet-scrambler.com\\\/wp-content\\\/uploads\\\/2024\\\/08\\\/IMG_0341-scaled.jpeg?fit=1257%2C2560\\u0026ssl=1&quot;,&quot;id&quot;:&quot;2596&quot;,&quot;title&quot;:&quot;IMG_0341&quot;,&quot;alt&quot;:&quot;20240828-Arbeit und dann Essen mit den Jungs&quot;,&quot;caption&quot;:&quot;20240828-Arbeit und dann Essen mit den Jungs&quot;,&quot;itemprop&quot;:&quot;image&quot;},{&quot;src&quot;:&quot;https:\\\/\\\/i0.wp.com\\\/rninet-scrambler.com\\\/wp-content\\\/uploads\\\/2024\\\/08\\\/IMG_0336-scaled.jpeg?fit=1920%2C2560\\u0026ssl=1&quot;,&quot;id&quot;:&quot;2598&quot;,&quot;title&quot;:&quot;IMG_0336&quot;,&quot;alt&quot;:&quot;20240828-Arbeit und dann Essen mit den Jungs&quot;,&quot;caption&quot;:&quot;20240828-Arbeit und dann Essen mit den Jungs&quot;,&quot;itemprop&quot;:&quot;image&quot;},{&quot;src&quot;:&quot;https:\\\/\\\/i0.wp.com\\\/rninet-scrambler.com\\\/wp-content\\\/uploads\\\/2024\\\/08\\\/IMG_0335-scaled.jpeg?fit=1920%2C2560\\u0026ssl=1&quot;,&quot;id&quot;:&quot;2597&quot;,&quot;title&quot;:&quot;IMG_0335&quot;,&quot;alt&quot;:&quot;20240828-Arbeit und dann Essen mit den Jungs&quot;,&quot;caption&quot;:&quot;20240828-Arbeit und dann Essen mit den Jungs&quot;,&quot;itemprop&quot;:&quot;image&quot;},{&quot;src&quot;:&quot;https:\\\/\\\/i0.wp.com\\\/rninet-scrambler.com\\\/wp-content\\\/uploads\\\/2024\\\/08\\\/IMG_0323-scaled.jpeg?fit=1920%2C2560\\u0026ssl=1&quot;,&quot;id&quot;:&quot;2601&quot;,&quot;title&quot;:&quot;IMG_0323&quot;,&quot;alt&quot;:&quot;20240828-Arbeit und dann Essen mit den Jungs&quot;,&quot;caption&quot;:&quot;20240828-Arbeit und dann Essen mit den Jungs&quot;,&quot;itemprop&quot;:&quot;image&quot;}]\" itemscope itemtype=\"https:\/\/schema.org\/ImageGallery\"><\/div>\n","protected":false},"excerpt":{"rendered":"<p>spontanes Treffen nach 6 Jahren mit den Jungs und dem M\u00e4del. Morgens in die Arbeit dann gro\u00dfe Runde bis Hohenbrunn. Sch\u00f6n war es&#8230;.. thx zm &nbsp;<\/p>\n","protected":false},"author":1,"featured_media":0,"parent":2100,"menu_order":0,"comment_status":"closed","ping_status":"closed","template":"","meta":{"jetpack_post_was_ever_published":false,"footnotes":""},"class_list":["post-2602","page","type-page","status-publish","hentry"],"jetpack_likes_enabled":true,"jetpack_shortlink":"https:\/\/wp.me\/PdiVqQ-FY","jetpack_sharing_enabled":true,"_links":{"self":[{"href":"https:\/\/rninet-scrambler.com\/index.php?rest_route=\/wp\/v2\/pages\/2602","targetHints":{"allow":["GET"]}}],"collection":[{"href":"https:\/\/rninet-scrambler.com\/index.php?rest_route=\/wp\/v2\/pages"}],"about":[{"href":"https:\/\/rninet-scrambler.com\/index.php?rest_route=\/wp\/v2\/types\/page"}],"author":[{"embeddable":true,"href":"https:\/\/rninet-scrambler.com\/index.php?rest_route=\/wp\/v2\/users\/1"}],"replies":[{"embeddable":true,"href":"https:\/\/rninet-scrambler.com\/index.php?rest_route=%2Fwp%2Fv2%2Fcomments&post=2602"}],"version-history":[{"count":3,"href":"https:\/\/rninet-scrambler.com\/index.php?rest_route=\/wp\/v2\/pages\/2602\/revisions"}],"predecessor-version":[{"id":2615,"href":"https:\/\/rninet-scrambler.com\/index.php?rest_route=\/wp\/v2\/pages\/2602\/revisions\/2615"}],"up":[{"embeddable":true,"href":"https:\/\/rninet-scrambler.com\/index.php?rest_route=\/wp\/v2\/pages\/2100"}],"wp:attachment":[{"href":"https:\/\/rninet-scrambler.com\/index.php?rest_route=%2Fwp%2Fv2%2Fmedia&parent=2602"}],"curies":[{"name":"wp","href":"https:\/\/api.w.org\/{rel}","templated":true}]}}