{"id":2315,"date":"2024-04-28T22:22:11","date_gmt":"2024-04-28T20:22:11","guid":{"rendered":"https:\/\/rninet-scrambler.com\/?page_id=2315"},"modified":"2024-05-01T08:46:22","modified_gmt":"2024-05-01T06:46:22","slug":"2024-motorradweihe-ebersberg","status":"publish","type":"page","link":"https:\/\/rninet-scrambler.com\/?page_id=2315","title":{"rendered":"2024 &#8211; Motorradweihe Ebersberg"},"content":{"rendered":"<p>ganz spontan f\u00e4hrt der Torsten mit seiner Gang an mir vorbei. Das Zeichen f\u00fcr mich Motorradweihe 2024 in Ebersberg. Thx Torsten<\/p>\n<p class=\"jetpack-slideshow-noscript robots-nocontent\">Diese Diashow ben\u00f6tigt JavaScript.<\/p><div id=\"gallery-2315-1-slideshow\" class=\"jetpack-slideshow-window jetpack-slideshow jetpack-slideshow-black\" data-trans=\"fade\" data-autostart=\"1\" data-gallery=\"[{&quot;src&quot;:&quot;https:\\\/\\\/i0.wp.com\\\/rninet-scrambler.com\\\/wp-content\\\/uploads\\\/2024\\\/05\\\/IMG_9029-scaled.jpeg?fit=1920%2C2560\\u0026ssl=1&quot;,&quot;id&quot;:&quot;2313&quot;,&quot;title&quot;:&quot;IMG_9029&quot;,&quot;alt&quot;:&quot;20240428-Motorradweihe Ebersberg&quot;,&quot;caption&quot;:&quot;20240428-Motorradweihe Ebersberg&quot;,&quot;itemprop&quot;:&quot;image&quot;},{&quot;src&quot;:&quot;https:\\\/\\\/i0.wp.com\\\/rninet-scrambler.com\\\/wp-content\\\/uploads\\\/2024\\\/05\\\/IMG_9018-scaled.jpeg?fit=2560%2C1920\\u0026ssl=1&quot;,&quot;id&quot;:&quot;2305&quot;,&quot;title&quot;:&quot;IMG_9018&quot;,&quot;alt&quot;:&quot;20240428-Motorradweihe Ebersberg&quot;,&quot;caption&quot;:&quot;20240428-Motorradweihe Ebersberg&quot;,&quot;itemprop&quot;:&quot;image&quot;},{&quot;src&quot;:&quot;https:\\\/\\\/i0.wp.com\\\/rninet-scrambler.com\\\/wp-content\\\/uploads\\\/2024\\\/05\\\/Bildschirmfoto-2024-05-01-um-08.25.39.png?fit=2566%2C1648\\u0026ssl=1&quot;,&quot;id&quot;:&quot;2314&quot;,&quot;title&quot;:&quot;Bildschirmfoto 2024-05-01 um 08.25.39&quot;,&quot;alt&quot;:&quot;20240428-Motorradweihe Ebersberg&quot;,&quot;caption&quot;:&quot;20240428-Motorradweihe Ebersberg&quot;,&quot;itemprop&quot;:&quot;image&quot;},{&quot;src&quot;:&quot;https:\\\/\\\/i0.wp.com\\\/rninet-scrambler.com\\\/wp-content\\\/uploads\\\/2024\\\/05\\\/IMG_9017-scaled.jpeg?fit=2560%2C1920\\u0026ssl=1&quot;,&quot;id&quot;:&quot;2304&quot;,&quot;title&quot;:&quot;IMG_9017&quot;,&quot;alt&quot;:&quot;20240428-Motorradweihe Ebersberg&quot;,&quot;caption&quot;:&quot;20240428-Motorradweihe Ebersberg&quot;,&quot;itemprop&quot;:&quot;image&quot;},{&quot;src&quot;:&quot;https:\\\/\\\/i0.wp.com\\\/rninet-scrambler.com\\\/wp-content\\\/uploads\\\/2024\\\/05\\\/IMG_9019-scaled.jpeg?fit=1920%2C2560\\u0026ssl=1&quot;,&quot;id&quot;:&quot;2306&quot;,&quot;title&quot;:&quot;IMG_9019&quot;,&quot;alt&quot;:&quot;20240428-Motorradweihe Ebersberg&quot;,&quot;caption&quot;:&quot;20240428-Motorradweihe Ebersberg&quot;,&quot;itemprop&quot;:&quot;image&quot;},{&quot;src&quot;:&quot;https:\\\/\\\/i0.wp.com\\\/rninet-scrambler.com\\\/wp-content\\\/uploads\\\/2024\\\/05\\\/IMG_9023-scaled.jpeg?fit=1920%2C2560\\u0026ssl=1&quot;,&quot;id&quot;:&quot;2310&quot;,&quot;title&quot;:&quot;IMG_9023&quot;,&quot;alt&quot;:&quot;20240428-Motorradweihe Ebersberg&quot;,&quot;caption&quot;:&quot;20240428-Motorradweihe Ebersberg&quot;,&quot;itemprop&quot;:&quot;image&quot;},{&quot;src&quot;:&quot;https:\\\/\\\/i0.wp.com\\\/rninet-scrambler.com\\\/wp-content\\\/uploads\\\/2024\\\/05\\\/IMG_9020-scaled.jpeg?fit=2560%2C1920\\u0026ssl=1&quot;,&quot;id&quot;:&quot;2307&quot;,&quot;title&quot;:&quot;IMG_9020&quot;,&quot;alt&quot;:&quot;20240428-Motorradweihe Ebersberg&quot;,&quot;caption&quot;:&quot;20240428-Motorradweihe Ebersberg&quot;,&quot;itemprop&quot;:&quot;image&quot;},{&quot;src&quot;:&quot;https:\\\/\\\/i0.wp.com\\\/rninet-scrambler.com\\\/wp-content\\\/uploads\\\/2024\\\/05\\\/IMG_9025-scaled.jpeg?fit=1920%2C2560\\u0026ssl=1&quot;,&quot;id&quot;:&quot;2312&quot;,&quot;title&quot;:&quot;IMG_9025&quot;,&quot;alt&quot;:&quot;20240428-Motorradweihe Ebersberg&quot;,&quot;caption&quot;:&quot;20240428-Motorradweihe Ebersberg&quot;,&quot;itemprop&quot;:&quot;image&quot;},{&quot;src&quot;:&quot;https:\\\/\\\/i0.wp.com\\\/rninet-scrambler.com\\\/wp-content\\\/uploads\\\/2024\\\/05\\\/IMG_9021-scaled.jpeg?fit=2560%2C1920\\u0026ssl=1&quot;,&quot;id&quot;:&quot;2308&quot;,&quot;title&quot;:&quot;IMG_9021&quot;,&quot;alt&quot;:&quot;20240428-Motorradweihe Ebersberg&quot;,&quot;caption&quot;:&quot;20240428-Motorradweihe Ebersberg&quot;,&quot;itemprop&quot;:&quot;image&quot;},{&quot;src&quot;:&quot;https:\\\/\\\/i0.wp.com\\\/rninet-scrambler.com\\\/wp-content\\\/uploads\\\/2024\\\/05\\\/IMG_9022-scaled.jpeg?fit=2560%2C1920\\u0026ssl=1&quot;,&quot;id&quot;:&quot;2309&quot;,&quot;title&quot;:&quot;IMG_9022&quot;,&quot;alt&quot;:&quot;20240428-Motorradweihe Ebersberg&quot;,&quot;caption&quot;:&quot;20240428-Motorradweihe Ebersberg&quot;,&quot;itemprop&quot;:&quot;image&quot;},{&quot;src&quot;:&quot;https:\\\/\\\/i0.wp.com\\\/rninet-scrambler.com\\\/wp-content\\\/uploads\\\/2024\\\/05\\\/IMG_9024-scaled.jpeg?fit=1920%2C2560\\u0026ssl=1&quot;,&quot;id&quot;:&quot;2311&quot;,&quot;title&quot;:&quot;IMG_9024&quot;,&quot;alt&quot;:&quot;20240428-Motorradweihe Ebersberg&quot;,&quot;caption&quot;:&quot;20240428-Motorradweihe Ebersberg&quot;,&quot;itemprop&quot;:&quot;image&quot;},{&quot;src&quot;:&quot;https:\\\/\\\/i0.wp.com\\\/rninet-scrambler.com\\\/wp-content\\\/uploads\\\/2024\\\/05\\\/IMG_9016-scaled.jpeg?fit=2560%2C1920\\u0026ssl=1&quot;,&quot;id&quot;:&quot;2303&quot;,&quot;title&quot;:&quot;IMG_9016&quot;,&quot;alt&quot;:&quot;20240428-Motorradweihe Ebersberg&quot;,&quot;caption&quot;:&quot;20240428-Motorradweihe Ebersberg&quot;,&quot;itemprop&quot;:&quot;image&quot;},{&quot;src&quot;:&quot;https:\\\/\\\/i0.wp.com\\\/rninet-scrambler.com\\\/wp-content\\\/uploads\\\/2024\\\/05\\\/IMG_9015-scaled.jpeg?fit=1920%2C2560\\u0026ssl=1&quot;,&quot;id&quot;:&quot;2302&quot;,&quot;title&quot;:&quot;IMG_9015&quot;,&quot;alt&quot;:&quot;20240428-Motorradweihe Ebersberg&quot;,&quot;caption&quot;:&quot;20240428-Motorradweihe Ebersberg&quot;,&quot;itemprop&quot;:&quot;image&quot;},{&quot;src&quot;:&quot;https:\\\/\\\/i0.wp.com\\\/rninet-scrambler.com\\\/wp-content\\\/uploads\\\/2024\\\/05\\\/IMG_9014-scaled.jpeg?fit=1920%2C2560\\u0026ssl=1&quot;,&quot;id&quot;:&quot;2301&quot;,&quot;title&quot;:&quot;IMG_9014&quot;,&quot;alt&quot;:&quot;20240428-Motorradweihe Ebersberg&quot;,&quot;caption&quot;:&quot;20240428-Motorradweihe Ebersberg&quot;,&quot;itemprop&quot;:&quot;image&quot;}]\" itemscope itemtype=\"https:\/\/schema.org\/ImageGallery\"><\/div>\n<p>Linke Hand zum Gru\u00df<br \/>\nJens<\/p>\n<p>\u2014\u2014<\/p>\n<p><a href=\"http:\/\/www.RnineT-Scrambler.de\">www.RnineT-Scrambler.de<\/a><br \/>\n<a href=\"http:\/\/www.RnineT-Scrambler.com\">www.RnineT-Scrambler.com<\/a><br \/>\n<a href=\"http:\/\/www.F800GSonTour.de\">www.F800GSonTour.de<\/a><br \/>\n<a href=\"http:\/\/www.JensonTour.de\">www.JensonTour.de<\/a><\/p>\n<p>#F800GSonTour #warumichmotorradfahre #BMWF800GS #F800GS<br \/>\n#RnineTScrambler #RnineT-Scrambler<br \/>\n#RnineT_Scrambler<\/p>\n","protected":false},"excerpt":{"rendered":"<p>ganz spontan f\u00e4hrt der Torsten mit seiner Gang an mir vorbei. Das Zeichen f\u00fcr mich Motorradweihe 2024 in Ebersberg. Thx Torsten Linke Hand zum Gru\u00df Jens \u2014\u2014 www.RnineT-Scrambler.de www.RnineT-Scrambler.com www.F800GSonTour.de www.JensonTour.de #F800GSonTour #warumichmotorradfahre #BMWF800GS #F800GS #RnineTScrambler #RnineT-Scrambler #RnineT_Scrambler<\/p>\n","protected":false},"author":1,"featured_media":0,"parent":2100,"menu_order":0,"comment_status":"closed","ping_status":"closed","template":"","meta":{"jetpack_post_was_ever_published":false,"footnotes":""},"class_list":["post-2315","page","type-page","status-publish","hentry"],"jetpack_likes_enabled":true,"jetpack_shortlink":"https:\/\/wp.me\/PdiVqQ-Bl","jetpack_sharing_enabled":true,"_links":{"self":[{"href":"https:\/\/rninet-scrambler.com\/index.php?rest_route=\/wp\/v2\/pages\/2315","targetHints":{"allow":["GET"]}}],"collection":[{"href":"https:\/\/rninet-scrambler.com\/index.php?rest_route=\/wp\/v2\/pages"}],"about":[{"href":"https:\/\/rninet-scrambler.com\/index.php?rest_route=\/wp\/v2\/types\/page"}],"author":[{"embeddable":true,"href":"https:\/\/rninet-scrambler.com\/index.php?rest_route=\/wp\/v2\/users\/1"}],"replies":[{"embeddable":true,"href":"https:\/\/rninet-scrambler.com\/index.php?rest_route=%2Fwp%2Fv2%2Fcomments&post=2315"}],"version-history":[{"count":0,"href":"https:\/\/rninet-scrambler.com\/index.php?rest_route=\/wp\/v2\/pages\/2315\/revisions"}],"up":[{"embeddable":true,"href":"https:\/\/rninet-scrambler.com\/index.php?rest_route=\/wp\/v2\/pages\/2100"}],"wp:attachment":[{"href":"https:\/\/rninet-scrambler.com\/index.php?rest_route=%2Fwp%2Fv2%2Fmedia&parent=2315"}],"curies":[{"name":"wp","href":"https:\/\/api.w.org\/{rel}","templated":true}]}}