{"id":2294,"date":"2024-04-27T18:29:04","date_gmt":"2024-04-27T16:29:04","guid":{"rendered":"https:\/\/rninet-scrambler.com\/?page_id=2294"},"modified":"2024-04-27T18:31:49","modified_gmt":"2024-04-27T16:31:49","slug":"2024-kleiner-anbau-2-0-an-meiner-f800gs-und-termin-fuer-neuen-vorderreifen","status":"publish","type":"page","link":"https:\/\/rninet-scrambler.com\/?page_id=2294","title":{"rendered":"2024 &#8211; Kleiner Anbau 2.0 an meiner F800GS und Termin f\u00fcr neuen Vorderreifen"},"content":{"rendered":"<p>heute habe ich mir eine Hecktasche dran gebaut, die ich vor sieben oder sechs Jahren schon mal dran hatte und auf dem R\u00fcckweg in die Garage habe ich mir einen neuen Vorderreifen bestellt, den ich die n\u00e4chsten 14 Tage montiert bekomme. Thx Torsten!<\/p>\n<p>Linke Hand zum Gru\u00df<br \/>\nEuer Jens<\/p>\n<p class=\"jetpack-slideshow-noscript robots-nocontent\">Diese Diashow ben\u00f6tigt JavaScript.<\/p><div id=\"gallery-2294-1-slideshow\" class=\"jetpack-slideshow-window jetpack-slideshow jetpack-slideshow-black\" data-trans=\"fade\" data-autostart=\"1\" data-gallery=\"[{&quot;src&quot;:&quot;https:\\\/\\\/i0.wp.com\\\/rninet-scrambler.com\\\/wp-content\\\/uploads\\\/2024\\\/04\\\/IMG_9012-scaled.jpeg?fit=1920%2C2560\\u0026ssl=1&quot;,&quot;id&quot;:&quot;2293&quot;,&quot;title&quot;:&quot;IMG_9012&quot;,&quot;alt&quot;:&quot;20240427-Kleiner Anbau 2.0 und Termin f\\u00fcr neuen Vorderreifen :-)&quot;,&quot;caption&quot;:&quot;20240427-Kleiner Anbau 2.0 und Termin f\\u00fcr neuen Vorderreifen :-)&quot;,&quot;itemprop&quot;:&quot;image&quot;},{&quot;src&quot;:&quot;https:\\\/\\\/i0.wp.com\\\/rninet-scrambler.com\\\/wp-content\\\/uploads\\\/2024\\\/04\\\/IMG_9013-scaled.jpeg?fit=1920%2C2560\\u0026ssl=1&quot;,&quot;id&quot;:&quot;2292&quot;,&quot;title&quot;:&quot;IMG_9013&quot;,&quot;alt&quot;:&quot;20240427-Kleiner Anbau 2.0 und Termin f\\u00fcr neuen Vorderreifen :-)&quot;,&quot;caption&quot;:&quot;20240427-Kleiner Anbau 2.0 und Termin f\\u00fcr neuen Vorderreifen :-)&quot;,&quot;itemprop&quot;:&quot;image&quot;}]\" itemscope itemtype=\"https:\/\/schema.org\/ImageGallery\"><\/div>\n<p>\u2014\u2014<\/p>\n<p>www.RnineT-Scrambler.de<br \/>\nwww.RnineT-Scrambler.com<br \/>\nwww.F800GSonTour.de<br \/>\nwww.JensonTour.de<\/p>\n<p>#F800GSonTour #warumichmotorradfahre #BMWF800GS #F800GS<br \/>\n#RnineTScrambler #RnineT-Scrambler<br \/>\n#RnineT_Scrambler<\/p>\n","protected":false},"excerpt":{"rendered":"<p>heute habe ich mir eine Hecktasche dran gebaut, die ich vor sieben oder sechs Jahren schon mal dran hatte und auf dem R\u00fcckweg in die Garage habe ich mir einen neuen Vorderreifen bestellt, den ich die n\u00e4chsten 14 Tage montiert bekomme. Thx Torsten! Linke Hand zum Gru\u00df Euer Jens \u2014\u2014 www.RnineT-Scrambler.de www.RnineT-Scrambler.com www.F800GSonTour.de www.JensonTour.de #F800GSonTour &hellip; <\/p>\n<p class=\"link-more\"><a href=\"https:\/\/rninet-scrambler.com\/?page_id=2294\" class=\"more-link\"><span class=\"screen-reader-text\">\u201e2024 &#8211; Kleiner Anbau 2.0 an meiner F800GS und Termin f\u00fcr neuen Vorderreifen\u201c <\/span>weiterlesen<\/a><\/p>\n","protected":false},"author":1,"featured_media":0,"parent":2100,"menu_order":0,"comment_status":"closed","ping_status":"closed","template":"","meta":{"jetpack_post_was_ever_published":false,"footnotes":""},"class_list":["post-2294","page","type-page","status-publish","hentry"],"jetpack_likes_enabled":true,"jetpack_shortlink":"https:\/\/wp.me\/PdiVqQ-B0","jetpack_sharing_enabled":true,"_links":{"self":[{"href":"https:\/\/rninet-scrambler.com\/index.php?rest_route=\/wp\/v2\/pages\/2294","targetHints":{"allow":["GET"]}}],"collection":[{"href":"https:\/\/rninet-scrambler.com\/index.php?rest_route=\/wp\/v2\/pages"}],"about":[{"href":"https:\/\/rninet-scrambler.com\/index.php?rest_route=\/wp\/v2\/types\/page"}],"author":[{"embeddable":true,"href":"https:\/\/rninet-scrambler.com\/index.php?rest_route=\/wp\/v2\/users\/1"}],"replies":[{"embeddable":true,"href":"https:\/\/rninet-scrambler.com\/index.php?rest_route=%2Fwp%2Fv2%2Fcomments&post=2294"}],"version-history":[{"count":0,"href":"https:\/\/rninet-scrambler.com\/index.php?rest_route=\/wp\/v2\/pages\/2294\/revisions"}],"up":[{"embeddable":true,"href":"https:\/\/rninet-scrambler.com\/index.php?rest_route=\/wp\/v2\/pages\/2100"}],"wp:attachment":[{"href":"https:\/\/rninet-scrambler.com\/index.php?rest_route=%2Fwp%2Fv2%2Fmedia&parent=2294"}],"curies":[{"name":"wp","href":"https:\/\/api.w.org\/{rel}","templated":true}]}}