{"id":224,"date":"2021-08-17T16:05:41","date_gmt":"2021-08-17T15:05:41","guid":{"rendered":"http:\/\/rninet-scrambler.com\/?page_id=224"},"modified":"2025-04-27T10:45:39","modified_gmt":"2025-04-27T08:45:39","slug":"80-2","status":"publish","type":"page","link":"https:\/\/rninet-scrambler.com\/","title":{"rendered":"=80)"},"content":{"rendered":"<p>Hallo und Herzlich willkommen,<\/p>\n<p>sch\u00f6n das Ihr auf meiner Motorradwebseite angekommen seit.<\/p>\n<p>Ich w\u00fcnsche Euch viel Spa\u00df und freue mich \u00fcber ein\u00a0Feedback.<\/p>\n<p>Linke Hand zum Gru\u00df<br \/>\nJens at rninet-scrambler.com<\/p>\n","protected":false},"excerpt":{"rendered":"<p>Hallo und Herzlich willkommen, sch\u00f6n das Ihr auf meiner Motorradwebseite angekommen seit. Ich w\u00fcnsche Euch viel Spa\u00df und freue mich \u00fcber ein\u00a0Feedback. Linke Hand zum Gru\u00df Jens at rninet-scrambler.com<\/p>\n","protected":false},"author":1,"featured_media":2924,"parent":0,"menu_order":0,"comment_status":"closed","ping_status":"closed","template":"","meta":{"jetpack_post_was_ever_published":false,"footnotes":""},"class_list":["post-224","page","type-page","status-publish","has-post-thumbnail","hentry"],"jetpack_likes_enabled":true,"jetpack_shortlink":"https:\/\/wp.me\/PdiVqQ-3C","jetpack_sharing_enabled":true,"_links":{"self":[{"href":"https:\/\/rninet-scrambler.com\/index.php?rest_route=\/wp\/v2\/pages\/224","targetHints":{"allow":["GET"]}}],"collection":[{"href":"https:\/\/rninet-scrambler.com\/index.php?rest_route=\/wp\/v2\/pages"}],"about":[{"href":"https:\/\/rninet-scrambler.com\/index.php?rest_route=\/wp\/v2\/types\/page"}],"author":[{"embeddable":true,"href":"https:\/\/rninet-scrambler.com\/index.php?rest_route=\/wp\/v2\/users\/1"}],"replies":[{"embeddable":true,"href":"https:\/\/rninet-scrambler.com\/index.php?rest_route=%2Fwp%2Fv2%2Fcomments&post=224"}],"version-history":[{"count":1,"href":"https:\/\/rninet-scrambler.com\/index.php?rest_route=\/wp\/v2\/pages\/224\/revisions"}],"predecessor-version":[{"id":2918,"href":"https:\/\/rninet-scrambler.com\/index.php?rest_route=\/wp\/v2\/pages\/224\/revisions\/2918"}],"wp:featuredmedia":[{"embeddable":true,"href":"https:\/\/rninet-scrambler.com\/index.php?rest_route=\/wp\/v2\/media\/2924"}],"wp:attachment":[{"href":"https:\/\/rninet-scrambler.com\/index.php?rest_route=%2Fwp%2Fv2%2Fmedia&parent=224"}],"curies":[{"name":"wp","href":"https:\/\/api.w.org\/{rel}","templated":true}]}}