{"id":2160,"date":"2024-02-18T22:22:09","date_gmt":"2024-02-18T21:22:09","guid":{"rendered":"https:\/\/rninet-scrambler.com\/?page_id=2160"},"modified":"2024-09-05T15:16:31","modified_gmt":"2024-09-05T13:16:31","slug":"2024-umbau-abbau-lampeneinheit-fuer-osram","status":"publish","type":"page","link":"https:\/\/rninet-scrambler.com\/?page_id=2160","title":{"rendered":"2024 &#8211; Umbau \/ Abbau Lampeneinheit f\u00fcr Osram"},"content":{"rendered":"<p>In den Wintertagen habe ich die Motorradzeitungen gew\u00e4lzt und es wurde \u00fcber die LED Lampe in den Original Reflektor &#8222;alter&#8220; Maschinen gesprochen. Wenn man da Interesse hat, soll man den Hersteller direkt anzuschreiben und seine &#8222;Lampe&#8220; f\u00fcr die Pr\u00fcfung zur verf\u00fcgung stellen. Gesagt getan nun bin ich mit Osram in Kontakt getreten.<\/p>\n<p>&nbsp;<\/p>\n<p class=\"jetpack-slideshow-noscript robots-nocontent\">Diese Diashow ben\u00f6tigt JavaScript.<\/p><div id=\"gallery-2160-1-slideshow\" class=\"jetpack-slideshow-window jetpack-slideshow jetpack-slideshow-black\" data-trans=\"fade\" data-autostart=\"1\" data-gallery=\"[{&quot;src&quot;:&quot;https:\\\/\\\/i0.wp.com\\\/rninet-scrambler.com\\\/wp-content\\\/uploads\\\/2024\\\/02\\\/IMG_8444-scaled.jpeg?fit=1920%2C2560\\u0026ssl=1&quot;,&quot;id&quot;:&quot;2165&quot;,&quot;title&quot;:&quot;IMG_8444&quot;,&quot;alt&quot;:&quot;20240218 - Umbau Lampe f\\u00fcr Osram&quot;,&quot;caption&quot;:&quot;20240218 \\u0026#8211; Umbau Lampe f\\u00fcr Osram&quot;,&quot;itemprop&quot;:&quot;image&quot;},{&quot;src&quot;:&quot;https:\\\/\\\/i0.wp.com\\\/rninet-scrambler.com\\\/wp-content\\\/uploads\\\/2024\\\/02\\\/IMG_8443-scaled.jpeg?fit=2560%2C1920\\u0026ssl=1&quot;,&quot;id&quot;:&quot;2164&quot;,&quot;title&quot;:&quot;IMG_8443&quot;,&quot;alt&quot;:&quot;20240218 - Umbau Lampe f\\u00fcr Osram&quot;,&quot;caption&quot;:&quot;20240218 \\u0026#8211; Umbau Lampe f\\u00fcr Osram&quot;,&quot;itemprop&quot;:&quot;image&quot;},{&quot;src&quot;:&quot;https:\\\/\\\/i0.wp.com\\\/rninet-scrambler.com\\\/wp-content\\\/uploads\\\/2024\\\/02\\\/IMG_8445-scaled.jpeg?fit=2560%2C1920\\u0026ssl=1&quot;,&quot;id&quot;:&quot;2166&quot;,&quot;title&quot;:&quot;IMG_8445&quot;,&quot;alt&quot;:&quot;20240218 - Umbau Lampe f\\u00fcr Osram&quot;,&quot;caption&quot;:&quot;20240218 \\u0026#8211; Umbau Lampe f\\u00fcr Osram&quot;,&quot;itemprop&quot;:&quot;image&quot;},{&quot;src&quot;:&quot;https:\\\/\\\/i0.wp.com\\\/rninet-scrambler.com\\\/wp-content\\\/uploads\\\/2024\\\/02\\\/IMG_8442-scaled.jpeg?fit=1920%2C2560\\u0026ssl=1&quot;,&quot;id&quot;:&quot;2163&quot;,&quot;title&quot;:&quot;IMG_8442&quot;,&quot;alt&quot;:&quot;20240218 - Umbau Lampe f\\u00fcr Osram&quot;,&quot;caption&quot;:&quot;20240218 \\u0026#8211; Umbau Lampe f\\u00fcr Osram&quot;,&quot;itemprop&quot;:&quot;image&quot;}]\" itemscope itemtype=\"https:\/\/schema.org\/ImageGallery\"><\/div>\n","protected":false},"excerpt":{"rendered":"<p>In den Wintertagen habe ich die Motorradzeitungen gew\u00e4lzt und es wurde \u00fcber die LED Lampe in den Original Reflektor &#8222;alter&#8220; Maschinen gesprochen. Wenn man da Interesse hat, soll man den Hersteller direkt anzuschreiben und seine &#8222;Lampe&#8220; f\u00fcr die Pr\u00fcfung zur verf\u00fcgung stellen. Gesagt getan nun bin ich mit Osram in Kontakt getreten. &nbsp;<\/p>\n","protected":false},"author":1,"featured_media":0,"parent":2100,"menu_order":0,"comment_status":"closed","ping_status":"closed","template":"","meta":{"jetpack_post_was_ever_published":false,"footnotes":""},"class_list":["post-2160","page","type-page","status-publish","hentry"],"jetpack_likes_enabled":true,"jetpack_shortlink":"https:\/\/wp.me\/PdiVqQ-yQ","jetpack_sharing_enabled":true,"_links":{"self":[{"href":"https:\/\/rninet-scrambler.com\/index.php?rest_route=\/wp\/v2\/pages\/2160","targetHints":{"allow":["GET"]}}],"collection":[{"href":"https:\/\/rninet-scrambler.com\/index.php?rest_route=\/wp\/v2\/pages"}],"about":[{"href":"https:\/\/rninet-scrambler.com\/index.php?rest_route=\/wp\/v2\/types\/page"}],"author":[{"embeddable":true,"href":"https:\/\/rninet-scrambler.com\/index.php?rest_route=\/wp\/v2\/users\/1"}],"replies":[{"embeddable":true,"href":"https:\/\/rninet-scrambler.com\/index.php?rest_route=%2Fwp%2Fv2%2Fcomments&post=2160"}],"version-history":[{"count":1,"href":"https:\/\/rninet-scrambler.com\/index.php?rest_route=\/wp\/v2\/pages\/2160\/revisions"}],"predecessor-version":[{"id":2692,"href":"https:\/\/rninet-scrambler.com\/index.php?rest_route=\/wp\/v2\/pages\/2160\/revisions\/2692"}],"up":[{"embeddable":true,"href":"https:\/\/rninet-scrambler.com\/index.php?rest_route=\/wp\/v2\/pages\/2100"}],"wp:attachment":[{"href":"https:\/\/rninet-scrambler.com\/index.php?rest_route=%2Fwp%2Fv2%2Fmedia&parent=2160"}],"curies":[{"name":"wp","href":"https:\/\/api.w.org\/{rel}","templated":true}]}}