{"id":1913,"date":"2023-08-18T13:06:24","date_gmt":"2023-08-18T11:06:24","guid":{"rendered":"https:\/\/rninet-scrambler.com\/?page_id=1913"},"modified":"2024-02-12T12:11:13","modified_gmt":"2024-02-12T11:11:13","slug":"2023-honig-kaufen-und-augenpflege-tour","status":"publish","type":"page","link":"https:\/\/rninet-scrambler.com\/?page_id=1913","title":{"rendered":"2023 &#8211; Honig kaufen und Augenpflege Tour"},"content":{"rendered":"<p>irgendwie hat es die Tage nur f\u00fcr kleine max. 150km Runden gereicht und Migr\u00e4ne hatte ich auch. Also alles doof und umso mehr habe ich auf heute gefreut. Hier nehme ich mal vorweg das es 290km in der Summe werden \ud83d\ude42<\/p>\n<p>Erstmal nach Altdorf zur Apotheke und der Dame mein Problem mit den Augen geschildert. Sie hatte nach 7 Minuten einen ganz anderen Ansatz und das sollte sich im laufe der Tour best\u00e4tigen. Dann bin ich in Altdorf erstmal zum B\u00e4cker gegen\u00fcber und habe dort gegessen und mir eine Route ausgesucht.<\/p>\n<p>Auf der Fahrt habe ich alle 1,5 Stunden neue Tropfen in die Augen gemacht und getankt und getrunken. Nach ca. 3 Stunden habe ich festgestellt das mein Auge nicht mehr tr\u00e4nt und ich bin auf dem Heimweg wieder \u00fcber Altdorf -Apotheke gefahren und habe mich bei der Dame bedankt. Sehr guter Support!<\/p>\n<p>Jetzt geht es spontan zum Imker meines Vertrauens und noch schnell Honig kaufen und bei einem Glas Wasser berichten wie es so l\u00e4uft. Jetzt noch schnell George\u00b4s Route \u00fcber Ebersberg, Zorneding und Anzing zur\u00fcck nach Hause.<\/p>\n<p>Super Tag &#8230; Dankesch\u00f6n!!<\/p>\n<p class=\"jetpack-slideshow-noscript robots-nocontent\">Diese Diashow ben\u00f6tigt JavaScript.<\/p><div id=\"gallery-1913-1-slideshow\" class=\"jetpack-slideshow-window jetpack-slideshow jetpack-slideshow-black\" data-trans=\"fade\" data-autostart=\"1\" data-gallery=\"[{&quot;src&quot;:&quot;https:\\\/\\\/i0.wp.com\\\/rninet-scrambler.com\\\/wp-content\\\/uploads\\\/2023\\\/08\\\/IMG_6923-scaled.jpeg?fit=1920%2C2560\\u0026ssl=1&quot;,&quot;id&quot;:&quot;1903&quot;,&quot;title&quot;:&quot;IMG_6923&quot;,&quot;alt&quot;:&quot;20230817-Honig und Augenpflege Tour&quot;,&quot;caption&quot;:&quot;20230817-Honig und Augenpflege Tour&quot;,&quot;itemprop&quot;:&quot;image&quot;},{&quot;src&quot;:&quot;https:\\\/\\\/i0.wp.com\\\/rninet-scrambler.com\\\/wp-content\\\/uploads\\\/2023\\\/08\\\/IMG_6914-scaled.jpeg?fit=1920%2C2560\\u0026ssl=1&quot;,&quot;id&quot;:&quot;1910&quot;,&quot;title&quot;:&quot;IMG_6914&quot;,&quot;alt&quot;:&quot;20230817-Honig und Augenpflege Tour&quot;,&quot;caption&quot;:&quot;20230817-Honig und Augenpflege Tour&quot;,&quot;itemprop&quot;:&quot;image&quot;},{&quot;src&quot;:&quot;https:\\\/\\\/i0.wp.com\\\/rninet-scrambler.com\\\/wp-content\\\/uploads\\\/2023\\\/08\\\/IMG_0672-scaled.jpeg?fit=1920%2C2560\\u0026ssl=1&quot;,&quot;id&quot;:&quot;1911&quot;,&quot;title&quot;:&quot;IMG_0672&quot;,&quot;alt&quot;:&quot;20230817-Honig und Augenpflege Tour&quot;,&quot;caption&quot;:&quot;20230817-Honig und Augenpflege Tour&quot;,&quot;itemprop&quot;:&quot;image&quot;},{&quot;src&quot;:&quot;https:\\\/\\\/i0.wp.com\\\/rninet-scrambler.com\\\/wp-content\\\/uploads\\\/2023\\\/08\\\/IMG_6918-scaled.jpeg?fit=1920%2C2560\\u0026ssl=1&quot;,&quot;id&quot;:&quot;1906&quot;,&quot;title&quot;:&quot;IMG_6918&quot;,&quot;alt&quot;:&quot;20230817-Honig und Augenpflege Tour&quot;,&quot;caption&quot;:&quot;20230817-Honig und Augenpflege Tour&quot;,&quot;itemprop&quot;:&quot;image&quot;},{&quot;src&quot;:&quot;https:\\\/\\\/i0.wp.com\\\/rninet-scrambler.com\\\/wp-content\\\/uploads\\\/2023\\\/08\\\/IMG_6915-scaled.jpeg?fit=1920%2C2560\\u0026ssl=1&quot;,&quot;id&quot;:&quot;1912&quot;,&quot;title&quot;:&quot;IMG_6915&quot;,&quot;alt&quot;:&quot;20230817-Honig und Augenpflege Tour&quot;,&quot;caption&quot;:&quot;20230817-Honig und Augenpflege Tour&quot;,&quot;itemprop&quot;:&quot;image&quot;},{&quot;src&quot;:&quot;https:\\\/\\\/i0.wp.com\\\/rninet-scrambler.com\\\/wp-content\\\/uploads\\\/2023\\\/08\\\/IMG_6921-scaled.jpeg?fit=1920%2C2560\\u0026ssl=1&quot;,&quot;id&quot;:&quot;1905&quot;,&quot;title&quot;:&quot;IMG_6921&quot;,&quot;alt&quot;:&quot;20230817-Honig und Augenpflege Tour&quot;,&quot;caption&quot;:&quot;20230817-Honig und Augenpflege Tour&quot;,&quot;itemprop&quot;:&quot;image&quot;},{&quot;src&quot;:&quot;https:\\\/\\\/i0.wp.com\\\/rninet-scrambler.com\\\/wp-content\\\/uploads\\\/2023\\\/08\\\/IMG_6920-scaled.jpeg?fit=1920%2C2560\\u0026ssl=1&quot;,&quot;id&quot;:&quot;1908&quot;,&quot;title&quot;:&quot;IMG_6920&quot;,&quot;alt&quot;:&quot;20230817-Honig und Augenpflege Tour&quot;,&quot;caption&quot;:&quot;20230817-Honig und Augenpflege Tour&quot;,&quot;itemprop&quot;:&quot;image&quot;},{&quot;src&quot;:&quot;https:\\\/\\\/i0.wp.com\\\/rninet-scrambler.com\\\/wp-content\\\/uploads\\\/2023\\\/08\\\/IMG_6917-scaled.jpeg?fit=1920%2C2560\\u0026ssl=1&quot;,&quot;id&quot;:&quot;1909&quot;,&quot;title&quot;:&quot;IMG_6917&quot;,&quot;alt&quot;:&quot;20230817-Honig und Augenpflege Tour&quot;,&quot;caption&quot;:&quot;20230817-Honig und Augenpflege Tour&quot;,&quot;itemprop&quot;:&quot;image&quot;},{&quot;src&quot;:&quot;https:\\\/\\\/i0.wp.com\\\/rninet-scrambler.com\\\/wp-content\\\/uploads\\\/2023\\\/08\\\/IMG_6919-scaled.jpeg?fit=2560%2C1920\\u0026ssl=1&quot;,&quot;id&quot;:&quot;1907&quot;,&quot;title&quot;:&quot;IMG_6919&quot;,&quot;alt&quot;:&quot;20230817-Honig und Augenpflege Tour&quot;,&quot;caption&quot;:&quot;20230817-Honig und Augenpflege Tour&quot;,&quot;itemprop&quot;:&quot;image&quot;},{&quot;src&quot;:&quot;https:\\\/\\\/i0.wp.com\\\/rninet-scrambler.com\\\/wp-content\\\/uploads\\\/2023\\\/08\\\/IMG_6922-scaled.jpeg?fit=1920%2C2560\\u0026ssl=1&quot;,&quot;id&quot;:&quot;1904&quot;,&quot;title&quot;:&quot;IMG_6922&quot;,&quot;alt&quot;:&quot;20230817-Honig und Augenpflege Tour&quot;,&quot;caption&quot;:&quot;20230817-Honig und Augenpflege Tour&quot;,&quot;itemprop&quot;:&quot;image&quot;}]\" itemscope itemtype=\"https:\/\/schema.org\/ImageGallery\"><\/div>\n","protected":false},"excerpt":{"rendered":"<p>irgendwie hat es die Tage nur f\u00fcr kleine max. 150km Runden gereicht und Migr\u00e4ne hatte ich auch. Also alles doof und umso mehr habe ich auf heute gefreut. Hier nehme ich mal vorweg das es 290km in der Summe werden \ud83d\ude42 Erstmal nach Altdorf zur Apotheke und der Dame mein Problem mit den Augen geschildert. &hellip; <\/p>\n<p class=\"link-more\"><a href=\"https:\/\/rninet-scrambler.com\/?page_id=1913\" class=\"more-link\"><span class=\"screen-reader-text\">\u201e2023 &#8211; Honig kaufen und Augenpflege Tour\u201c <\/span>weiterlesen<\/a><\/p>\n","protected":false},"author":1,"featured_media":0,"parent":1691,"menu_order":0,"comment_status":"closed","ping_status":"closed","template":"","meta":{"jetpack_post_was_ever_published":false,"footnotes":""},"class_list":["post-1913","page","type-page","status-publish","hentry"],"jetpack_likes_enabled":true,"jetpack_shortlink":"https:\/\/wp.me\/PdiVqQ-uR","jetpack_sharing_enabled":true,"_links":{"self":[{"href":"https:\/\/rninet-scrambler.com\/index.php?rest_route=\/wp\/v2\/pages\/1913","targetHints":{"allow":["GET"]}}],"collection":[{"href":"https:\/\/rninet-scrambler.com\/index.php?rest_route=\/wp\/v2\/pages"}],"about":[{"href":"https:\/\/rninet-scrambler.com\/index.php?rest_route=\/wp\/v2\/types\/page"}],"author":[{"embeddable":true,"href":"https:\/\/rninet-scrambler.com\/index.php?rest_route=\/wp\/v2\/users\/1"}],"replies":[{"embeddable":true,"href":"https:\/\/rninet-scrambler.com\/index.php?rest_route=%2Fwp%2Fv2%2Fcomments&post=1913"}],"version-history":[{"count":0,"href":"https:\/\/rninet-scrambler.com\/index.php?rest_route=\/wp\/v2\/pages\/1913\/revisions"}],"up":[{"embeddable":true,"href":"https:\/\/rninet-scrambler.com\/index.php?rest_route=\/wp\/v2\/pages\/1691"}],"wp:attachment":[{"href":"https:\/\/rninet-scrambler.com\/index.php?rest_route=%2Fwp%2Fv2%2Fmedia&parent=1913"}],"curies":[{"name":"wp","href":"https:\/\/api.w.org\/{rel}","templated":true}]}}