{"id":1873,"date":"2023-08-13T12:12:24","date_gmt":"2023-08-13T10:12:24","guid":{"rendered":"https:\/\/rninet-scrambler.com\/?page_id=1873"},"modified":"2024-02-12T12:11:13","modified_gmt":"2024-02-12T11:11:13","slug":"2023-mal-kurz-eine-runde","status":"publish","type":"page","link":"https:\/\/rninet-scrambler.com\/?page_id=1873","title":{"rendered":"2023 &#8211; mal kurz eine Runde und dann Sattelpflege"},"content":{"rendered":"<p>spontan mal eben bei Silke und R\u00fc vorbei und dann in Landshut gefr\u00fchst\u00fcckt und wieder Heim da die Kinder alleine waren &#8230;.<\/p>\n<p class=\"jetpack-slideshow-noscript robots-nocontent\">Diese Diashow ben\u00f6tigt JavaScript.<\/p><div id=\"gallery-1873-1-slideshow\" class=\"jetpack-slideshow-window jetpack-slideshow jetpack-slideshow-black\" data-trans=\"fade\" data-autostart=\"1\" data-gallery=\"[{&quot;src&quot;:&quot;https:\\\/\\\/i0.wp.com\\\/rninet-scrambler.com\\\/wp-content\\\/uploads\\\/2023\\\/08\\\/IMG_6892-scaled.jpeg?fit=1920%2C2560\\u0026ssl=1&quot;,&quot;id&quot;:&quot;1870&quot;,&quot;title&quot;:&quot;IMG_6892&quot;,&quot;alt&quot;:&quot;20230813-mal so eine Runde&quot;,&quot;caption&quot;:&quot;20230813-mal so eine Runde&quot;,&quot;itemprop&quot;:&quot;image&quot;},{&quot;src&quot;:&quot;https:\\\/\\\/i0.wp.com\\\/rninet-scrambler.com\\\/wp-content\\\/uploads\\\/2023\\\/08\\\/IMG_6891-scaled.jpeg?fit=2560%2C1920\\u0026ssl=1&quot;,&quot;id&quot;:&quot;1871&quot;,&quot;title&quot;:&quot;IMG_6891&quot;,&quot;alt&quot;:&quot;20230813-mal so eine Runde&quot;,&quot;caption&quot;:&quot;20230813-mal so eine Runde&quot;,&quot;itemprop&quot;:&quot;image&quot;}]\" itemscope itemtype=\"https:\/\/schema.org\/ImageGallery\"><\/div>\n<p>jetzt noch die Sitzbank in der Sonne eingefettet nach der Dusche im Mai.<\/p>\n<p class=\"jetpack-slideshow-noscript robots-nocontent\">Diese Diashow ben\u00f6tigt JavaScript.<\/p><div id=\"gallery-1873-2-slideshow\" class=\"jetpack-slideshow-window jetpack-slideshow jetpack-slideshow-black\" data-trans=\"fade\" data-autostart=\"1\" data-gallery=\"[{&quot;src&quot;:&quot;https:\\\/\\\/i0.wp.com\\\/rninet-scrambler.com\\\/wp-content\\\/uploads\\\/2023\\\/08\\\/72F9C06A-EBE0-4590-B32A-C0B3302CA43B.jpg?fit=1440%2C1800\\u0026ssl=1&quot;,&quot;id&quot;:&quot;1880&quot;,&quot;title&quot;:&quot;72F9C06A-EBE0-4590-B32A-C0B3302CA43B&quot;,&quot;alt&quot;:&quot;20230813-Sattelpflege&quot;,&quot;caption&quot;:&quot;20230813-Sattelpflege&quot;,&quot;itemprop&quot;:&quot;image&quot;},{&quot;src&quot;:&quot;https:\\\/\\\/i0.wp.com\\\/rninet-scrambler.com\\\/wp-content\\\/uploads\\\/2023\\\/08\\\/IMG_6899-scaled.jpeg?fit=1920%2C2560\\u0026ssl=1&quot;,&quot;id&quot;:&quot;1879&quot;,&quot;title&quot;:&quot;IMG_6899&quot;,&quot;alt&quot;:&quot;20230813-Sattelpflege&quot;,&quot;caption&quot;:&quot;20230813-Sattelpflege&quot;,&quot;itemprop&quot;:&quot;image&quot;},{&quot;src&quot;:&quot;https:\\\/\\\/i0.wp.com\\\/rninet-scrambler.com\\\/wp-content\\\/uploads\\\/2023\\\/08\\\/4A7F218A-C47C-4CEF-821B-106379B83C93.jpg?fit=1440%2C1800\\u0026ssl=1&quot;,&quot;id&quot;:&quot;1881&quot;,&quot;title&quot;:&quot;4A7F218A-C47C-4CEF-821B-106379B83C93&quot;,&quot;alt&quot;:&quot;20230813-Sattelpflege&quot;,&quot;caption&quot;:&quot;20230813-Sattelpflege&quot;,&quot;itemprop&quot;:&quot;image&quot;}]\" itemscope itemtype=\"https:\/\/schema.org\/ImageGallery\"><\/div>\n","protected":false},"excerpt":{"rendered":"<p>spontan mal eben bei Silke und R\u00fc vorbei und dann in Landshut gefr\u00fchst\u00fcckt und wieder Heim da die Kinder alleine waren &#8230;. jetzt noch die Sitzbank in der Sonne eingefettet nach der Dusche im Mai.<\/p>\n","protected":false},"author":1,"featured_media":0,"parent":1691,"menu_order":0,"comment_status":"closed","ping_status":"closed","template":"","meta":{"jetpack_post_was_ever_published":false,"footnotes":""},"class_list":["post-1873","page","type-page","status-publish","hentry"],"jetpack_likes_enabled":true,"jetpack_shortlink":"https:\/\/wp.me\/PdiVqQ-ud","jetpack_sharing_enabled":true,"_links":{"self":[{"href":"https:\/\/rninet-scrambler.com\/index.php?rest_route=\/wp\/v2\/pages\/1873","targetHints":{"allow":["GET"]}}],"collection":[{"href":"https:\/\/rninet-scrambler.com\/index.php?rest_route=\/wp\/v2\/pages"}],"about":[{"href":"https:\/\/rninet-scrambler.com\/index.php?rest_route=\/wp\/v2\/types\/page"}],"author":[{"embeddable":true,"href":"https:\/\/rninet-scrambler.com\/index.php?rest_route=\/wp\/v2\/users\/1"}],"replies":[{"embeddable":true,"href":"https:\/\/rninet-scrambler.com\/index.php?rest_route=%2Fwp%2Fv2%2Fcomments&post=1873"}],"version-history":[{"count":0,"href":"https:\/\/rninet-scrambler.com\/index.php?rest_route=\/wp\/v2\/pages\/1873\/revisions"}],"up":[{"embeddable":true,"href":"https:\/\/rninet-scrambler.com\/index.php?rest_route=\/wp\/v2\/pages\/1691"}],"wp:attachment":[{"href":"https:\/\/rninet-scrambler.com\/index.php?rest_route=%2Fwp%2Fv2%2Fmedia&parent=1873"}],"curies":[{"name":"wp","href":"https:\/\/api.w.org\/{rel}","templated":true}]}}