{"id":1566,"date":"2022-09-06T16:46:13","date_gmt":"2022-09-06T14:46:13","guid":{"rendered":"https:\/\/rninet-scrambler.com\/?page_id=1566"},"modified":"2024-02-12T12:10:46","modified_gmt":"2024-02-12T11:10:46","slug":"2022-tour-im-september","status":"publish","type":"page","link":"https:\/\/rninet-scrambler.com\/?page_id=1566","title":{"rendered":"2022 &#8211; Tour im September"},"content":{"rendered":"<p>Wetter sollte drei Tage passen so packe ich Sonntag meine Tasche ohne Regenzeug! und mache mich nach 10 Uhr auf dem Weg nach Th\u00fcringen. In Ilmenau \u00a0schnell noch ein Hotel gebucht. (Wie es sich sp\u00e4ter rausstellen sollte ist es erst seit 14 Tagen er\u00f6ffnet \ud83d\ude42 )<\/p>\n<p>Am ersten Tag bin ich \u00fcber Heckenhof (danke Elke f\u00fcr den Tipp!) und der \u00a0Frankenwaldhochstra\u00dfe rein in den Th\u00fcringerwald gefahren und gute 400km habe ich da gemacht. Der zweite Tag wurde leider zur R\u00fcckfahrt da abends\/morgens die Wettervorhersage nichts so gut ausschaut. Haben da auch nochmal 400km gemacht und bin \u00fcber eine andere Route zur\u00fcck.<\/p>\n<p>Danke f\u00fcr die gute Zeit und das trockene Wetter. Ich denke das war es mit der meiner Fahrerei f\u00fcr 2022. Bis 2023&#8230;&#8230;&#8230;<\/p>\n<p>Die Linke zum Gru\u00df Jens<\/p>\n<p class=\"jetpack-slideshow-noscript robots-nocontent\">Diese Diashow ben\u00f6tigt JavaScript.<\/p><div id=\"gallery-1566-1-slideshow\" class=\"jetpack-slideshow-window jetpack-slideshow jetpack-slideshow-black\" data-trans=\"fade\" data-autostart=\"1\" data-gallery=\"[{&quot;src&quot;:&quot;https:\\\/\\\/i0.wp.com\\\/rninet-scrambler.com\\\/wp-content\\\/uploads\\\/2022\\\/09\\\/dji_mimo_20220904_153548_17_1662323032120_photo-scaled.jpg?fit=2560%2C1440\\u0026ssl=1&quot;,&quot;id&quot;:&quot;1524&quot;,&quot;title&quot;:&quot;20220904-Tour im September&quot;,&quot;alt&quot;:&quot;20220904-Tour im September&quot;,&quot;caption&quot;:&quot;20220904-Tour im September&quot;,&quot;itemprop&quot;:&quot;image&quot;},{&quot;src&quot;:&quot;https:\\\/\\\/i0.wp.com\\\/rninet-scrambler.com\\\/wp-content\\\/uploads\\\/2022\\\/09\\\/dji_mimo_20220904_153600_18_1662323030956_photo-scaled.jpg?fit=2560%2C1440\\u0026ssl=1&quot;,&quot;id&quot;:&quot;1525&quot;,&quot;title&quot;:&quot;20220904-Tour im September&quot;,&quot;alt&quot;:&quot;20220904-Tour im September&quot;,&quot;caption&quot;:&quot;20220904-Tour im September&quot;,&quot;itemprop&quot;:&quot;image&quot;},{&quot;src&quot;:&quot;https:\\\/\\\/i0.wp.com\\\/rninet-scrambler.com\\\/wp-content\\\/uploads\\\/2022\\\/09\\\/dji_mimo_20220904_153530_16_1662323031781_photo-scaled.jpg?fit=2560%2C1440\\u0026ssl=1&quot;,&quot;id&quot;:&quot;1523&quot;,&quot;title&quot;:&quot;20220904-Tour im September&quot;,&quot;alt&quot;:&quot;20220904-Tour im September&quot;,&quot;caption&quot;:&quot;20220904-Tour im September&quot;,&quot;itemprop&quot;:&quot;image&quot;},{&quot;src&quot;:&quot;https:\\\/\\\/i0.wp.com\\\/rninet-scrambler.com\\\/wp-content\\\/uploads\\\/2022\\\/09\\\/dji_mimo_20220904_153514_15_1662323031359_photo-scaled.jpg?fit=2560%2C1440\\u0026ssl=1&quot;,&quot;id&quot;:&quot;1522&quot;,&quot;title&quot;:&quot;20220904-Tour im September&quot;,&quot;alt&quot;:&quot;20220904-Tour im September&quot;,&quot;caption&quot;:&quot;20220904-Tour im Septemberdefault&quot;,&quot;itemprop&quot;:&quot;image&quot;},{&quot;src&quot;:&quot;https:\\\/\\\/i0.wp.com\\\/rninet-scrambler.com\\\/wp-content\\\/uploads\\\/2022\\\/09\\\/dji_mimo_20220904_153618_19_1662323030609_photo-scaled.jpg?fit=2560%2C1440\\u0026ssl=1&quot;,&quot;id&quot;:&quot;1526&quot;,&quot;title&quot;:&quot;20220904-Tour im September&quot;,&quot;alt&quot;:&quot;20220904-Tour im September&quot;,&quot;caption&quot;:&quot;20220904-Tour im September&quot;,&quot;itemprop&quot;:&quot;image&quot;},{&quot;src&quot;:&quot;https:\\\/\\\/i0.wp.com\\\/rninet-scrambler.com\\\/wp-content\\\/uploads\\\/2022\\\/09\\\/dji_mimo_20220905_105502_55_1662387515936_photo-scaled.jpg?fit=2560%2C1440\\u0026ssl=1&quot;,&quot;id&quot;:&quot;1551&quot;,&quot;title&quot;:&quot;20220905-Tour im September&quot;,&quot;alt&quot;:&quot;20220905-Tour im September&quot;,&quot;caption&quot;:&quot;20220905-Tour im September&quot;,&quot;itemprop&quot;:&quot;image&quot;},{&quot;src&quot;:&quot;https:\\\/\\\/i0.wp.com\\\/rninet-scrambler.com\\\/wp-content\\\/uploads\\\/2022\\\/09\\\/68407945677__3CA4191F-1277-4348-816D-677E71948F20-scaled.jpeg?fit=1920%2C2560\\u0026ssl=1&quot;,&quot;id&quot;:&quot;1563&quot;,&quot;title&quot;:&quot;68407945677__3CA4191F-1277-4348-816D-677E71948F20&quot;,&quot;alt&quot;:&quot;20220905-Tour im September&quot;,&quot;caption&quot;:&quot;20220905-Tour im September&quot;,&quot;itemprop&quot;:&quot;image&quot;},{&quot;src&quot;:&quot;https:\\\/\\\/i0.wp.com\\\/rninet-scrambler.com\\\/wp-content\\\/uploads\\\/2022\\\/09\\\/IMG_3810-scaled.jpeg?fit=2560%2C1920\\u0026ssl=1&quot;,&quot;id&quot;:&quot;1539&quot;,&quot;title&quot;:&quot;IMG_3810&quot;,&quot;alt&quot;:&quot;20220905-Tour im September&quot;,&quot;caption&quot;:&quot;20220905-Tour im September&quot;,&quot;itemprop&quot;:&quot;image&quot;},{&quot;src&quot;:&quot;https:\\\/\\\/i0.wp.com\\\/rninet-scrambler.com\\\/wp-content\\\/uploads\\\/2022\\\/09\\\/dji_mimo_20220905_104648_49_1662387518820_photo-scaled.jpg?fit=2560%2C1440\\u0026ssl=1&quot;,&quot;id&quot;:&quot;1545&quot;,&quot;title&quot;:&quot;20220905-Tour im September&quot;,&quot;alt&quot;:&quot;20220905-Tour im September&quot;,&quot;caption&quot;:&quot;20220905-Tour im September&quot;,&quot;itemprop&quot;:&quot;image&quot;},{&quot;src&quot;:&quot;https:\\\/\\\/i0.wp.com\\\/rninet-scrambler.com\\\/wp-content\\\/uploads\\\/2022\\\/09\\\/IMG_3808-scaled.jpeg?fit=1920%2C2560\\u0026ssl=1&quot;,&quot;id&quot;:&quot;1537&quot;,&quot;title&quot;:&quot;IMG_3808&quot;,&quot;alt&quot;:&quot;20220905-Tour im September&quot;,&quot;caption&quot;:&quot;20220905-Tour im September&quot;,&quot;itemprop&quot;:&quot;image&quot;},{&quot;src&quot;:&quot;https:\\\/\\\/i0.wp.com\\\/rninet-scrambler.com\\\/wp-content\\\/uploads\\\/2022\\\/09\\\/dji_mimo_20220904_153624_20_1662323030153_photo-scaled.jpg?fit=2560%2C1440\\u0026ssl=1&quot;,&quot;id&quot;:&quot;1527&quot;,&quot;title&quot;:&quot;20220904-Tour im September&quot;,&quot;alt&quot;:&quot;20220904-Tour im September&quot;,&quot;caption&quot;:&quot;20220904-Tour im September&quot;,&quot;itemprop&quot;:&quot;image&quot;},{&quot;src&quot;:&quot;https:\\\/\\\/i0.wp.com\\\/rninet-scrambler.com\\\/wp-content\\\/uploads\\\/2022\\\/09\\\/IMG_3794-scaled.jpeg?fit=1920%2C2560\\u0026ssl=1&quot;,&quot;id&quot;:&quot;1535&quot;,&quot;title&quot;:&quot;20220904-Tour im September&quot;,&quot;alt&quot;:&quot;20220904-Tour im September&quot;,&quot;caption&quot;:&quot;20220904-Tour im September&quot;,&quot;itemprop&quot;:&quot;image&quot;},{&quot;src&quot;:&quot;https:\\\/\\\/i0.wp.com\\\/rninet-scrambler.com\\\/wp-content\\\/uploads\\\/2022\\\/09\\\/dji_mimo_20220905_104614_47_1662387519769_photo-scaled.jpg?fit=2560%2C1440\\u0026ssl=1&quot;,&quot;id&quot;:&quot;1543&quot;,&quot;title&quot;:&quot;20220905-Tour im September&quot;,&quot;alt&quot;:&quot;20220905-Tour im September&quot;,&quot;caption&quot;:&quot;20220905-Tour im September&quot;,&quot;itemprop&quot;:&quot;image&quot;},{&quot;src&quot;:&quot;https:\\\/\\\/i0.wp.com\\\/rninet-scrambler.com\\\/wp-content\\\/uploads\\\/2022\\\/09\\\/dji_mimo_20220904_153848_23_1662323029718_photo-scaled.jpg?fit=2560%2C1440\\u0026ssl=1&quot;,&quot;id&quot;:&quot;1530&quot;,&quot;title&quot;:&quot;20220905-Tour im September&quot;,&quot;alt&quot;:&quot;20220905-Tour im September&quot;,&quot;caption&quot;:&quot;20220905-Tour im September&quot;,&quot;itemprop&quot;:&quot;image&quot;},{&quot;src&quot;:&quot;https:\\\/\\\/i0.wp.com\\\/rninet-scrambler.com\\\/wp-content\\\/uploads\\\/2022\\\/09\\\/dji_mimo_20220905_105532_57_1662387515171_photo-scaled.jpg?fit=2560%2C1440\\u0026ssl=1&quot;,&quot;id&quot;:&quot;1553&quot;,&quot;title&quot;:&quot;20220905-Tour im September&quot;,&quot;alt&quot;:&quot;20220905-Tour im September&quot;,&quot;caption&quot;:&quot;20220905-Tour im September&quot;,&quot;itemprop&quot;:&quot;image&quot;},{&quot;src&quot;:&quot;https:\\\/\\\/i0.wp.com\\\/rninet-scrambler.com\\\/wp-content\\\/uploads\\\/2022\\\/09\\\/dji_mimo_20220905_104704_50_1662387518369_photo-scaled.jpg?fit=2560%2C1440\\u0026ssl=1&quot;,&quot;id&quot;:&quot;1546&quot;,&quot;title&quot;:&quot;20220905-Tour im September&quot;,&quot;alt&quot;:&quot;20220905-Tour im September&quot;,&quot;caption&quot;:&quot;20220905-Tour im September&quot;,&quot;itemprop&quot;:&quot;image&quot;},{&quot;src&quot;:&quot;https:\\\/\\\/i0.wp.com\\\/rninet-scrambler.com\\\/wp-content\\\/uploads\\\/2022\\\/09\\\/20220904-05-Septembertour-2022-scaled.jpeg?fit=1920%2C2560\\u0026ssl=1&quot;,&quot;id&quot;:&quot;1561&quot;,&quot;title&quot;:&quot;20220904-05-Septembertour 2022&quot;,&quot;alt&quot;:&quot;&quot;,&quot;caption&quot;:&quot;&quot;,&quot;itemprop&quot;:&quot;image&quot;},{&quot;src&quot;:&quot;https:\\\/\\\/i0.wp.com\\\/rninet-scrambler.com\\\/wp-content\\\/uploads\\\/2022\\\/09\\\/dji_mimo_20220904_154042_26_1662323027941_photo-scaled.jpg?fit=2560%2C1440\\u0026ssl=1&quot;,&quot;id&quot;:&quot;1533&quot;,&quot;title&quot;:&quot;20220904-Tour im September&quot;,&quot;alt&quot;:&quot;20220904-Tour im September&quot;,&quot;caption&quot;:&quot;20220904-Tour im September&quot;,&quot;itemprop&quot;:&quot;image&quot;},{&quot;src&quot;:&quot;https:\\\/\\\/i0.wp.com\\\/rninet-scrambler.com\\\/wp-content\\\/uploads\\\/2022\\\/09\\\/dji_mimo_20220905_140246_63_1662387514745_photo-scaled.jpg?fit=2560%2C1440\\u0026ssl=1&quot;,&quot;id&quot;:&quot;1554&quot;,&quot;title&quot;:&quot;20220905-Tour im September&quot;,&quot;alt&quot;:&quot;20220905-Tour im September&quot;,&quot;caption&quot;:&quot;20220905-Tour im September&quot;,&quot;itemprop&quot;:&quot;image&quot;},{&quot;src&quot;:&quot;https:\\\/\\\/i0.wp.com\\\/rninet-scrambler.com\\\/wp-content\\\/uploads\\\/2022\\\/09\\\/dji_mimo_20220904_153944_25_1662323028295_photo-scaled.jpg?fit=2560%2C1440\\u0026ssl=1&quot;,&quot;id&quot;:&quot;1532&quot;,&quot;title&quot;:&quot;20220904-Tour im September&quot;,&quot;alt&quot;:&quot;20220904-Tour im September&quot;,&quot;caption&quot;:&quot;20220904-Tour im September&quot;,&quot;itemprop&quot;:&quot;image&quot;},{&quot;src&quot;:&quot;https:\\\/\\\/i0.wp.com\\\/rninet-scrambler.com\\\/wp-content\\\/uploads\\\/2022\\\/09\\\/dji_mimo_20220905_104600_46_1662387520701_photo-scaled.jpg?fit=2560%2C1440\\u0026ssl=1&quot;,&quot;id&quot;:&quot;1542&quot;,&quot;title&quot;:&quot;20220905-Tour im September&quot;,&quot;alt&quot;:&quot;20220905-Tour im September&quot;,&quot;caption&quot;:&quot;20220905-Tour im September&quot;,&quot;itemprop&quot;:&quot;image&quot;},{&quot;src&quot;:&quot;https:\\\/\\\/i0.wp.com\\\/rninet-scrambler.com\\\/wp-content\\\/uploads\\\/2022\\\/09\\\/dji_mimo_20220905_104834_53_1662387517231_photo-scaled.jpg?fit=2560%2C1440\\u0026ssl=1&quot;,&quot;id&quot;:&quot;1549&quot;,&quot;title&quot;:&quot;20220905-Tour im September&quot;,&quot;alt&quot;:&quot;20220905-Tour im September&quot;,&quot;caption&quot;:&quot;20220905-Tour im September&quot;,&quot;itemprop&quot;:&quot;image&quot;},{&quot;src&quot;:&quot;https:\\\/\\\/i0.wp.com\\\/rninet-scrambler.com\\\/wp-content\\\/uploads\\\/2022\\\/09\\\/IMG_3781-scaled.jpeg?fit=1920%2C2560\\u0026ssl=1&quot;,&quot;id&quot;:&quot;1534&quot;,&quot;title&quot;:&quot;IMG_3781&quot;,&quot;alt&quot;:&quot;20220904-Tour im September&quot;,&quot;caption&quot;:&quot;20220904-Tour im September&quot;,&quot;itemprop&quot;:&quot;image&quot;},{&quot;src&quot;:&quot;https:\\\/\\\/i0.wp.com\\\/rninet-scrambler.com\\\/wp-content\\\/uploads\\\/2022\\\/09\\\/dji_mimo_20220905_140326_66_1662387513929_photo-scaled.jpg?fit=2560%2C1440\\u0026ssl=1&quot;,&quot;id&quot;:&quot;1557&quot;,&quot;title&quot;:&quot;20220905-Tour im September&quot;,&quot;alt&quot;:&quot;20220905-Tour im September&quot;,&quot;caption&quot;:&quot;20220905-Tour im September&quot;,&quot;itemprop&quot;:&quot;image&quot;},{&quot;src&quot;:&quot;https:\\\/\\\/i0.wp.com\\\/rninet-scrambler.com\\\/wp-content\\\/uploads\\\/2022\\\/09\\\/dji_mimo_20220904_153646_21_1662323028991_photo-scaled.jpg?fit=2560%2C1440\\u0026ssl=1&quot;,&quot;id&quot;:&quot;1528&quot;,&quot;title&quot;:&quot;20220904-Tour im September&quot;,&quot;alt&quot;:&quot;20220904-Tour im September&quot;,&quot;caption&quot;:&quot;20220904-Tour im September&quot;,&quot;itemprop&quot;:&quot;image&quot;},{&quot;src&quot;:&quot;https:\\\/\\\/i0.wp.com\\\/rninet-scrambler.com\\\/wp-content\\\/uploads\\\/2022\\\/09\\\/dji_mimo_20220905_140352_67_1662387513522_photo-scaled.jpg?fit=2560%2C1440\\u0026ssl=1&quot;,&quot;id&quot;:&quot;1558&quot;,&quot;title&quot;:&quot;20220905-Tour im September&quot;,&quot;alt&quot;:&quot;20220905-Tour im September&quot;,&quot;caption&quot;:&quot;20220905-Tour im September&quot;,&quot;itemprop&quot;:&quot;image&quot;},{&quot;src&quot;:&quot;https:\\\/\\\/i0.wp.com\\\/rninet-scrambler.com\\\/wp-content\\\/uploads\\\/2022\\\/09\\\/dji_mimo_20220905_104840_54_1662387517581_photo-scaled.jpg?fit=2560%2C1440\\u0026ssl=1&quot;,&quot;id&quot;:&quot;1550&quot;,&quot;title&quot;:&quot;20220905-Tour im September&quot;,&quot;alt&quot;:&quot;20220905-Tour im September&quot;,&quot;caption&quot;:&quot;20220905-Tour im September&quot;,&quot;itemprop&quot;:&quot;image&quot;},{&quot;src&quot;:&quot;https:\\\/\\\/i0.wp.com\\\/rninet-scrambler.com\\\/wp-content\\\/uploads\\\/2022\\\/09\\\/IMG_3807-scaled.jpeg?fit=1920%2C2560\\u0026ssl=1&quot;,&quot;id&quot;:&quot;1536&quot;,&quot;title&quot;:&quot;IMG_3807&quot;,&quot;alt&quot;:&quot;20220905-Tour im September&quot;,&quot;caption&quot;:&quot;20220905-Tour im September&quot;,&quot;itemprop&quot;:&quot;image&quot;},{&quot;src&quot;:&quot;https:\\\/\\\/i0.wp.com\\\/rninet-scrambler.com\\\/wp-content\\\/uploads\\\/2022\\\/09\\\/dji_mimo_20220905_104552_45_1662387520237_photo-scaled.jpg?fit=2560%2C1440\\u0026ssl=1&quot;,&quot;id&quot;:&quot;1541&quot;,&quot;title&quot;:&quot;20220905-Tour im September&quot;,&quot;alt&quot;:&quot;20220905-Tour im September&quot;,&quot;caption&quot;:&quot;20220905-Tour im September&quot;,&quot;itemprop&quot;:&quot;image&quot;},{&quot;src&quot;:&quot;https:\\\/\\\/i0.wp.com\\\/rninet-scrambler.com\\\/wp-content\\\/uploads\\\/2022\\\/09\\\/IMG_3824-scaled.jpeg?fit=1920%2C2560\\u0026ssl=1&quot;,&quot;id&quot;:&quot;1562&quot;,&quot;title&quot;:&quot;IMG_3824&quot;,&quot;alt&quot;:&quot;20220905-Tour im September&quot;,&quot;caption&quot;:&quot;20220905-Tour im September&quot;,&quot;itemprop&quot;:&quot;image&quot;},{&quot;src&quot;:&quot;https:\\\/\\\/i0.wp.com\\\/rninet-scrambler.com\\\/wp-content\\\/uploads\\\/2022\\\/09\\\/dji_mimo_20220904_153758_22_1662323029351_photo-scaled.jpg?fit=2560%2C1440\\u0026ssl=1&quot;,&quot;id&quot;:&quot;1529&quot;,&quot;title&quot;:&quot;20220905-Tour im September&quot;,&quot;alt&quot;:&quot;20220905-Tour im September&quot;,&quot;caption&quot;:&quot;20220905-Tour im September&quot;,&quot;itemprop&quot;:&quot;image&quot;},{&quot;src&quot;:&quot;https:\\\/\\\/i0.wp.com\\\/rninet-scrambler.com\\\/wp-content\\\/uploads\\\/2022\\\/09\\\/dji_mimo_20220905_104630_48_1662387519291_photo-scaled.jpg?fit=2560%2C1440\\u0026ssl=1&quot;,&quot;id&quot;:&quot;1544&quot;,&quot;title&quot;:&quot;20220905-Tour im September&quot;,&quot;alt&quot;:&quot;20220905-Tour im September&quot;,&quot;caption&quot;:&quot;20220905-Tour im September&quot;,&quot;itemprop&quot;:&quot;image&quot;},{&quot;src&quot;:&quot;https:\\\/\\\/i0.wp.com\\\/rninet-scrambler.com\\\/wp-content\\\/uploads\\\/2022\\\/09\\\/IMG_3811-scaled.jpeg?fit=1920%2C2560\\u0026ssl=1&quot;,&quot;id&quot;:&quot;1540&quot;,&quot;title&quot;:&quot;IMG_3811&quot;,&quot;alt&quot;:&quot;20220905-Tour im September&quot;,&quot;caption&quot;:&quot;20220905-Tour im September&quot;,&quot;itemprop&quot;:&quot;image&quot;},{&quot;src&quot;:&quot;https:\\\/\\\/i0.wp.com\\\/rninet-scrambler.com\\\/wp-content\\\/uploads\\\/2022\\\/09\\\/dji_mimo_20220904_153854_24_1662323028656_photo-scaled.jpg?fit=2560%2C1440\\u0026ssl=1&quot;,&quot;id&quot;:&quot;1531&quot;,&quot;title&quot;:&quot;20220904-Tour im September&quot;,&quot;alt&quot;:&quot;20220904-Tour im September&quot;,&quot;caption&quot;:&quot;20220904-Tour im September&quot;,&quot;itemprop&quot;:&quot;image&quot;},{&quot;src&quot;:&quot;https:\\\/\\\/i0.wp.com\\\/rninet-scrambler.com\\\/wp-content\\\/uploads\\\/2022\\\/09\\\/dji_mimo_20220905_104810_52_1662387517941_photo-scaled.jpg?fit=2560%2C1440\\u0026ssl=1&quot;,&quot;id&quot;:&quot;1548&quot;,&quot;title&quot;:&quot;20220905-Tour im September&quot;,&quot;alt&quot;:&quot;20220905-Tour im September&quot;,&quot;caption&quot;:&quot;20220905-Tour im September&quot;,&quot;itemprop&quot;:&quot;image&quot;},{&quot;src&quot;:&quot;https:\\\/\\\/i0.wp.com\\\/rninet-scrambler.com\\\/wp-content\\\/uploads\\\/2022\\\/09\\\/dji_mimo_20220905_140316_65_1662387514330_photo-scaled.jpg?fit=2560%2C1440\\u0026ssl=1&quot;,&quot;id&quot;:&quot;1556&quot;,&quot;title&quot;:&quot;20220905-Tour im September&quot;,&quot;alt&quot;:&quot;20220905-Tour im September&quot;,&quot;caption&quot;:&quot;20220905-Tour im September&quot;,&quot;itemprop&quot;:&quot;image&quot;},{&quot;src&quot;:&quot;https:\\\/\\\/i0.wp.com\\\/rninet-scrambler.com\\\/wp-content\\\/uploads\\\/2022\\\/09\\\/IMG_3809-scaled.jpeg?fit=1920%2C2560\\u0026ssl=1&quot;,&quot;id&quot;:&quot;1538&quot;,&quot;title&quot;:&quot;IMG_3809&quot;,&quot;alt&quot;:&quot;20220905-Tour im September&quot;,&quot;caption&quot;:&quot;20220905-Tour im September&quot;,&quot;itemprop&quot;:&quot;image&quot;},{&quot;src&quot;:&quot;https:\\\/\\\/i0.wp.com\\\/rninet-scrambler.com\\\/wp-content\\\/uploads\\\/2022\\\/09\\\/dji_mimo_20220905_105522_56_1662387515568_photo-scaled.jpg?fit=2560%2C1440\\u0026ssl=1&quot;,&quot;id&quot;:&quot;1552&quot;,&quot;title&quot;:&quot;20220905-Tour im September&quot;,&quot;alt&quot;:&quot;20220905-Tour im September&quot;,&quot;caption&quot;:&quot;20220905-Tour im September&quot;,&quot;itemprop&quot;:&quot;image&quot;},{&quot;src&quot;:&quot;https:\\\/\\\/i0.wp.com\\\/rninet-scrambler.com\\\/wp-content\\\/uploads\\\/2022\\\/09\\\/dji_mimo_20220905_104746_51_1662387516809_photo-scaled.jpg?fit=2560%2C1440\\u0026ssl=1&quot;,&quot;id&quot;:&quot;1547&quot;,&quot;title&quot;:&quot;20220905-Tour im September&quot;,&quot;alt&quot;:&quot;20220905-Tour im September&quot;,&quot;caption&quot;:&quot;20220905-Tour im September&quot;,&quot;itemprop&quot;:&quot;image&quot;},{&quot;src&quot;:&quot;https:\\\/\\\/i0.wp.com\\\/rninet-scrambler.com\\\/wp-content\\\/uploads\\\/2022\\\/09\\\/dji_mimo_20220905_140356_68_1662387513125_photo-scaled.jpg?fit=2560%2C1440\\u0026ssl=1&quot;,&quot;id&quot;:&quot;1559&quot;,&quot;title&quot;:&quot;20220905-Tour im September&quot;,&quot;alt&quot;:&quot;20220905-Tour im September&quot;,&quot;caption&quot;:&quot;20220905-Tour im September&quot;,&quot;itemprop&quot;:&quot;image&quot;},{&quot;src&quot;:&quot;https:\\\/\\\/i0.wp.com\\\/rninet-scrambler.com\\\/wp-content\\\/uploads\\\/2022\\\/09\\\/dji_mimo_20220905_140304_64_1662387516388_photo-scaled.jpg?fit=2560%2C1440\\u0026ssl=1&quot;,&quot;id&quot;:&quot;1555&quot;,&quot;title&quot;:&quot;20220905-Tour im September&quot;,&quot;alt&quot;:&quot;20220905-Tour im September&quot;,&quot;caption&quot;:&quot;20220905-Tour im September&quot;,&quot;itemprop&quot;:&quot;image&quot;}]\" itemscope itemtype=\"https:\/\/schema.org\/ImageGallery\"><\/div>\n<p>anbei Videos von der Tour \ud83d\ude42<\/p>\n<p><strong>20220905 &#8211; \u00a0September Tour Teil 1<\/strong><\/p>\n<div style=\"width: 525px;\" class=\"wp-video\"><video class=\"wp-video-shortcode\" id=\"video-1566-1\" width=\"525\" height=\"295\" preload=\"metadata\" controls=\"controls\"><source type=\"video\/mp4\" src=\"https:\/\/h2965344.stratoserver.net\/rninet-scrambler.com\/Images\/20220905-t1-SeptemberTour.mp4?_=1\" \/><a href=\"https:\/\/h2965344.stratoserver.net\/rninet-scrambler.com\/Images\/20220905-t1-SeptemberTour.mp4\">https:\/\/h2965344.stratoserver.net\/rninet-scrambler.com\/Images\/20220905-t1-SeptemberTour.mp4<\/a><\/video><\/div>\n<p><strong>20220905 &#8211; September Tour Teil 2<\/strong><\/p>\n<div style=\"width: 525px;\" class=\"wp-video\"><video class=\"wp-video-shortcode\" id=\"video-1566-2\" width=\"525\" height=\"295\" preload=\"metadata\" controls=\"controls\"><source type=\"video\/mp4\" src=\"https:\/\/h2965344.stratoserver.net\/rninet-scrambler.com\/Images\/20220905-t2-SeptemberTour.mp4?_=2\" \/><a href=\"https:\/\/h2965344.stratoserver.net\/rninet-scrambler.com\/Images\/20220905-t2-SeptemberTour.mp4\">https:\/\/h2965344.stratoserver.net\/rninet-scrambler.com\/Images\/20220905-t2-SeptemberTour.mp4<\/a><\/video><\/div>\n<p><strong>20220904 &#8211; September Tour<\/strong><\/p>\n<div style=\"width: 525px;\" class=\"wp-video\"><video class=\"wp-video-shortcode\" id=\"video-1566-3\" width=\"525\" height=\"295\" preload=\"metadata\" controls=\"controls\"><source type=\"video\/mp4\" src=\"https:\/\/h2965344.stratoserver.net\/rninet-scrambler.com\/Images\/20220904-SeptemberTour.mp4?_=3\" \/><a href=\"https:\/\/h2965344.stratoserver.net\/rninet-scrambler.com\/Images\/20220904-SeptemberTour.mp4\">https:\/\/h2965344.stratoserver.net\/rninet-scrambler.com\/Images\/20220904-SeptemberTour.mp4<\/a><\/video><\/div>\n<p>&nbsp;<\/p>\n<p>&nbsp;<\/p>\n","protected":false},"excerpt":{"rendered":"<p>Wetter sollte drei Tage passen so packe ich Sonntag meine Tasche ohne Regenzeug! und mache mich nach 10 Uhr auf dem Weg nach Th\u00fcringen. In Ilmenau \u00a0schnell noch ein Hotel gebucht. (Wie es sich sp\u00e4ter rausstellen sollte ist es erst seit 14 Tagen er\u00f6ffnet \ud83d\ude42 ) Am ersten Tag bin ich \u00fcber Heckenhof (danke Elke &hellip; <\/p>\n<p class=\"link-more\"><a href=\"https:\/\/rninet-scrambler.com\/?page_id=1566\" class=\"more-link\"><span class=\"screen-reader-text\">\u201e2022 &#8211; Tour im September\u201c <\/span>weiterlesen<\/a><\/p>\n","protected":false},"author":1,"featured_media":0,"parent":1211,"menu_order":0,"comment_status":"closed","ping_status":"closed","template":"","meta":{"jetpack_post_was_ever_published":false,"footnotes":""},"class_list":["post-1566","page","type-page","status-publish","hentry"],"jetpack_likes_enabled":true,"jetpack_shortlink":"https:\/\/wp.me\/PdiVqQ-pg","jetpack_sharing_enabled":true,"_links":{"self":[{"href":"https:\/\/rninet-scrambler.com\/index.php?rest_route=\/wp\/v2\/pages\/1566","targetHints":{"allow":["GET"]}}],"collection":[{"href":"https:\/\/rninet-scrambler.com\/index.php?rest_route=\/wp\/v2\/pages"}],"about":[{"href":"https:\/\/rninet-scrambler.com\/index.php?rest_route=\/wp\/v2\/types\/page"}],"author":[{"embeddable":true,"href":"https:\/\/rninet-scrambler.com\/index.php?rest_route=\/wp\/v2\/users\/1"}],"replies":[{"embeddable":true,"href":"https:\/\/rninet-scrambler.com\/index.php?rest_route=%2Fwp%2Fv2%2Fcomments&post=1566"}],"version-history":[{"count":0,"href":"https:\/\/rninet-scrambler.com\/index.php?rest_route=\/wp\/v2\/pages\/1566\/revisions"}],"up":[{"embeddable":true,"href":"https:\/\/rninet-scrambler.com\/index.php?rest_route=\/wp\/v2\/pages\/1211"}],"wp:attachment":[{"href":"https:\/\/rninet-scrambler.com\/index.php?rest_route=%2Fwp%2Fv2%2Fmedia&parent=1566"}],"curies":[{"name":"wp","href":"https:\/\/api.w.org\/{rel}","templated":true}]}}