{"id":1382,"date":"2022-06-02T19:03:18","date_gmt":"2022-06-02T17:03:18","guid":{"rendered":"https:\/\/rninet-scrambler.com\/?page_id=1382"},"modified":"2024-02-12T12:10:46","modified_gmt":"2024-02-12T11:10:46","slug":"2022-vatertagstour-und-rock-antenne-motorradtour-2022","status":"publish","type":"page","link":"https:\/\/rninet-scrambler.com\/?page_id=1382","title":{"rendered":"2022 &#8211; Vatertagstour und Rock Antenne Motorradtour 2022"},"content":{"rendered":"<p>Angek\u00fcndigt zuhause das es sein kann das es bei gutem Wetter auf Tour geht habe ich schon als ich Spekulatius gegessen habe. Jetzt ist es soweit Vatertag, morgens 6 Uhr, als ich auf die Wetterkarte geschaut und mich f\u00fcr eine Tour durch die Republik entschieden habe. Was ist machbar mit verschiedenen Wettermodellen? Th\u00fcringer Wald? NRW Heimat oder doch Bodensee? Habe mich dann f\u00fcr Donautal, Schwarzwald, Pf\u00e4lzerwald, Stromberg-Heuchelberg, Schw\u00e4bisch-Fr\u00e4nkischer Wald und Altm\u00fchltal entschieden. Als kr\u00f6nender Abschluss bin ich auf zwei Stationen der Rock Antenne Motorradtour gewesen.\u00a0Danke f\u00fcr die sch\u00f6ne Zeit!<\/p>\n<p>Linke Hand zum Gru\u00df<\/p>\n<p>Jens<\/p>\n<p class=\"jetpack-slideshow-noscript robots-nocontent\">Diese Diashow ben\u00f6tigt JavaScript.<\/p><div id=\"gallery-1382-1-slideshow\" class=\"jetpack-slideshow-window jetpack-slideshow jetpack-slideshow-black\" data-trans=\"fade\" data-autostart=\"1\" data-gallery=\"[{&quot;src&quot;:&quot;https:\\\/\\\/i0.wp.com\\\/rninet-scrambler.com\\\/wp-content\\\/uploads\\\/2022\\\/06\\\/IMG_0624-scaled.jpeg?fit=1920%2C2560\\u0026ssl=1&quot;,&quot;id&quot;:&quot;1377&quot;,&quot;title&quot;:&quot;IMG_0624&quot;,&quot;alt&quot;:&quot;20220526-29- Vatertagstour 2022&quot;,&quot;caption&quot;:&quot;20220526-29- Vatertagstour 2022&quot;,&quot;itemprop&quot;:&quot;image&quot;},{&quot;src&quot;:&quot;https:\\\/\\\/i0.wp.com\\\/rninet-scrambler.com\\\/wp-content\\\/uploads\\\/2022\\\/06\\\/IMG_0571-scaled.jpeg?fit=1923%2C2560\\u0026ssl=1&quot;,&quot;id&quot;:&quot;1348&quot;,&quot;title&quot;:&quot;IMG_0571&quot;,&quot;alt&quot;:&quot;20220526-29- Vatertagstour 2022&quot;,&quot;caption&quot;:&quot;20220526-29- Vatertagstour 2022&quot;,&quot;itemprop&quot;:&quot;image&quot;},{&quot;src&quot;:&quot;https:\\\/\\\/i0.wp.com\\\/rninet-scrambler.com\\\/wp-content\\\/uploads\\\/2022\\\/06\\\/IMG_0616-scaled.jpeg?fit=1920%2C2560\\u0026ssl=1&quot;,&quot;id&quot;:&quot;1369&quot;,&quot;title&quot;:&quot;IMG_0616&quot;,&quot;alt&quot;:&quot;20220526-29- Vatertagstour 2022&quot;,&quot;caption&quot;:&quot;20220526-29- Vatertagstour 2022&quot;,&quot;itemprop&quot;:&quot;image&quot;},{&quot;src&quot;:&quot;https:\\\/\\\/i0.wp.com\\\/rninet-scrambler.com\\\/wp-content\\\/uploads\\\/2022\\\/06\\\/IMG_0611-scaled.jpeg?fit=1920%2C2560\\u0026ssl=1&quot;,&quot;id&quot;:&quot;1364&quot;,&quot;title&quot;:&quot;IMG_0611&quot;,&quot;alt&quot;:&quot;20220526-29- Vatertagstour 2022&quot;,&quot;caption&quot;:&quot;20220526-29- Vatertagstour 2022&quot;,&quot;itemprop&quot;:&quot;image&quot;},{&quot;src&quot;:&quot;https:\\\/\\\/i0.wp.com\\\/rninet-scrambler.com\\\/wp-content\\\/uploads\\\/2022\\\/06\\\/IMG_0591-scaled.jpeg?fit=1920%2C2560\\u0026ssl=1&quot;,&quot;id&quot;:&quot;1355&quot;,&quot;title&quot;:&quot;IMG_0591&quot;,&quot;alt&quot;:&quot;20220526-29- Vatertagstour 2022&quot;,&quot;caption&quot;:&quot;20220526-29- Vatertagstour 2022&quot;,&quot;itemprop&quot;:&quot;image&quot;},{&quot;src&quot;:&quot;https:\\\/\\\/i0.wp.com\\\/rninet-scrambler.com\\\/wp-content\\\/uploads\\\/2022\\\/06\\\/IMG_0582-scaled.jpeg?fit=2560%2C1920\\u0026ssl=1&quot;,&quot;id&quot;:&quot;1350&quot;,&quot;title&quot;:&quot;IMG_0582&quot;,&quot;alt&quot;:&quot;20220526-29- Vatertagstour 2022&quot;,&quot;caption&quot;:&quot;20220526-29- Vatertagstour 2022&quot;,&quot;itemprop&quot;:&quot;image&quot;},{&quot;src&quot;:&quot;https:\\\/\\\/i0.wp.com\\\/rninet-scrambler.com\\\/wp-content\\\/uploads\\\/2022\\\/06\\\/IMG_2676-scaled.jpeg?fit=1920%2C2560\\u0026ssl=1&quot;,&quot;id&quot;:&quot;1330&quot;,&quot;title&quot;:&quot;IMG_2676&quot;,&quot;alt&quot;:&quot;20220526-29- Vatertagstour 2022&quot;,&quot;caption&quot;:&quot;20220526-29- Vatertagstour 2022&quot;,&quot;itemprop&quot;:&quot;image&quot;},{&quot;src&quot;:&quot;https:\\\/\\\/i0.wp.com\\\/rninet-scrambler.com\\\/wp-content\\\/uploads\\\/2022\\\/06\\\/IMG_0562-scaled.jpeg?fit=1923%2C2560\\u0026ssl=1&quot;,&quot;id&quot;:&quot;1344&quot;,&quot;title&quot;:&quot;IMG_0562&quot;,&quot;alt&quot;:&quot;20220526-29- Vatertagstour 2022&quot;,&quot;caption&quot;:&quot;20220526-29- Vatertagstour 2022&quot;,&quot;itemprop&quot;:&quot;image&quot;},{&quot;src&quot;:&quot;https:\\\/\\\/i0.wp.com\\\/rninet-scrambler.com\\\/wp-content\\\/uploads\\\/2022\\\/06\\\/IMG_2675-scaled.jpeg?fit=1920%2C2560\\u0026ssl=1&quot;,&quot;id&quot;:&quot;1329&quot;,&quot;title&quot;:&quot;IMG_2675&quot;,&quot;alt&quot;:&quot;20220526-29- Vatertagstour 2022&quot;,&quot;caption&quot;:&quot;20220526-29- Vatertagstour 2022&quot;,&quot;itemprop&quot;:&quot;image&quot;},{&quot;src&quot;:&quot;https:\\\/\\\/i0.wp.com\\\/rninet-scrambler.com\\\/wp-content\\\/uploads\\\/2022\\\/06\\\/IMG_0613-scaled.jpeg?fit=1920%2C2560\\u0026ssl=1&quot;,&quot;id&quot;:&quot;1366&quot;,&quot;title&quot;:&quot;IMG_0613&quot;,&quot;alt&quot;:&quot;20220526-29- Vatertagstour 2022&quot;,&quot;caption&quot;:&quot;20220526-29- Vatertagstour 2022&quot;,&quot;itemprop&quot;:&quot;image&quot;},{&quot;src&quot;:&quot;https:\\\/\\\/i0.wp.com\\\/rninet-scrambler.com\\\/wp-content\\\/uploads\\\/2022\\\/06\\\/IMG_0559-scaled.jpeg?fit=2560%2C1920\\u0026ssl=1&quot;,&quot;id&quot;:&quot;1341&quot;,&quot;title&quot;:&quot;IMG_0559&quot;,&quot;alt&quot;:&quot;20220526-29- Vatertagstour 2022&quot;,&quot;caption&quot;:&quot;20220526-29- Vatertagstour 2022&quot;,&quot;itemprop&quot;:&quot;image&quot;},{&quot;src&quot;:&quot;https:\\\/\\\/i0.wp.com\\\/rninet-scrambler.com\\\/wp-content\\\/uploads\\\/2022\\\/06\\\/IMG_2677-scaled.jpeg?fit=2560%2C1920\\u0026ssl=1&quot;,&quot;id&quot;:&quot;1331&quot;,&quot;title&quot;:&quot;IMG_2677&quot;,&quot;alt&quot;:&quot;20220526-29- Vatertagstour 2022&quot;,&quot;caption&quot;:&quot;20220526-29- Vatertagstour 2022&quot;,&quot;itemprop&quot;:&quot;image&quot;},{&quot;src&quot;:&quot;https:\\\/\\\/i0.wp.com\\\/rninet-scrambler.com\\\/wp-content\\\/uploads\\\/2022\\\/06\\\/IMG_2659-scaled.jpeg?fit=1920%2C2560\\u0026ssl=1&quot;,&quot;id&quot;:&quot;1328&quot;,&quot;title&quot;:&quot;IMG_2659&quot;,&quot;alt&quot;:&quot;20220526-29- Vatertagstour 2022&quot;,&quot;caption&quot;:&quot;20220526-29- Vatertagstour 2022&quot;,&quot;itemprop&quot;:&quot;image&quot;},{&quot;src&quot;:&quot;https:\\\/\\\/i0.wp.com\\\/rninet-scrambler.com\\\/wp-content\\\/uploads\\\/2022\\\/06\\\/IMG_0604-scaled.jpeg?fit=1923%2C2560\\u0026ssl=1&quot;,&quot;id&quot;:&quot;1358&quot;,&quot;title&quot;:&quot;IMG_0604&quot;,&quot;alt&quot;:&quot;20220526-29- Vatertagstour 2022&quot;,&quot;caption&quot;:&quot;20220526-29- Vatertagstour 2022&quot;,&quot;itemprop&quot;:&quot;image&quot;},{&quot;src&quot;:&quot;https:\\\/\\\/i0.wp.com\\\/rninet-scrambler.com\\\/wp-content\\\/uploads\\\/2022\\\/06\\\/IMG_0607-scaled.jpeg?fit=2560%2C1923\\u0026ssl=1&quot;,&quot;id&quot;:&quot;1359&quot;,&quot;title&quot;:&quot;IMG_0607&quot;,&quot;alt&quot;:&quot;20220526-29- Vatertagstour 2022&quot;,&quot;caption&quot;:&quot;20220526-29- Vatertagstour 2022&quot;,&quot;itemprop&quot;:&quot;image&quot;},{&quot;src&quot;:&quot;https:\\\/\\\/i0.wp.com\\\/rninet-scrambler.com\\\/wp-content\\\/uploads\\\/2022\\\/06\\\/IMG_2656-scaled.jpeg?fit=2560%2C1920\\u0026ssl=1&quot;,&quot;id&quot;:&quot;1325&quot;,&quot;title&quot;:&quot;IMG_2656&quot;,&quot;alt&quot;:&quot;20220526-29- Vatertagstour 2022&quot;,&quot;caption&quot;:&quot;20220526-29- Vatertagstour 2022&quot;,&quot;itemprop&quot;:&quot;image&quot;},{&quot;src&quot;:&quot;https:\\\/\\\/i0.wp.com\\\/rninet-scrambler.com\\\/wp-content\\\/uploads\\\/2022\\\/06\\\/IMG_0589-scaled.jpeg?fit=2560%2C1920\\u0026ssl=1&quot;,&quot;id&quot;:&quot;1354&quot;,&quot;title&quot;:&quot;IMG_0589&quot;,&quot;alt&quot;:&quot;20220526-29- Vatertagstour 2022&quot;,&quot;caption&quot;:&quot;20220526-29- Vatertagstour 2022&quot;,&quot;itemprop&quot;:&quot;image&quot;},{&quot;src&quot;:&quot;https:\\\/\\\/i0.wp.com\\\/rninet-scrambler.com\\\/wp-content\\\/uploads\\\/2022\\\/06\\\/IMG_0593-scaled.jpeg?fit=1920%2C2560\\u0026ssl=1&quot;,&quot;id&quot;:&quot;1356&quot;,&quot;title&quot;:&quot;IMG_0593&quot;,&quot;alt&quot;:&quot;20220526-29- Vatertagstour 2022&quot;,&quot;caption&quot;:&quot;20220526-29- Vatertagstour 2022&quot;,&quot;itemprop&quot;:&quot;image&quot;},{&quot;src&quot;:&quot;https:\\\/\\\/i0.wp.com\\\/rninet-scrambler.com\\\/wp-content\\\/uploads\\\/2022\\\/06\\\/IMG_2646-scaled.jpeg?fit=2560%2C1920\\u0026ssl=1&quot;,&quot;id&quot;:&quot;1321&quot;,&quot;title&quot;:&quot;IMG_2646&quot;,&quot;alt&quot;:&quot;20220526-29- Vatertagstour 2022&quot;,&quot;caption&quot;:&quot;20220526-29- Vatertagstour 2022&quot;,&quot;itemprop&quot;:&quot;image&quot;},{&quot;src&quot;:&quot;https:\\\/\\\/i0.wp.com\\\/rninet-scrambler.com\\\/wp-content\\\/uploads\\\/2022\\\/06\\\/IMG_0621-scaled.jpeg?fit=1920%2C2560\\u0026ssl=1&quot;,&quot;id&quot;:&quot;1374&quot;,&quot;title&quot;:&quot;IMG_0621&quot;,&quot;alt&quot;:&quot;20220526-29- Vatertagstour 2022&quot;,&quot;caption&quot;:&quot;20220526-29- Vatertagstour 2022&quot;,&quot;itemprop&quot;:&quot;image&quot;},{&quot;src&quot;:&quot;https:\\\/\\\/i0.wp.com\\\/rninet-scrambler.com\\\/wp-content\\\/uploads\\\/2022\\\/06\\\/IMG_0623-scaled.jpeg?fit=1920%2C2560\\u0026ssl=1&quot;,&quot;id&quot;:&quot;1376&quot;,&quot;title&quot;:&quot;IMG_0623&quot;,&quot;alt&quot;:&quot;20220526-29- Vatertagstour 2022&quot;,&quot;caption&quot;:&quot;20220526-29- Vatertagstour 2022&quot;,&quot;itemprop&quot;:&quot;image&quot;},{&quot;src&quot;:&quot;https:\\\/\\\/i0.wp.com\\\/rninet-scrambler.com\\\/wp-content\\\/uploads\\\/2022\\\/06\\\/IMG_0560-scaled.jpeg?fit=1920%2C2560\\u0026ssl=1&quot;,&quot;id&quot;:&quot;1342&quot;,&quot;title&quot;:&quot;IMG_0560&quot;,&quot;alt&quot;:&quot;20220526-29- Vatertagstour 2022&quot;,&quot;caption&quot;:&quot;20220526-29- Vatertagstour 2022&quot;,&quot;itemprop&quot;:&quot;image&quot;},{&quot;src&quot;:&quot;https:\\\/\\\/i0.wp.com\\\/rninet-scrambler.com\\\/wp-content\\\/uploads\\\/2022\\\/06\\\/IMG_0618-scaled.jpeg?fit=1920%2C2560\\u0026ssl=1&quot;,&quot;id&quot;:&quot;1371&quot;,&quot;title&quot;:&quot;IMG_0618&quot;,&quot;alt&quot;:&quot;20220526-29- Vatertagstour 2022&quot;,&quot;caption&quot;:&quot;20220526-29- Vatertagstour 2022&quot;,&quot;itemprop&quot;:&quot;image&quot;},{&quot;src&quot;:&quot;https:\\\/\\\/i0.wp.com\\\/rninet-scrambler.com\\\/wp-content\\\/uploads\\\/2022\\\/06\\\/IMG_0612-scaled.jpeg?fit=1920%2C2560\\u0026ssl=1&quot;,&quot;id&quot;:&quot;1365&quot;,&quot;title&quot;:&quot;IMG_0612&quot;,&quot;alt&quot;:&quot;20220526-29- Vatertagstour 2022&quot;,&quot;caption&quot;:&quot;20220526-29- Vatertagstour 2022&quot;,&quot;itemprop&quot;:&quot;image&quot;},{&quot;src&quot;:&quot;https:\\\/\\\/i0.wp.com\\\/rninet-scrambler.com\\\/wp-content\\\/uploads\\\/2022\\\/06\\\/IMG_0614-scaled.jpeg?fit=1920%2C2560\\u0026ssl=1&quot;,&quot;id&quot;:&quot;1367&quot;,&quot;title&quot;:&quot;IMG_0614&quot;,&quot;alt&quot;:&quot;20220526-29- Vatertagstour 2022&quot;,&quot;caption&quot;:&quot;20220526-29- Vatertagstour 2022&quot;,&quot;itemprop&quot;:&quot;image&quot;},{&quot;src&quot;:&quot;https:\\\/\\\/i0.wp.com\\\/rninet-scrambler.com\\\/wp-content\\\/uploads\\\/2022\\\/06\\\/IMG_2649-scaled.jpeg?fit=1920%2C2560\\u0026ssl=1&quot;,&quot;id&quot;:&quot;1323&quot;,&quot;title&quot;:&quot;IMG_2649&quot;,&quot;alt&quot;:&quot;20220526-29- Vatertagstour 2022&quot;,&quot;caption&quot;:&quot;20220526-29- Vatertagstour 2022&quot;,&quot;itemprop&quot;:&quot;image&quot;},{&quot;src&quot;:&quot;https:\\\/\\\/i0.wp.com\\\/rninet-scrambler.com\\\/wp-content\\\/uploads\\\/2022\\\/06\\\/IMG_0617-scaled.jpeg?fit=1920%2C2560\\u0026ssl=1&quot;,&quot;id&quot;:&quot;1370&quot;,&quot;title&quot;:&quot;IMG_0617&quot;,&quot;alt&quot;:&quot;20220526-29- Vatertagstour 2022&quot;,&quot;caption&quot;:&quot;20220526-29- Vatertagstour 2022&quot;,&quot;itemprop&quot;:&quot;image&quot;},{&quot;src&quot;:&quot;https:\\\/\\\/i0.wp.com\\\/rninet-scrambler.com\\\/wp-content\\\/uploads\\\/2022\\\/06\\\/IMG_0606-scaled.jpeg?fit=2560%2C1923\\u0026ssl=1&quot;,&quot;id&quot;:&quot;1360&quot;,&quot;title&quot;:&quot;IMG_0606&quot;,&quot;alt&quot;:&quot;20220526-29- Vatertagstour 2022&quot;,&quot;caption&quot;:&quot;20220526-29- Vatertagstour 2022&quot;,&quot;itemprop&quot;:&quot;image&quot;},{&quot;src&quot;:&quot;https:\\\/\\\/i0.wp.com\\\/rninet-scrambler.com\\\/wp-content\\\/uploads\\\/2022\\\/06\\\/IMG_2648-scaled.jpeg?fit=2560%2C1920\\u0026ssl=1&quot;,&quot;id&quot;:&quot;1322&quot;,&quot;title&quot;:&quot;IMG_2648&quot;,&quot;alt&quot;:&quot;20220526-29- Vatertagstour 2022&quot;,&quot;caption&quot;:&quot;20220526-29- Vatertagstour 2022&quot;,&quot;itemprop&quot;:&quot;image&quot;},{&quot;src&quot;:&quot;https:\\\/\\\/i0.wp.com\\\/rninet-scrambler.com\\\/wp-content\\\/uploads\\\/2022\\\/06\\\/IMG_0583-scaled.jpeg?fit=2560%2C1920\\u0026ssl=1&quot;,&quot;id&quot;:&quot;1351&quot;,&quot;title&quot;:&quot;IMG_0583&quot;,&quot;alt&quot;:&quot;20220526-29- Vatertagstour 2022&quot;,&quot;caption&quot;:&quot;20220526-29- Vatertagstour 2022&quot;,&quot;itemprop&quot;:&quot;image&quot;},{&quot;src&quot;:&quot;https:\\\/\\\/i0.wp.com\\\/rninet-scrambler.com\\\/wp-content\\\/uploads\\\/2022\\\/06\\\/IMG_0626-scaled.jpeg?fit=2560%2C1920\\u0026ssl=1&quot;,&quot;id&quot;:&quot;1379&quot;,&quot;title&quot;:&quot;IMG_0626&quot;,&quot;alt&quot;:&quot;20220526-29- Vatertagstour 2022&quot;,&quot;caption&quot;:&quot;20220526-29- Vatertagstour 2022&quot;,&quot;itemprop&quot;:&quot;image&quot;},{&quot;src&quot;:&quot;https:\\\/\\\/i0.wp.com\\\/rninet-scrambler.com\\\/wp-content\\\/uploads\\\/2022\\\/06\\\/IMG_0563-scaled.jpeg?fit=1923%2C2560\\u0026ssl=1&quot;,&quot;id&quot;:&quot;1345&quot;,&quot;title&quot;:&quot;IMG_0563&quot;,&quot;alt&quot;:&quot;20220526-29- Vatertagstour 2022&quot;,&quot;caption&quot;:&quot;20220526-29- Vatertagstour 2022&quot;,&quot;itemprop&quot;:&quot;image&quot;},{&quot;src&quot;:&quot;https:\\\/\\\/i0.wp.com\\\/rninet-scrambler.com\\\/wp-content\\\/uploads\\\/2022\\\/06\\\/IMG_0578-scaled.jpg?fit=1923%2C2560\\u0026ssl=1&quot;,&quot;id&quot;:&quot;1349&quot;,&quot;title&quot;:&quot;IMG_0578&quot;,&quot;alt&quot;:&quot;20220526-29- Vatertagstour 2022&quot;,&quot;caption&quot;:&quot;20220526-29- Vatertagstour 2022&quot;,&quot;itemprop&quot;:&quot;image&quot;},{&quot;src&quot;:&quot;https:\\\/\\\/i0.wp.com\\\/rninet-scrambler.com\\\/wp-content\\\/uploads\\\/2022\\\/06\\\/IMG_2658-scaled.jpeg?fit=2560%2C1920\\u0026ssl=1&quot;,&quot;id&quot;:&quot;1327&quot;,&quot;title&quot;:&quot;IMG_2658&quot;,&quot;alt&quot;:&quot;20220526-29- Vatertagstour 2022&quot;,&quot;caption&quot;:&quot;&quot;,&quot;itemprop&quot;:&quot;image&quot;},{&quot;src&quot;:&quot;https:\\\/\\\/i0.wp.com\\\/rninet-scrambler.com\\\/wp-content\\\/uploads\\\/2022\\\/06\\\/IMG_0594-scaled.jpeg?fit=1920%2C2560\\u0026ssl=1&quot;,&quot;id&quot;:&quot;1357&quot;,&quot;title&quot;:&quot;IMG_0594&quot;,&quot;alt&quot;:&quot;20220526-29- Vatertagstour 2022&quot;,&quot;caption&quot;:&quot;20220526-29- Vatertagstour 2022&quot;,&quot;itemprop&quot;:&quot;image&quot;},{&quot;src&quot;:&quot;https:\\\/\\\/i0.wp.com\\\/rninet-scrambler.com\\\/wp-content\\\/uploads\\\/2022\\\/06\\\/IMG_2691-scaled.jpeg?fit=1920%2C2560\\u0026ssl=1&quot;,&quot;id&quot;:&quot;1381&quot;,&quot;title&quot;:&quot;IMG_2691&quot;,&quot;alt&quot;:&quot;20220529 - Rock Antenne 2022&quot;,&quot;caption&quot;:&quot;20220529 \\u0026#8211; Rock Antenne 2022&quot;,&quot;itemprop&quot;:&quot;image&quot;},{&quot;src&quot;:&quot;https:\\\/\\\/i0.wp.com\\\/rninet-scrambler.com\\\/wp-content\\\/uploads\\\/2022\\\/06\\\/IMG_0561-scaled.jpeg?fit=1920%2C2560\\u0026ssl=1&quot;,&quot;id&quot;:&quot;1343&quot;,&quot;title&quot;:&quot;IMG_0561&quot;,&quot;alt&quot;:&quot;20220526-29- Vatertagstour 2022&quot;,&quot;caption&quot;:&quot;20220526-29- Vatertagstour 2022&quot;,&quot;itemprop&quot;:&quot;image&quot;},{&quot;src&quot;:&quot;https:\\\/\\\/i0.wp.com\\\/rninet-scrambler.com\\\/wp-content\\\/uploads\\\/2022\\\/06\\\/IMG_2678-scaled.jpeg?fit=2560%2C1920\\u0026ssl=1&quot;,&quot;id&quot;:&quot;1332&quot;,&quot;title&quot;:&quot;IMG_2678&quot;,&quot;alt&quot;:&quot;20220526-29- Vatertagstour 2022&quot;,&quot;caption&quot;:&quot;20220526-29- Vatertagstour 2022&quot;,&quot;itemprop&quot;:&quot;image&quot;},{&quot;src&quot;:&quot;https:\\\/\\\/i0.wp.com\\\/rninet-scrambler.com\\\/wp-content\\\/uploads\\\/2022\\\/06\\\/IMG_0625-scaled.jpeg?fit=2560%2C1920\\u0026ssl=1&quot;,&quot;id&quot;:&quot;1378&quot;,&quot;title&quot;:&quot;IMG_0625&quot;,&quot;alt&quot;:&quot;20220526-29- Vatertagstour 2022&quot;,&quot;caption&quot;:&quot;20220526-29- Vatertagstour 2022&quot;,&quot;itemprop&quot;:&quot;image&quot;},{&quot;src&quot;:&quot;https:\\\/\\\/i0.wp.com\\\/rninet-scrambler.com\\\/wp-content\\\/uploads\\\/2022\\\/06\\\/IMG_2657-scaled.jpeg?fit=1920%2C2560\\u0026ssl=1&quot;,&quot;id&quot;:&quot;1326&quot;,&quot;title&quot;:&quot;IMG_2657&quot;,&quot;alt&quot;:&quot;20220526-29- Vatertagstour 2022&quot;,&quot;caption&quot;:&quot;20220526-29- Vatertagstour 2022&quot;,&quot;itemprop&quot;:&quot;image&quot;},{&quot;src&quot;:&quot;https:\\\/\\\/i0.wp.com\\\/rninet-scrambler.com\\\/wp-content\\\/uploads\\\/2022\\\/06\\\/IMG_0622-scaled.jpeg?fit=1920%2C2560\\u0026ssl=1&quot;,&quot;id&quot;:&quot;1375&quot;,&quot;title&quot;:&quot;IMG_0622&quot;,&quot;alt&quot;:&quot;20220526-29- Vatertagstour 2022&quot;,&quot;caption&quot;:&quot;20220526-29- Vatertagstour 2022&quot;,&quot;itemprop&quot;:&quot;image&quot;},{&quot;src&quot;:&quot;https:\\\/\\\/i0.wp.com\\\/rninet-scrambler.com\\\/wp-content\\\/uploads\\\/2022\\\/06\\\/IMG_0585-scaled.jpeg?fit=1920%2C2560\\u0026ssl=1&quot;,&quot;id&quot;:&quot;1352&quot;,&quot;title&quot;:&quot;IMG_0585&quot;,&quot;alt&quot;:&quot;20220526-29- Vatertagstour 2022&quot;,&quot;caption&quot;:&quot;20220526-29- Vatertagstour 2022&quot;,&quot;itemprop&quot;:&quot;image&quot;},{&quot;src&quot;:&quot;https:\\\/\\\/i0.wp.com\\\/rninet-scrambler.com\\\/wp-content\\\/uploads\\\/2022\\\/06\\\/IMG_0567-scaled.jpeg?fit=1923%2C2560\\u0026ssl=1&quot;,&quot;id&quot;:&quot;1346&quot;,&quot;title&quot;:&quot;IMG_0567&quot;,&quot;alt&quot;:&quot;20220526-29- Vatertagstour 2022&quot;,&quot;caption&quot;:&quot;20220526-29- Vatertagstour 2022&quot;,&quot;itemprop&quot;:&quot;image&quot;},{&quot;src&quot;:&quot;https:\\\/\\\/i0.wp.com\\\/rninet-scrambler.com\\\/wp-content\\\/uploads\\\/2022\\\/06\\\/2022-Vatertagstour-Rockantenne-Motorradtour.png?fit=1044%2C1446\\u0026ssl=1&quot;,&quot;id&quot;:&quot;1414&quot;,&quot;title&quot;:&quot;2022 Vatertagstour Rockantenne Motorradtour&quot;,&quot;alt&quot;:&quot;20220526-29- Vatertagstour 2022&quot;,&quot;caption&quot;:&quot;20220526-29- Vatertagstour 2022&quot;,&quot;itemprop&quot;:&quot;image&quot;},{&quot;src&quot;:&quot;https:\\\/\\\/i0.wp.com\\\/rninet-scrambler.com\\\/wp-content\\\/uploads\\\/2022\\\/06\\\/IMG_0620-scaled.jpeg?fit=1920%2C2560\\u0026ssl=1&quot;,&quot;id&quot;:&quot;1373&quot;,&quot;title&quot;:&quot;IMG_0620&quot;,&quot;alt&quot;:&quot;20220526-29- Vatertagstour 2022&quot;,&quot;caption&quot;:&quot;20220526-29- Vatertagstour 2022&quot;,&quot;itemprop&quot;:&quot;image&quot;},{&quot;src&quot;:&quot;https:\\\/\\\/i0.wp.com\\\/rninet-scrambler.com\\\/wp-content\\\/uploads\\\/2022\\\/06\\\/IMG_2645-scaled.jpeg?fit=2560%2C1920\\u0026ssl=1&quot;,&quot;id&quot;:&quot;1320&quot;,&quot;title&quot;:&quot;IMG_2645&quot;,&quot;alt&quot;:&quot;20220526-29- Vatertagstour 2022&quot;,&quot;caption&quot;:&quot;20220526-29- Vatertagstour 2022&quot;,&quot;itemprop&quot;:&quot;image&quot;},{&quot;src&quot;:&quot;https:\\\/\\\/i0.wp.com\\\/rninet-scrambler.com\\\/wp-content\\\/uploads\\\/2022\\\/06\\\/IMG_2748-scaled.jpeg?fit=1920%2C2560\\u0026ssl=1&quot;,&quot;id&quot;:&quot;1415&quot;,&quot;title&quot;:&quot;IMG_2748&quot;,&quot;alt&quot;:&quot;20220526-29- Vatertagstour 2022&quot;,&quot;caption&quot;:&quot;20220526-29- Vatertagstour 2022&quot;,&quot;itemprop&quot;:&quot;image&quot;},{&quot;src&quot;:&quot;https:\\\/\\\/i0.wp.com\\\/rninet-scrambler.com\\\/wp-content\\\/uploads\\\/2022\\\/06\\\/IMG_0619-scaled.jpeg?fit=1920%2C2560\\u0026ssl=1&quot;,&quot;id&quot;:&quot;1372&quot;,&quot;title&quot;:&quot;IMG_0619&quot;,&quot;alt&quot;:&quot;20220526-29- Vatertagstour 2022&quot;,&quot;caption&quot;:&quot;20220526-29- Vatertagstour 2022&quot;,&quot;itemprop&quot;:&quot;image&quot;},{&quot;src&quot;:&quot;https:\\\/\\\/i0.wp.com\\\/rninet-scrambler.com\\\/wp-content\\\/uploads\\\/2022\\\/06\\\/IMG_0568-scaled.jpeg?fit=1923%2C2560\\u0026ssl=1&quot;,&quot;id&quot;:&quot;1347&quot;,&quot;title&quot;:&quot;IMG_0568&quot;,&quot;alt&quot;:&quot;20220526-29- Vatertagstour 2022&quot;,&quot;caption&quot;:&quot;20220526-29- Vatertagstour 2022&quot;,&quot;itemprop&quot;:&quot;image&quot;},{&quot;src&quot;:&quot;https:\\\/\\\/i0.wp.com\\\/rninet-scrambler.com\\\/wp-content\\\/uploads\\\/2022\\\/06\\\/IMG_0558-scaled.jpeg?fit=2560%2C1920\\u0026ssl=1&quot;,&quot;id&quot;:&quot;1340&quot;,&quot;title&quot;:&quot;IMG_0558&quot;,&quot;alt&quot;:&quot;20220526-29- Vatertagstour 2022&quot;,&quot;caption&quot;:&quot;20220526-29- Vatertagstour 2022&quot;,&quot;itemprop&quot;:&quot;image&quot;},{&quot;src&quot;:&quot;https:\\\/\\\/i0.wp.com\\\/rninet-scrambler.com\\\/wp-content\\\/uploads\\\/2022\\\/06\\\/IMG_0615-scaled.jpeg?fit=1920%2C2560\\u0026ssl=1&quot;,&quot;id&quot;:&quot;1368&quot;,&quot;title&quot;:&quot;IMG_0615&quot;,&quot;alt&quot;:&quot;20220526-29- Vatertagstour 2022&quot;,&quot;caption&quot;:&quot;20220526-29- Vatertagstour 2022&quot;,&quot;itemprop&quot;:&quot;image&quot;},{&quot;src&quot;:&quot;https:\\\/\\\/i0.wp.com\\\/rninet-scrambler.com\\\/wp-content\\\/uploads\\\/2022\\\/06\\\/IMG_0627-scaled.jpeg?fit=1920%2C2560\\u0026ssl=1&quot;,&quot;id&quot;:&quot;1380&quot;,&quot;title&quot;:&quot;IMG_0627&quot;,&quot;alt&quot;:&quot;20220526-29- Vatertagstour 2022&quot;,&quot;caption&quot;:&quot;20220526-29- Vatertagstour 2022&quot;,&quot;itemprop&quot;:&quot;image&quot;},{&quot;src&quot;:&quot;https:\\\/\\\/i0.wp.com\\\/rninet-scrambler.com\\\/wp-content\\\/uploads\\\/2022\\\/06\\\/IMG_0608-scaled.jpeg?fit=2560%2C1923\\u0026ssl=1&quot;,&quot;id&quot;:&quot;1361&quot;,&quot;title&quot;:&quot;IMG_0608&quot;,&quot;alt&quot;:&quot;20220526-29- Vatertagstour 2022&quot;,&quot;caption&quot;:&quot;20220526-29- Vatertagstour 2022&quot;,&quot;itemprop&quot;:&quot;image&quot;},{&quot;src&quot;:&quot;https:\\\/\\\/i0.wp.com\\\/rninet-scrambler.com\\\/wp-content\\\/uploads\\\/2022\\\/06\\\/IMG_0586-scaled.jpeg?fit=1920%2C2560\\u0026ssl=1&quot;,&quot;id&quot;:&quot;1353&quot;,&quot;title&quot;:&quot;IMG_0586&quot;,&quot;alt&quot;:&quot;20220526-29- Vatertagstour 2022&quot;,&quot;caption&quot;:&quot;20220526-29- Vatertagstour 2022&quot;,&quot;itemprop&quot;:&quot;image&quot;},{&quot;src&quot;:&quot;https:\\\/\\\/i0.wp.com\\\/rninet-scrambler.com\\\/wp-content\\\/uploads\\\/2022\\\/06\\\/IMG_0609-scaled.jpeg?fit=2560%2C1923\\u0026ssl=1&quot;,&quot;id&quot;:&quot;1362&quot;,&quot;title&quot;:&quot;IMG_0609&quot;,&quot;alt&quot;:&quot;20220526-29- Vatertagstour 2022&quot;,&quot;caption&quot;:&quot;20220526-29- Vatertagstour 2022&quot;,&quot;itemprop&quot;:&quot;image&quot;},{&quot;src&quot;:&quot;https:\\\/\\\/i0.wp.com\\\/rninet-scrambler.com\\\/wp-content\\\/uploads\\\/2022\\\/06\\\/IMG_2655-scaled.jpeg?fit=2560%2C1920\\u0026ssl=1&quot;,&quot;id&quot;:&quot;1324&quot;,&quot;title&quot;:&quot;IMG_2655&quot;,&quot;alt&quot;:&quot;20220526-29- Vatertagstour 2022&quot;,&quot;caption&quot;:&quot;20220526-29- Vatertagstour 2022&quot;,&quot;itemprop&quot;:&quot;image&quot;},{&quot;src&quot;:&quot;https:\\\/\\\/i0.wp.com\\\/rninet-scrambler.com\\\/wp-content\\\/uploads\\\/2022\\\/06\\\/IMG_0610-scaled.jpeg?fit=1920%2C2560\\u0026ssl=1&quot;,&quot;id&quot;:&quot;1363&quot;,&quot;title&quot;:&quot;IMG_0610&quot;,&quot;alt&quot;:&quot;20220526-29- Vatertagstour 2022&quot;,&quot;caption&quot;:&quot;20220526-29- Vatertagstour 2022&quot;,&quot;itemprop&quot;:&quot;image&quot;}]\" itemscope itemtype=\"https:\/\/schema.org\/ImageGallery\"><\/div>\n","protected":false},"excerpt":{"rendered":"<p>Angek\u00fcndigt zuhause das es sein kann das es bei gutem Wetter auf Tour geht habe ich schon als ich Spekulatius gegessen habe. Jetzt ist es soweit Vatertag, morgens 6 Uhr, als ich auf die Wetterkarte geschaut und mich f\u00fcr eine Tour durch die Republik entschieden habe. Was ist machbar mit verschiedenen Wettermodellen? Th\u00fcringer Wald? NRW &hellip; <\/p>\n<p class=\"link-more\"><a href=\"https:\/\/rninet-scrambler.com\/?page_id=1382\" class=\"more-link\"><span class=\"screen-reader-text\">\u201e2022 &#8211; Vatertagstour und Rock Antenne Motorradtour 2022\u201c <\/span>weiterlesen<\/a><\/p>\n","protected":false},"author":1,"featured_media":0,"parent":1211,"menu_order":0,"comment_status":"closed","ping_status":"closed","template":"","meta":{"jetpack_post_was_ever_published":false,"footnotes":""},"class_list":["post-1382","page","type-page","status-publish","hentry"],"jetpack_likes_enabled":true,"jetpack_shortlink":"https:\/\/wp.me\/PdiVqQ-mi","jetpack_sharing_enabled":true,"_links":{"self":[{"href":"https:\/\/rninet-scrambler.com\/index.php?rest_route=\/wp\/v2\/pages\/1382","targetHints":{"allow":["GET"]}}],"collection":[{"href":"https:\/\/rninet-scrambler.com\/index.php?rest_route=\/wp\/v2\/pages"}],"about":[{"href":"https:\/\/rninet-scrambler.com\/index.php?rest_route=\/wp\/v2\/types\/page"}],"author":[{"embeddable":true,"href":"https:\/\/rninet-scrambler.com\/index.php?rest_route=\/wp\/v2\/users\/1"}],"replies":[{"embeddable":true,"href":"https:\/\/rninet-scrambler.com\/index.php?rest_route=%2Fwp%2Fv2%2Fcomments&post=1382"}],"version-history":[{"count":0,"href":"https:\/\/rninet-scrambler.com\/index.php?rest_route=\/wp\/v2\/pages\/1382\/revisions"}],"up":[{"embeddable":true,"href":"https:\/\/rninet-scrambler.com\/index.php?rest_route=\/wp\/v2\/pages\/1211"}],"wp:attachment":[{"href":"https:\/\/rninet-scrambler.com\/index.php?rest_route=%2Fwp%2Fv2%2Fmedia&parent=1382"}],"curies":[{"name":"wp","href":"https:\/\/api.w.org\/{rel}","templated":true}]}}