{"id":1002,"date":"2019-07-21T07:47:10","date_gmt":"2019-07-21T06:47:10","guid":{"rendered":"http:\/\/rninet-scrambler.com\/?page_id=1002"},"modified":"2025-02-15T12:52:50","modified_gmt":"2025-02-15T11:52:50","slug":"2019-thueringer-rostbratwurst-in-thueringen-essen-tour","status":"publish","type":"page","link":"https:\/\/rninet-scrambler.com\/?page_id=1002","title":{"rendered":"2019 &#8211; Th\u00fcringer Rostbratwurst in Th\u00fcringen essen Tour"},"content":{"rendered":"<p>Wetter passte und auch zeitlich hat alles zusammen gespielt und so bin ich ganz fr\u00fch auf die Maschine um eine Rostbratwurst in Th\u00fcringen zu essen.<\/p>\n<p>Fr\u00fchst\u00fcck Stopp in Altdorf &#8230;. wie immer eigentlich&#8230;.. und weiter geht es Richtung Regensburg. Kurz vor der B15n sehe ich ein KTM Fahrer and er Bushaltestelle und frag ob ich helfen kann. Dankend nimmt er es an und ruft seine Frau an die die defekte Maschine und ihn abholen soll.<\/p>\n<p>Gute Tat vollbracht f\u00fcr heute&#8230;.<\/p>\n<p>Burglengenfeld Streife ich und an der Vilsquelle tanke ich meine Wasserflasche auf. Super lecker und so sch\u00f6n k\u00fchl&#8230;. auf dem R\u00fcckweg muss ich hier nochmal vorbei&#8230;.. durchs Fichtelgebirge auf 777 Meter abk\u00fchlen geht es \u00fcber den Frankenwald nach Bad Lobenstein. Leider war die Zeit zu knapp und es soll ein Unwetter aufkommen und so bin ich nach einer halben trocknen Scheibebrot und 10 Minuten fachsimpeln vorm Kurpark wieder zur\u00fcck nach Hause.<br \/>\nGute 666km waren es heute \ud83d\ude09<\/p>\n<p>Linke Hand zum Gru\u00df<br \/>\nEuer Jens<\/p>\n<p>\u2014\u2014<\/p>\n<p><a href=\"http:\/\/www.rninet-scrambler.de\/\">www.RnineT-Scrambler.de<\/a><br \/>\n<a href=\"http:\/\/www.rninet-scrambler.com\/\">www.RnineT-Scrambler.com<\/a><br \/>\n<a href=\"http:\/\/www.f800gsontour.de\/\">www.F800GSonTour.de<\/a><br \/>\n<a href=\"http:\/\/www.jensontour.de\/\">www.JensonTour.de<\/a><\/p>\n<p>#F800GSonTour #warumichmotorradfahre #BMWF800GS #F800GS<br \/>\n#RnineTScrambler #RnineT-Scrambler<br \/>\n#RnineT_Scrambler<\/p>\n<p>https:\/\/calimoto.com\/calimotour\/tour-vom-2019-07-20-t-WzR5q2IWTn<\/p>\n<p class=\"jetpack-slideshow-noscript robots-nocontent\">Diese Diashow ben\u00f6tigt JavaScript.<\/p><div id=\"gallery-1002-1-slideshow\" class=\"jetpack-slideshow-window jetpack-slideshow jetpack-slideshow-black\" data-trans=\"fade\" data-autostart=\"1\" data-gallery=\"[{&quot;src&quot;:&quot;https:\\\/\\\/i0.wp.com\\\/rninet-scrambler.com\\\/wp-content\\\/uploads\\\/2021\\\/08\\\/IMG_5359-scaled.jpeg?fit=1920%2C2560\\u0026ssl=1&quot;,&quot;id&quot;:&quot;1008&quot;,&quot;title&quot;:&quot;IMG_5359&quot;,&quot;alt&quot;:&quot;20190720 - Th\\u00fcringer Rostbratwurst in Th\\u00fcringen essen Tour&quot;,&quot;caption&quot;:&quot;20190720 \\u0026#8211; Th\\u00fcringer Rostbratwurst in Th\\u00fcringen essen Tour&quot;,&quot;itemprop&quot;:&quot;image&quot;},{&quot;src&quot;:&quot;https:\\\/\\\/i0.wp.com\\\/rninet-scrambler.com\\\/wp-content\\\/uploads\\\/2021\\\/08\\\/IMG_5363-scaled.jpeg?fit=1920%2C2560\\u0026ssl=1&quot;,&quot;id&quot;:&quot;1012&quot;,&quot;title&quot;:&quot;IMG_5363&quot;,&quot;alt&quot;:&quot;20190720 - Th\\u00fcringer Rostbratwurst in Th\\u00fcringen essen Tour&quot;,&quot;caption&quot;:&quot;20190720 \\u0026#8211; Th\\u00fcringer Rostbratwurst in Th\\u00fcringen essen Tour&quot;,&quot;itemprop&quot;:&quot;image&quot;},{&quot;src&quot;:&quot;https:\\\/\\\/i0.wp.com\\\/rninet-scrambler.com\\\/wp-content\\\/uploads\\\/2021\\\/08\\\/IMG_5358-scaled.jpeg?fit=1920%2C2560\\u0026ssl=1&quot;,&quot;id&quot;:&quot;1007&quot;,&quot;title&quot;:&quot;IMG_5358&quot;,&quot;alt&quot;:&quot;20190720 - Th\\u00fcringer Rostbratwurst in Th\\u00fcringen essen Tour&quot;,&quot;caption&quot;:&quot;20190720 \\u0026#8211; Th\\u00fcringer Rostbratwurst in Th\\u00fcringen essen Tour&quot;,&quot;itemprop&quot;:&quot;image&quot;},{&quot;src&quot;:&quot;https:\\\/\\\/i0.wp.com\\\/rninet-scrambler.com\\\/wp-content\\\/uploads\\\/2021\\\/08\\\/IMG_5361-scaled.jpg?fit=1920%2C2560\\u0026ssl=1&quot;,&quot;id&quot;:&quot;1010&quot;,&quot;title&quot;:&quot;IMG_5361&quot;,&quot;alt&quot;:&quot;20190720 - Th\\u00fcringer Rostbratwurst in Th\\u00fcringen essen Tour&quot;,&quot;caption&quot;:&quot;20190720 \\u0026#8211; Th\\u00fcringer Rostbratwurst in Th\\u00fcringen essen Tour&quot;,&quot;itemprop&quot;:&quot;image&quot;},{&quot;src&quot;:&quot;https:\\\/\\\/i0.wp.com\\\/rninet-scrambler.com\\\/wp-content\\\/uploads\\\/2021\\\/08\\\/IMG_5366-scaled.jpeg?fit=1920%2C2560\\u0026ssl=1&quot;,&quot;id&quot;:&quot;1015&quot;,&quot;title&quot;:&quot;IMG_5366&quot;,&quot;alt&quot;:&quot;20190720 - Th\\u00fcringer Rostbratwurst in Th\\u00fcringen essen Tour&quot;,&quot;caption&quot;:&quot;20190720 \\u0026#8211; Th\\u00fcringer Rostbratwurst in Th\\u00fcringen essen Tour&quot;,&quot;itemprop&quot;:&quot;image&quot;},{&quot;src&quot;:&quot;https:\\\/\\\/i0.wp.com\\\/rninet-scrambler.com\\\/wp-content\\\/uploads\\\/2021\\\/08\\\/IMG_5357-scaled.jpeg?fit=1920%2C2560\\u0026ssl=1&quot;,&quot;id&quot;:&quot;1006&quot;,&quot;title&quot;:&quot;IMG_5357&quot;,&quot;alt&quot;:&quot;20190720 - Th\\u00fcringer Rostbratwurst in Th\\u00fcringen essen Tour&quot;,&quot;caption&quot;:&quot;20190720 \\u0026#8211; Th\\u00fcringer Rostbratwurst in Th\\u00fcringen essen Tour&quot;,&quot;itemprop&quot;:&quot;image&quot;},{&quot;src&quot;:&quot;https:\\\/\\\/i0.wp.com\\\/rninet-scrambler.com\\\/wp-content\\\/uploads\\\/2021\\\/08\\\/IMG_5365-scaled.jpeg?fit=1920%2C2560\\u0026ssl=1&quot;,&quot;id&quot;:&quot;1014&quot;,&quot;title&quot;:&quot;IMG_5365&quot;,&quot;alt&quot;:&quot;20190720 - Th\\u00fcringer Rostbratwurst in Th\\u00fcringen essen Tour&quot;,&quot;caption&quot;:&quot;20190720 \\u0026#8211; Th\\u00fcringer Rostbratwurst in Th\\u00fcringen essen Tour&quot;,&quot;itemprop&quot;:&quot;image&quot;},{&quot;src&quot;:&quot;https:\\\/\\\/i0.wp.com\\\/rninet-scrambler.com\\\/wp-content\\\/uploads\\\/2021\\\/08\\\/IMG_5368-scaled.jpeg?fit=1920%2C2560\\u0026ssl=1&quot;,&quot;id&quot;:&quot;1017&quot;,&quot;title&quot;:&quot;IMG_5368&quot;,&quot;alt&quot;:&quot;20190720 - Th\\u00fcringer Rostbratwurst in Th\\u00fcringen essen Tour&quot;,&quot;caption&quot;:&quot;20190720 \\u0026#8211; Th\\u00fcringer Rostbratwurst in Th\\u00fcringen essen Tour&quot;,&quot;itemprop&quot;:&quot;image&quot;},{&quot;src&quot;:&quot;https:\\\/\\\/i0.wp.com\\\/rninet-scrambler.com\\\/wp-content\\\/uploads\\\/2021\\\/08\\\/IMG_5369-scaled.jpeg?fit=1920%2C2560\\u0026ssl=1&quot;,&quot;id&quot;:&quot;1018&quot;,&quot;title&quot;:&quot;IMG_5369&quot;,&quot;alt&quot;:&quot;20190720 - Th\\u00fcringer Rostbratwurst in Th\\u00fcringen essen Tour&quot;,&quot;caption&quot;:&quot;20190720 \\u0026#8211; Th\\u00fcringer Rostbratwurst in Th\\u00fcringen essen Tour&quot;,&quot;itemprop&quot;:&quot;image&quot;},{&quot;src&quot;:&quot;https:\\\/\\\/i0.wp.com\\\/rninet-scrambler.com\\\/wp-content\\\/uploads\\\/2021\\\/08\\\/IMG_5367-scaled.jpeg?fit=1920%2C2560\\u0026ssl=1&quot;,&quot;id&quot;:&quot;1016&quot;,&quot;title&quot;:&quot;IMG_5367&quot;,&quot;alt&quot;:&quot;20190720 - Th\\u00fcringer Rostbratwurst in Th\\u00fcringen essen Tour&quot;,&quot;caption&quot;:&quot;20190720 \\u0026#8211; Th\\u00fcringer Rostbratwurst in Th\\u00fcringen essen Tour&quot;,&quot;itemprop&quot;:&quot;image&quot;},{&quot;src&quot;:&quot;https:\\\/\\\/i0.wp.com\\\/rninet-scrambler.com\\\/wp-content\\\/uploads\\\/2021\\\/08\\\/IMG_5360-scaled.jpeg?fit=1920%2C2560\\u0026ssl=1&quot;,&quot;id&quot;:&quot;1009&quot;,&quot;title&quot;:&quot;IMG_5360&quot;,&quot;alt&quot;:&quot;20190720 - Th\\u00fcringer Rostbratwurst in Th\\u00fcringen essen Tour&quot;,&quot;caption&quot;:&quot;20190720 \\u0026#8211; Th\\u00fcringer Rostbratwurst in Th\\u00fcringen essen Tour&quot;,&quot;itemprop&quot;:&quot;image&quot;},{&quot;src&quot;:&quot;https:\\\/\\\/i0.wp.com\\\/rninet-scrambler.com\\\/wp-content\\\/uploads\\\/2021\\\/08\\\/IMG_5356-scaled.jpeg?fit=2560%2C1920\\u0026ssl=1&quot;,&quot;id&quot;:&quot;1005&quot;,&quot;title&quot;:&quot;IMG_5356&quot;,&quot;alt&quot;:&quot;20190720 - Th\\u00fcringer Rostbratwurst in Th\\u00fcringen essen Tour&quot;,&quot;caption&quot;:&quot;20190720 \\u0026#8211; Th\\u00fcringer Rostbratwurst in Th\\u00fcringen essen Tour&quot;,&quot;itemprop&quot;:&quot;image&quot;},{&quot;src&quot;:&quot;https:\\\/\\\/i0.wp.com\\\/rninet-scrambler.com\\\/wp-content\\\/uploads\\\/2021\\\/08\\\/IMG_5372-scaled.jpeg?fit=1920%2C2560\\u0026ssl=1&quot;,&quot;id&quot;:&quot;1021&quot;,&quot;title&quot;:&quot;IMG_5372&quot;,&quot;alt&quot;:&quot;20190720 - Th\\u00fcringer Rostbratwurst in Th\\u00fcringen essen Tour&quot;,&quot;caption&quot;:&quot;20190720 \\u0026#8211; Th\\u00fcringer Rostbratwurst in Th\\u00fcringen essen Tour&quot;,&quot;itemprop&quot;:&quot;image&quot;},{&quot;src&quot;:&quot;https:\\\/\\\/i0.wp.com\\\/rninet-scrambler.com\\\/wp-content\\\/uploads\\\/2021\\\/08\\\/IMG_5371-scaled.jpeg?fit=1920%2C2560\\u0026ssl=1&quot;,&quot;id&quot;:&quot;1020&quot;,&quot;title&quot;:&quot;IMG_5371&quot;,&quot;alt&quot;:&quot;20190720 - Th\\u00fcringer Rostbratwurst in Th\\u00fcringen essen Tour&quot;,&quot;caption&quot;:&quot;20190720 \\u0026#8211; Th\\u00fcringer Rostbratwurst in Th\\u00fcringen essen Tour&quot;,&quot;itemprop&quot;:&quot;image&quot;},{&quot;src&quot;:&quot;https:\\\/\\\/i0.wp.com\\\/rninet-scrambler.com\\\/wp-content\\\/uploads\\\/2021\\\/08\\\/IMG_5370-scaled.jpeg?fit=1920%2C2560\\u0026ssl=1&quot;,&quot;id&quot;:&quot;1019&quot;,&quot;title&quot;:&quot;IMG_5370&quot;,&quot;alt&quot;:&quot;20190720 - Th\\u00fcringer Rostbratwurst in Th\\u00fcringen essen Tour&quot;,&quot;caption&quot;:&quot;20190720 \\u0026#8211; Th\\u00fcringer Rostbratwurst in Th\\u00fcringen essen Tour&quot;,&quot;itemprop&quot;:&quot;image&quot;},{&quot;src&quot;:&quot;https:\\\/\\\/i0.wp.com\\\/rninet-scrambler.com\\\/wp-content\\\/uploads\\\/2021\\\/08\\\/IMG_5362-scaled.jpeg?fit=1920%2C2560\\u0026ssl=1&quot;,&quot;id&quot;:&quot;1011&quot;,&quot;title&quot;:&quot;IMG_5362&quot;,&quot;alt&quot;:&quot;20190720 - Th\\u00fcringer Rostbratwurst in Th\\u00fcringen essen Tour&quot;,&quot;caption&quot;:&quot;20190720 \\u0026#8211; Th\\u00fcringer Rostbratwurst in Th\\u00fcringen essen Tour&quot;,&quot;itemprop&quot;:&quot;image&quot;},{&quot;src&quot;:&quot;https:\\\/\\\/i0.wp.com\\\/rninet-scrambler.com\\\/wp-content\\\/uploads\\\/2021\\\/08\\\/IMG_5373-scaled.jpeg?fit=2560%2C1920\\u0026ssl=1&quot;,&quot;id&quot;:&quot;1022&quot;,&quot;title&quot;:&quot;IMG_5373&quot;,&quot;alt&quot;:&quot;20190720 - Th\\u00fcringer Rostbratwurst in Th\\u00fcringen essen Tour&quot;,&quot;caption&quot;:&quot;20190720 \\u0026#8211; Th\\u00fcringer Rostbratwurst in Th\\u00fcringen essen Tour&quot;,&quot;itemprop&quot;:&quot;image&quot;},{&quot;src&quot;:&quot;https:\\\/\\\/i0.wp.com\\\/rninet-scrambler.com\\\/wp-content\\\/uploads\\\/2021\\\/08\\\/IMG_5355-scaled.jpeg?fit=2560%2C1920\\u0026ssl=1&quot;,&quot;id&quot;:&quot;1004&quot;,&quot;title&quot;:&quot;IMG_5355&quot;,&quot;alt&quot;:&quot;20190720 - Th\\u00fcringer Rostbratwurst in Th\\u00fcringen essen Tour&quot;,&quot;caption&quot;:&quot;20190720 \\u0026#8211; Th\\u00fcringer Rostbratwurst in Th\\u00fcringen essen Tour&quot;,&quot;itemprop&quot;:&quot;image&quot;}]\" itemscope itemtype=\"https:\/\/schema.org\/ImageGallery\"><\/div>\n","protected":false},"excerpt":{"rendered":"<p>Wetter passte und auch zeitlich hat alles zusammen gespielt und so bin ich ganz fr\u00fch auf die Maschine um eine Rostbratwurst in Th\u00fcringen zu essen. Fr\u00fchst\u00fcck Stopp in Altdorf &#8230;. wie immer eigentlich&#8230;.. und weiter geht es Richtung Regensburg. Kurz vor der B15n sehe ich ein KTM Fahrer and er Bushaltestelle und frag ob ich &hellip; <\/p>\n<p class=\"link-more\"><a href=\"https:\/\/rninet-scrambler.com\/?page_id=1002\" class=\"more-link\"><span class=\"screen-reader-text\">\u201e2019 &#8211; Th\u00fcringer Rostbratwurst in Th\u00fcringen essen Tour\u201c <\/span>weiterlesen<\/a><\/p>\n","protected":false},"author":1,"featured_media":0,"parent":331,"menu_order":0,"comment_status":"closed","ping_status":"closed","template":"","meta":{"jetpack_post_was_ever_published":false,"footnotes":""},"class_list":["post-1002","page","type-page","status-publish","hentry"],"jetpack_likes_enabled":true,"jetpack_shortlink":"https:\/\/wp.me\/PdiVqQ-ga","jetpack_sharing_enabled":true,"_links":{"self":[{"href":"https:\/\/rninet-scrambler.com\/index.php?rest_route=\/wp\/v2\/pages\/1002","targetHints":{"allow":["GET"]}}],"collection":[{"href":"https:\/\/rninet-scrambler.com\/index.php?rest_route=\/wp\/v2\/pages"}],"about":[{"href":"https:\/\/rninet-scrambler.com\/index.php?rest_route=\/wp\/v2\/types\/page"}],"author":[{"embeddable":true,"href":"https:\/\/rninet-scrambler.com\/index.php?rest_route=\/wp\/v2\/users\/1"}],"replies":[{"embeddable":true,"href":"https:\/\/rninet-scrambler.com\/index.php?rest_route=%2Fwp%2Fv2%2Fcomments&post=1002"}],"version-history":[{"count":2,"href":"https:\/\/rninet-scrambler.com\/index.php?rest_route=\/wp\/v2\/pages\/1002\/revisions"}],"predecessor-version":[{"id":2870,"href":"https:\/\/rninet-scrambler.com\/index.php?rest_route=\/wp\/v2\/pages\/1002\/revisions\/2870"}],"up":[{"embeddable":true,"href":"https:\/\/rninet-scrambler.com\/index.php?rest_route=\/wp\/v2\/pages\/331"}],"wp:attachment":[{"href":"https:\/\/rninet-scrambler.com\/index.php?rest_route=%2Fwp%2Fv2%2Fmedia&parent=1002"}],"curies":[{"name":"wp","href":"https:\/\/api.w.org\/{rel}","templated":true}]}}